{"id":557,"date":"2020-07-09T13:49:25","date_gmt":"2020-07-09T11:49:25","guid":{"rendered":"https:\/\/agora.xtec.cat\/esc-pompeufabra\/?page_id=557"},"modified":"2026-02-16T09:32:59","modified_gmt":"2026-02-16T08:32:59","slug":"informacio-del-curs","status":"publish","type":"page","link":"https:\/\/agora.xtec.cat\/esc-pompeufabra\/lescola\/informacio-del-curs\/","title":{"rendered":"Informaci\u00f3 del curs"},"content":{"rendered":"<div class=\"page-header\">\n<div class=\"hidefaq\">\n<div id=\"accordion5\" class=\"accordionfaq lightnessfaq defaulticon headerbackground headerborder contentbackground contentborder round5 faq-accordion\">\n<h3 id=\"item22\" class=\"accordionfaqheader accordion5\">CURS 2025-2026<\/h3>\n<\/div>\n<\/div>\n<\/div>\n<div class=\"hidefaq\">\n<div id=\"accordion4\" class=\"accordionfaq lightnessfaq defaulticon headerbackground headerborder contentbackground contentborder round5 faq-accordion\">\n<p id=\"item12\" class=\"accordionfaqheader accordion4\"><span style=\"font-size: 1.4375em; font-weight: bold;\">INFORMACIONS ESCOLA &#8211; FAM\u00cdLIA<\/span><\/p>\n<\/div>\n<\/div>\n<p>Per motius de sostenibilitat la majoria de comunicacions de l\u2019equip docent i de l\u2019AFA us arribaran per l&#8217;app de comunicaci\u00f3 al vostre m\u00f2bil o b\u00e9 les trobareu a la p\u00e0gina web. Comproveu que rebeu la informaci\u00f3. Si no \u00e9s aix\u00ed parleu amb el personal d&#8217;administraci\u00f3.<br \/>\nRecordeu que cada divendres penjarem a la p\u00e0gina web, i us enviarem per l&#8217;aplicaci\u00f3 de comunicaci\u00f3 al vostre tel\u00e8fon, el comunicat amb les activitats i actes de la seg\u00fcent setmana.<\/p>\n<table>\n<tbody>\n<tr>\n<td valign=\"top\">\n<ul>\n<li><strong>Reuni\u00f3 d\u2019aula d\u2019inici de curs<\/strong>: d&#8217;I3 a Sis\u00e8.<\/li>\n<li><strong>Entrevistes<\/strong>: d&#8217;I3 a Sis\u00e8.<\/li>\n<\/ul>\n<\/td>\n<td valign=\"top\">\n<ul>\n<li><strong>Informes<\/strong>: d&#8217;I3 a I5 es far\u00e0 1 anual de Primer a Sis\u00e8 se&#8217;n faran 3.<\/li>\n<li><strong>Notes oficials. Final de curs<\/strong>: de Primer a Sis\u00e8. D&#8217; I3 a I5 no se&#8217;n donen.<\/li>\n<\/ul>\n<\/td>\n<\/tr>\n<\/tbody>\n<\/table>\n<div class=\"hidefaq\">\n<div id=\"accordion2\" class=\"accordionfaq lightnessfaq defaulticon headerbackground headerborder contentbackground contentborder round5 faq-accordion\">\n<p id=\"item9\" class=\"accordionfaqheader accordion2\"><span style=\"font-size: 1.4375em; font-weight: bold;\">NORMES D\u2019ORGANITZACI\u00d3 I FUNCIONAMENT<\/span><\/p>\n<\/div>\n<\/div>\n<div class=\"hidefaq\">\n<p class=\"accordionfaqheader accordion5\"><strong>Avisos i enc\u00e0rrecs:<\/strong><\/p>\n<\/div>\n<p style=\"text-align: justify;\">La comunicaci\u00f3 amb els\/les\u00a0 mestres la podeu fer via oral a l&#8217;entrada i sortida dels vostres infants al cicle de petits i a prim\u00e0ria via agenda escolar.<\/p>\n<div class=\"hidefaq\">\n<p style=\"text-align: justify;\">Per qualsevol av\u00eds urgent o fora d\u2019hores d\u2019entrada us demanem seguiu aquest criteri:<\/p>\n<ul>\n<li style=\"text-align: justify;\">Si fa refer\u00e8ncia a\u00a0<strong>q\u00fcestions escolars<\/strong> truqueu a consergeria al tel\u00e8fon 933 407 697 i el personal d&#8217;administraci\u00f3\u00a0 far\u00e0 arribar l\u2019av\u00eds al mestre\/a.<\/li>\n<li style=\"text-align: justify;\">Si fa refer\u00e8ncia a\u00a0<strong>q\u00fcestions relacionades amb les activitats i serveis de l\u2019AFA<\/strong> truqueu a la Secretaria de l\u2019AFA al 934 086 616.<\/li>\n<\/ul>\n<p><strong>Demandes d&#8217;entrevistes:<\/strong><\/p>\n<p>Les fam\u00edlies concertaran les entrevistes directament amb les tutores o tutors o a trav\u00e9s de l&#8217;agenda o tel\u00e8fon de l&#8217;escola.<\/p>\n<p><strong>Canvi de domicili:<\/strong><\/p>\n<p>En cas de canviar l&#8217;adre\u00e7a del domicili us agrair\u00edem que ho notifiqu\u00e9ssiu el m\u00e9s aviat possible a l&#8217;administrativa de l\u2019escola.<\/p>\n<p><strong>Autoritzacions i drets d&#8217;imatges:<\/strong><\/p>\n<p>Si un infant ha de prendre un medicament, cal portar la recepta m\u00e8dica i omplir l&#8217;autoritzaci\u00f3 amb les dades requerides.<\/p>\n<p>En cas que no es compleixin aquests requisits no ens farem c\u00e0rrec de la medicaci\u00f3.<\/p>\n<\/div>\n<p>Cada curs caldr\u00e0 que les fam\u00edlies <strong>signeu les autoritzacions per a les visites i sortides <\/strong>que es lliuraran durant el mes de setembre.<\/p>\n<p>L\u2019equip de mestres i l\u2019alumnat realitzen fotografies dels moments de la vida a l\u2019escola. Aquestes fotografies tenen una utilitat educativa.<\/p>\n<p>Algunes d\u2019elles formaran part dels reculls d\u2019activitats que s\u2019emporten a casa, altres s\u2019exposen en la p\u00e0gina web de l\u2019escola. \u00c9s per aix\u00f2 que signeu el full d\u2019autoritzaci\u00f3 d\u2019us d\u2019imatges de l\u2019alumne i de material elaborat pels infants.<\/p>\n<p><strong>Les fam\u00edlies noves a l\u2019escola caldr\u00e0 que signeu el full d\u2019autoritzaci\u00f3 de drets d\u2019imatge<\/strong>.<br \/>\nLes altres ja el teniu signat per tota l\u2019escolaritzaci\u00f3 (el podeu modificar sempre que ho desitgeu).<\/p>\n<p><strong>Vestuari:<\/strong><\/p>\n<p>Les bates, tant a Infantil com a Prim\u00e0ria, s&#8217;utilitzaran \u00fanicament per activitats pl\u00e0stiques i tallers.<\/p>\n<ul>\n<li>Tot l&#8217;alumnat del cicle de petits ha de portar una bata a la motxilla.<\/li>\n<li>L\u2019alumnat del cicle del mitjans i dels grans\u00a0 deixar\u00e0 la bata al penjador i se l&#8217;emportaran a casa quan sigui necessari.<\/li>\n<\/ul>\n<p><strong>\u00c9s imprescindible que totes les bates i jaquetes estiguin marcades i tinguin una beta prou llarga, d&#8217;uns 20 cm aproximadament, per penjar-les c\u00f2modament.<\/strong><\/p>\n<p><strong>La roba perduda est\u00e0 classificada a les gavetes dels vest\u00edbul.<\/strong><strong style=\"font-family: inherit; font-size: 1em;\">\u00a0La que no es reculli es portar\u00e0 a un centre per la seva reutilitzaci\u00f3.<\/strong><\/p>\n<h5><strong>Educaci\u00f3 F\u00edsica &#8211; Psicomotricitat &#8211; Piscina Primer<\/strong><\/h5>\n<p>A educaci\u00f3 infantil n\u2019hi ha prou que vinguin vestits amb <strong>roba c\u00f2moda o esportiva, sabates amb veta adherent (velcro) i portin uns mitjons gruixuts antilliscants per fer psicomotricitat<\/strong>.<br \/>\nA\u00a0<strong>prim\u00e0ria<\/strong>, per tal d\u2019educar l\u2019h\u00e0bit d\u2019higiene, els dies que es fa educaci\u00f3 f\u00edsica l&#8217;alumnat ha de portar dins una bossa la roba per a realitzar aquesta activitat:<\/p>\n<ul>\n<li>Pantalons curts.<\/li>\n<li>Samarreta.<\/li>\n<li>Sabatilles esportives i mitjons d&#8217;esport.<\/li>\n<li>Xandall per dies m\u00e9s freds.<\/li>\n<\/ul>\n<p><strong>Si la classe d\u2019educaci\u00f3 f\u00edsica \u00e9s a primera hora podran venir amb la roba d\u2019esport des de casa i portar a la bossa la roba de recanvi<\/strong>.<br \/>\nHaur\u00e0 d&#8217;anar\u00a0<strong>tot marcat amb el nom de l&#8217;infant.<\/strong><\/p>\n<p><strong>Esmorzars<\/strong><\/p>\n<p>\u00c9s recomanable esmorzar b\u00e9 a casa, abans d\u2019anar a l\u2019escola. Un dels principals beneficis que s\u2019atribueixen a aquesta ingesta \u00e9s el de contribuir a una adequada distribuci\u00f3 de l\u2019energia al llarg de la jornada.<\/p>\n<p>A l&#8217;hora d&#8217;esbarjo portaran un petit esmorzar que pot consistir en fruita tallada, fruits secs, cereals, entrep\u00e0 petit, galetes, etc&#8230; (<strong>no portar l\u00e0ctics ni begudes<\/strong>).<\/p>\n<p>Recordeu que\u00a0<strong>l\u2019esmorzar ha de venir dins d\u2019un taper o carmanyola amb el nom<\/strong>, sense paper de plata ni pl\u00e0stic.<\/p>\n<h4>Aportacions econ\u00f2miques curs 2025-2026<\/h4>\n<p><strong>ESCOLA:<\/strong><\/p>\n<p><strong>Material i sortides: <\/strong>245 \u20ac per curs (3 pagaments).<\/p>\n<p><strong>Col\u00f2nies:<\/strong> Cada curs s&#8217;estableix l&#8217;import depenent el nombre d&#8217;infants que hi vagin i el cost de l&#8217;activitat.<\/p>\n<p><strong>QUOTES AFA\u00a0<\/strong><\/p>\n<p>Tota aquesta informaci\u00f3 la teniu disponible a la p\u00e0gina <a href=\"https:\/\/comuafapompeu.wixsite.com\/afapompeu\">web de l&#8217;AFA<\/a><\/p>\n<p><strong>Aportaci\u00f3 com a soci\/s\u00f2cia de l&#8217;associaci\u00f3<\/strong>: 30 \u20ac anuals.<\/p>\n<p>8 \u20ac mensuals de gesti\u00f3.<\/p>\n<p><strong>Menjador i activitats de migdia<\/strong>: 130 \u20ac<\/p>\n<p><strong>Acollida mat\u00ed<\/strong>: 15 \u20ac.<\/p>\n<p><strong>Acollida tarda:<\/strong> 10 \u20ac.<\/p>\n<p><strong>Activitats extraescolar:<\/strong>\u00a0 Preu en funci\u00f3 de l&#8217;activitat.<\/p>\n","protected":false},"excerpt":{"rendered":"<p>CURS 2025-2026<\/p>\n<p>INFORMACIONS ESCOLA &#8211; FAM\u00cdLIA<\/p>\n<p>Per motius de sostenibilitat la majoria de comunicacions de l\u2019equip docent i de l\u2019AFA us arribaran per l&#8217;app de comunicaci\u00f3 al vostre m\u00f2bil o b\u00e9 les trobareu a la p\u00e0gina web. Comproveu que rebeu la informaci\u00f3. Si no \u00e9s aix\u00ed parleu&hellip;  <a href=\"https:\/\/agora.xtec.cat\/esc-pompeufabra\/lescola\/informacio-del-curs\/\" title=\"Read Informaci\u00f3 del curs\">Llegeix m\u00e9s\u00bb<\/a><\/p>\n","protected":false},"author":1,"featured_media":0,"parent":22,"menu_order":8,"comment_status":"closed","ping_status":"closed","template":"page-templates\/side-menu.php","meta":{"_bbp_topic_count":0,"_bbp_reply_count":0,"_bbp_total_topic_count":0,"_bbp_total_reply_count":0,"_bbp_voice_count":0,"_bbp_anonymous_reply_count":0,"_bbp_topic_count_hidden":0,"_bbp_reply_count_hidden":0,"_bbp_forum_subforum_count":0,"footnotes":""},"class_list":["post-557","page","type-page","status-publish","hentry"],"post_mailing_queue_ids":[],"_links":{"self":[{"href":"https:\/\/agora.xtec.cat\/esc-pompeufabra\/wp-json\/wp\/v2\/pages\/557","targetHints":{"allow":["GET"]}}],"collection":[{"href":"https:\/\/agora.xtec.cat\/esc-pompeufabra\/wp-json\/wp\/v2\/pages"}],"about":[{"href":"https:\/\/agora.xtec.cat\/esc-pompeufabra\/wp-json\/wp\/v2\/types\/page"}],"author":[{"embeddable":true,"href":"https:\/\/agora.xtec.cat\/esc-pompeufabra\/wp-json\/wp\/v2\/users\/1"}],"replies":[{"embeddable":true,"href":"https:\/\/agora.xtec.cat\/esc-pompeufabra\/wp-json\/wp\/v2\/comments?post=557"}],"version-history":[{"count":7,"href":"https:\/\/agora.xtec.cat\/esc-pompeufabra\/wp-json\/wp\/v2\/pages\/557\/revisions"}],"predecessor-version":[{"id":7784,"href":"https:\/\/agora.xtec.cat\/esc-pompeufabra\/wp-json\/wp\/v2\/pages\/557\/revisions\/7784"}],"up":[{"embeddable":true,"href":"https:\/\/agora.xtec.cat\/esc-pompeufabra\/wp-json\/wp\/v2\/pages\/22"}],"wp:attachment":[{"href":"https:\/\/agora.xtec.cat\/esc-pompeufabra\/wp-json\/wp\/v2\/media?parent=557"}],"curies":[{"name":"wp","href":"https:\/\/api.w.org\/{rel}","templated":true}]}}