{"id":551,"date":"2020-07-09T13:42:29","date_gmt":"2020-07-09T11:42:29","guid":{"rendered":"https:\/\/agora.xtec.cat\/esc-pompeufabra\/?page_id=551"},"modified":"2024-10-07T18:59:20","modified_gmt":"2024-10-07T16:59:20","slug":"oferta-educativa-2","status":"publish","type":"page","link":"https:\/\/agora.xtec.cat\/esc-pompeufabra\/lescola\/oferta-educativa-2\/","title":{"rendered":"Oferta educativa"},"content":{"rendered":"<h3>Un ensenyament de qualitat pels m\u00e9s petits<\/h3>\n<p>L\u2019escola p\u00fablica Pompeu Fabra de Barcelona \u00e9s un centre del Departament d\u2019Ensenyament de la Generalitat de Catalunya que ofereix les etapes educatives d\u2019infantil (3-6 anys) i prim\u00e0ria (6-12 anys).\u00a0\u00c9s una escola petita, d\u2019una sola l\u00ednia (un curs per nivell, al voltant de 225 alumnes)<\/p>\n<p>Compta amb una plantilla de professionals amb les especialitats d\u2019educaci\u00f3 infantil, prim\u00e0ria, angl\u00e8s, educaci\u00f3 f\u00edsica, m\u00fasica i educaci\u00f3 especial. Tamb\u00e9 forma part de l\u2019equip pedag\u00f2gic una t\u00e8cnica d\u2019educaci\u00f3 infantil.<\/p>\n<p>La llengua d\u2019\u00fas de l\u2019escola \u00e9s el catal\u00e0 i s\u2019introdueix l\u2019aprenentatge del castell\u00e0 i l\u2019angl\u00e8s, de manera progressiva, a partir de CI de prim\u00e0ria.<\/p>\n<p>La finalitat de l&#8217;acci\u00f3 educativa \u00e9s\u00a0<strong>promoure el creixement personal dels i de les alumnes mitjan\u00e7ant l&#8217;assimilaci\u00f3 i l&#8217;aprenentatge de l&#8217;experi\u00e8ncia social culturalment organitzada, tenint en compte conceptes, destreses, procediments, actituds, valors i normes<\/strong>.<br \/>\nPer respondre a aquestes finalitats ens dotem de recursos organitzatius diversificats; racons, tallers, desdoblaments, grups de treball, grups flexibles i plans individuals.<br \/>\nTamb\u00e9 organitzem diferent el curr\u00edculum en funci\u00f3 del contingut a treballar; Projectes de Treball, treball per habilitats ling\u00fc\u00edstiques i matem\u00e0tiques, treball per \u00e0rees i especialitats.<\/p>\n<p><strong>Les sortides i les col\u00f2nies<\/strong>\u00a0s\u00f3n una excel\u00b7lent oportunitat per aprendre molts continguts i per conviure uns amb els altres en un marc relaxat i en un context no escolar; per aix\u00f2 \u00e9s important l&#8217;<strong>assist\u00e8ncia de la totalitat de l&#8217;alumnat a aquestes activitats<\/strong>.<\/p>\n<div class=\"text-box\">\n<h5>Un cop finalitzats els estudis en el nostre centre a Sis\u00e8 de Prim\u00e0ria, l&#8217;alumnat pot optar per un dels dos instituts que formen part de l&#8217;itinerari d&#8217;escolaritzaci\u00f3 de la zona: I&#8217;\u00a0<a href=\"http:\/\/www.alzina.cat\/\" target=\"_blank\" rel=\"noopener noreferrer\">IES L&#8217;Alzina<\/a>\u00a0i l&#8217;<a href=\"http:\/\/agora.educat1x1.cat\/iesjoanfuster\/intranet\" target=\"_blank\" rel=\"noopener noreferrer\">IES Dolors Aleu.<\/a><\/h5>\n<\/div>\n","protected":false},"excerpt":{"rendered":"<p>Un ensenyament de qualitat pels m\u00e9s petits<br \/>\nL\u2019escola p\u00fablica Pompeu Fabra de Barcelona \u00e9s un centre del Departament d\u2019Ensenyament de la Generalitat de Catalunya que ofereix les etapes educatives d\u2019infantil (3-6 anys) i prim\u00e0ria (6-12 anys).\u00a0\u00c9s una escola petita, d\u2019una sola l\u00ednia (un curs per nivell,&hellip;  <a href=\"https:\/\/agora.xtec.cat\/esc-pompeufabra\/lescola\/oferta-educativa-2\/\" title=\"Read Oferta educativa\">Llegeix m\u00e9s\u00bb<\/a><\/p>\n","protected":false},"author":1,"featured_media":0,"parent":22,"menu_order":6,"comment_status":"closed","ping_status":"closed","template":"page-templates\/side-menu.php","meta":{"_bbp_topic_count":0,"_bbp_reply_count":0,"_bbp_total_topic_count":0,"_bbp_total_reply_count":0,"_bbp_voice_count":0,"_bbp_anonymous_reply_count":0,"_bbp_topic_count_hidden":0,"_bbp_reply_count_hidden":0,"_bbp_forum_subforum_count":0,"footnotes":""},"class_list":["post-551","page","type-page","status-publish","hentry"],"post_mailing_queue_ids":[],"_links":{"self":[{"href":"https:\/\/agora.xtec.cat\/esc-pompeufabra\/wp-json\/wp\/v2\/pages\/551","targetHints":{"allow":["GET"]}}],"collection":[{"href":"https:\/\/agora.xtec.cat\/esc-pompeufabra\/wp-json\/wp\/v2\/pages"}],"about":[{"href":"https:\/\/agora.xtec.cat\/esc-pompeufabra\/wp-json\/wp\/v2\/types\/page"}],"author":[{"embeddable":true,"href":"https:\/\/agora.xtec.cat\/esc-pompeufabra\/wp-json\/wp\/v2\/users\/1"}],"replies":[{"embeddable":true,"href":"https:\/\/agora.xtec.cat\/esc-pompeufabra\/wp-json\/wp\/v2\/comments?post=551"}],"version-history":[{"count":5,"href":"https:\/\/agora.xtec.cat\/esc-pompeufabra\/wp-json\/wp\/v2\/pages\/551\/revisions"}],"predecessor-version":[{"id":5713,"href":"https:\/\/agora.xtec.cat\/esc-pompeufabra\/wp-json\/wp\/v2\/pages\/551\/revisions\/5713"}],"up":[{"embeddable":true,"href":"https:\/\/agora.xtec.cat\/esc-pompeufabra\/wp-json\/wp\/v2\/pages\/22"}],"wp:attachment":[{"href":"https:\/\/agora.xtec.cat\/esc-pompeufabra\/wp-json\/wp\/v2\/media?parent=551"}],"curies":[{"name":"wp","href":"https:\/\/api.w.org\/{rel}","templated":true}]}}