{"id":38,"date":"2014-09-18T12:34:08","date_gmt":"2014-09-18T11:34:08","guid":{"rendered":"http:\/\/agora.xtec.cat\/esc-pompeufabra\/?page_id=38"},"modified":"2025-02-23T12:14:55","modified_gmt":"2025-02-23T11:14:55","slug":"salut","status":"publish","type":"page","link":"https:\/\/agora.xtec.cat\/esc-pompeufabra\/lescola\/salut\/","title":{"rendered":"Salut"},"content":{"rendered":"<p><img loading=\"lazy\" decoding=\"async\" class=\"alignright\" src=\"https:\/\/cmcbach1.files.wordpress.com\/2013\/01\/salud.jpg?resize=477%2C358\" alt=\"La tecnolog\u00eda y la innovaci\u00f3n al servicio de la Salud y el Bienestar ...\" width=\"366\" height=\"275\" \/><\/p>\n<h5><strong>Malalties<\/strong><\/h5>\n<p>En cas de malaltia cal avisar personalment o telef\u00f2nicament a consergeria, que far\u00e0 arribar l&#8217;enc\u00e0rrec al tutor\/a corresponent.<br \/>\nDavant de malalties o situacions contagioses (grip, varicel\u00b7la, conjuntivitis, polls, febre&#8230;) l&#8217;alumnat no pot venir a l&#8217;escola.<\/p>\n<p><strong>Mantingueu una actitud estricta amb les possibles malalties dels vostres fills\/es i de respecte als companys\/es.<\/strong><\/p>\n<p>Si un infant es posa malalt o es fa mal dins l\u2019horari escolar es trucar\u00e0 a la fam\u00edlia per tal que el vinguin a buscar.<br \/>\nSi el cas \u00e9s urgent, l\u2019escola el dur\u00e0 al centre hospitalari i es comunicar\u00e0 a la fam\u00edlia.<\/p>\n<h5><strong>Medicaments<\/strong><\/h5>\n<p>Quan sigui necessari que el nen o nena prengui medicaments dins l&#8217;horari escolar cal tenir present el seg\u00fcent proc\u00e9s per poder controlar i assegurar la seva correcta administraci\u00f3:<\/p>\n<ul>\n<li>Fer arribar al tutor\/a o a la coordinadora de menjador (si l\u2019administraci\u00f3 del medicament \u00e9s en horari de menjador) una <strong>autoritzaci\u00f3 signada<\/strong>\u00a0que especifiqui:\n<ul>\n<li>El nom de l&#8217;infant<\/li>\n<li>El nom del medicament<\/li>\n<li>L&#8217;hora o les hores de la seva administraci\u00f3<\/li>\n<li>El nombre de preses o dosis<\/li>\n<\/ul>\n<\/li>\n<li>La\u00a0<strong>recepta del metge<\/strong>\u00a0especificant:\n<ul>\n<li>El nom del pacient<\/li>\n<li>El nom del medicament<\/li>\n<li>El nombre de preses o dosis<\/li>\n<li>Indicar a l&#8217;exterior de la capsa aquestes mateixes dades<\/li>\n<\/ul>\n<\/li>\n<\/ul>\n<p>En cas que no es compleixin aquests requisits no ens farem c\u00e0rrec de la medicaci\u00f3.<\/p>\n<ul style=\"font-size: 16px; font-family: 'Helvetica Neue', Helvetica, Helvetica, Arial, sans-serif;\">\n<li><strong>Cal lliurar els medicaments al personal d&#8217;administraci\u00f3, a l&#8217;equip de migdia o mestres.<\/strong><strong> En cap cas, els poden portar els infants a la motxilla.<\/strong><\/li>\n<\/ul>\n","protected":false},"excerpt":{"rendered":"<p>Malalties<br \/>\nEn cas de malaltia cal avisar personalment o telef\u00f2nicament a consergeria, que far\u00e0 arribar l&#8217;enc\u00e0rrec al tutor\/a corresponent.<br \/>\nDavant de malalties o situacions contagioses (grip, varicel\u00b7la, conjuntivitis, polls, febre&#8230;) l&#8217;alumnat no pot venir a l&#8217;escola.<br \/>\nMantingueu una actitud estricta amb les possibles malalties dels vostres fills\/es i&hellip;  <a href=\"https:\/\/agora.xtec.cat\/esc-pompeufabra\/lescola\/salut\/\" title=\"Read Salut\">Llegeix m\u00e9s\u00bb<\/a><\/p>\n","protected":false},"author":1,"featured_media":0,"parent":22,"menu_order":11,"comment_status":"closed","ping_status":"closed","template":"page-templates\/side-menu.php","meta":{"_bbp_topic_count":0,"_bbp_reply_count":0,"_bbp_total_topic_count":0,"_bbp_total_reply_count":0,"_bbp_voice_count":0,"_bbp_anonymous_reply_count":0,"_bbp_topic_count_hidden":0,"_bbp_reply_count_hidden":0,"_bbp_forum_subforum_count":0,"footnotes":""},"class_list":["post-38","page","type-page","status-publish","hentry"],"post_mailing_queue_ids":[],"_links":{"self":[{"href":"https:\/\/agora.xtec.cat\/esc-pompeufabra\/wp-json\/wp\/v2\/pages\/38","targetHints":{"allow":["GET"]}}],"collection":[{"href":"https:\/\/agora.xtec.cat\/esc-pompeufabra\/wp-json\/wp\/v2\/pages"}],"about":[{"href":"https:\/\/agora.xtec.cat\/esc-pompeufabra\/wp-json\/wp\/v2\/types\/page"}],"author":[{"embeddable":true,"href":"https:\/\/agora.xtec.cat\/esc-pompeufabra\/wp-json\/wp\/v2\/users\/1"}],"replies":[{"embeddable":true,"href":"https:\/\/agora.xtec.cat\/esc-pompeufabra\/wp-json\/wp\/v2\/comments?post=38"}],"version-history":[{"count":6,"href":"https:\/\/agora.xtec.cat\/esc-pompeufabra\/wp-json\/wp\/v2\/pages\/38\/revisions"}],"predecessor-version":[{"id":6499,"href":"https:\/\/agora.xtec.cat\/esc-pompeufabra\/wp-json\/wp\/v2\/pages\/38\/revisions\/6499"}],"up":[{"embeddable":true,"href":"https:\/\/agora.xtec.cat\/esc-pompeufabra\/wp-json\/wp\/v2\/pages\/22"}],"wp:attachment":[{"href":"https:\/\/agora.xtec.cat\/esc-pompeufabra\/wp-json\/wp\/v2\/media?parent=38"}],"curies":[{"name":"wp","href":"https:\/\/api.w.org\/{rel}","templated":true}]}}