{"id":28,"date":"2014-09-18T12:29:35","date_gmt":"2014-09-18T11:29:35","guid":{"rendered":"http:\/\/agora.xtec.cat\/esc-pompeufabra\/?page_id=28"},"modified":"2026-02-27T17:21:46","modified_gmt":"2026-02-27T16:21:46","slug":"consell-escolar","status":"publish","type":"page","link":"https:\/\/agora.xtec.cat\/esc-pompeufabra\/comunitat\/consell-escolar\/","title":{"rendered":"Consell escolar"},"content":{"rendered":"<div class=\"page-header\" style=\"text-align: justify;\"><\/div>\n<p style=\"text-align: justify;\">Es tracta de l\u2019<strong>\u00f2rgan col\u00b7legiat de participaci\u00f3<\/strong> de la comunitat escolar en el marc del que podr\u00edem anomenar govern del centre.<br \/>\nEn el Consell Escolar hi ha representats tots els col\u00b7lectius que intervenen en la comunitat educativa: equip directiu, professorat, pares i mares, personal d\u2019administraci\u00f3 i serveis, un representant de l\u2019AFA i un representant de l\u2019administraci\u00f3 municipal.<\/p>\n<p style=\"text-align: justify;\">La funci\u00f3 principal del Consell Escolar \u00e9s debatre i aprovar tots aquells temes importants per al funcionament i l\u2019organitzaci\u00f3 del centre: el projecte educatiu, el pla general (calendari, horari, activitats complement\u00e0ries i extraescolars&#8230;) i la mem\u00f2ria anual de centre, el pressupost, etc.<\/p>\n<p style=\"text-align: justify;\">Les persones que formen el Consell Escolar s\u00f3n elegides per un per\u00edode de quatre anys i es renoven per meitats cada dos anys.<br \/>\nEns reunim, en convocat\u00f2ria ordin\u00e0ria un cop per trimestre i de forma extraordin\u00e0ria sempre que calgui.<\/p>\n<p style=\"text-align: justify;\">A continuaci\u00f3 us facilitem el llistat dels membres de l\u2019actual Consell Escolar:<\/p>\n<table style=\"width: 100%;\">\n<tbody>\n<tr>\n<td style=\"width: 50.6219%;\">\n<ul style=\"list-style-type: circle;\">\n<li><strong>DE FAM\u00cdLIES<\/strong>:\n<ul>\n<li>Susana (mare de l&#8217;\u00c0lex de 4t)<\/li>\n<li>Elena\u00a0 (mare del Mario d&#8217;I3 i de l&#8217;Olivia de 1r)<\/li>\n<li>Marta (mare de la J\u00falia M. de 3r)<\/li>\n<li>Miquel\u00a0 (pare de Mael de 2n)<\/li>\n<\/ul>\n<\/li>\n<li><strong>REPRESENTANTS MESTRES<\/strong>:\n<ul>\n<li>M\u00f2nica<\/li>\n<li>Marta<\/li>\n<li>Maria<\/li>\n<li>Mir\u00edam<\/li>\n<\/ul>\n<\/li>\n<\/ul>\n<ul>\n<li><strong>REPRESENTANTS DEL PAE <\/strong>(Personal d&#8217;Atenci\u00f3 Educativa)<\/li>\n<\/ul>\n<ul style=\"list-style-type: circle;\">\n<li>Sandra (TEI)<\/li>\n<\/ul>\n<\/td>\n<td style=\"width: 48.5075%;\">\n<ul>\n<li><strong>REPRESENTANT AFA<\/strong>:\n<ul>\n<li>Marta Gonz\u00e1lez (mare de Rai de 4t).<\/li>\n<\/ul>\n<\/li>\n<\/ul>\n<ul>\n<li><strong>REPRESENTANTS DEL PAS <\/strong>\u00a0(Personal d\u2019Administraci\u00f3 i Serveis)\n<ul>\n<li>Maria L.<\/li>\n<\/ul>\n<\/li>\n<li><strong>REPRESENTANT AJUNTAMENT<\/strong>:\n<ul>\n<li>L\u00eddia<\/li>\n<\/ul>\n<\/li>\n<li><strong>EQUIP DIRECTIU<\/strong>:\n<ul>\n<li>Jes\u00fas<\/li>\n<li>Vanessa<\/li>\n<li>Adri\u00e0<\/li>\n<\/ul>\n<\/li>\n<\/ul>\n<\/td>\n<\/tr>\n<\/tbody>\n<\/table>\n<table style=\"border-collapse: collapse; width: 100%; height: 208px;\">\n<tbody>\n<tr style=\"height: 32px;\">\n<td style=\"width: 100%; height: 32px;\"><strong>ACTES DEL CONSELL ESCOLAR CURS 2025-2026<\/strong><\/td>\n<\/tr>\n<tr style=\"height: 176px;\">\n<td style=\"width: 100%; height: 176px;\"><a href=\"https:\/\/agora.xtec.cat\/esc-pompeufabra\/wp-content\/uploads\/usu2202\/2025\/10\/Consell-Escolar-1.pdf\">Consell Escolar 13-10-20<\/a><\/p>\n<p><a href=\"https:\/\/agora.xtec.cat\/esc-pompeufabra\/wp-content\/uploads\/usu2202\/2026\/02\/S021021111_2602271713000.pdf\">Consell Escolar 1\/12\/2025<\/a><\/p>\n<p><a href=\"https:\/\/agora.xtec.cat\/esc-pompeufabra\/wp-content\/uploads\/usu2202\/2026\/02\/S021021111_2602271713001.pdf\">Consell Escolae 5\/2\/2026<\/a><\/td>\n<\/tr>\n<\/tbody>\n<\/table>\n","protected":false},"excerpt":{"rendered":"<p>Es tracta de l\u2019\u00f2rgan col\u00b7legiat de participaci\u00f3 de la comunitat escolar en el marc del que podr\u00edem anomenar govern del centre.<br \/>\nEn el Consell Escolar hi ha representats tots els col\u00b7lectius que intervenen en la comunitat educativa: equip directiu, professorat, pares i mares, personal d\u2019administraci\u00f3 i&hellip;  <a href=\"https:\/\/agora.xtec.cat\/esc-pompeufabra\/comunitat\/consell-escolar\/\" title=\"Read Consell escolar\">Llegeix m\u00e9s\u00bb<\/a><\/p>\n","protected":false},"author":1,"featured_media":0,"parent":555,"menu_order":2,"comment_status":"closed","ping_status":"closed","template":"page-templates\/side-menu.php","meta":{"_bbp_topic_count":0,"_bbp_reply_count":0,"_bbp_total_topic_count":0,"_bbp_total_reply_count":0,"_bbp_voice_count":0,"_bbp_anonymous_reply_count":0,"_bbp_topic_count_hidden":0,"_bbp_reply_count_hidden":0,"_bbp_forum_subforum_count":0,"footnotes":""},"class_list":["post-28","page","type-page","status-publish","hentry"],"post_mailing_queue_ids":[],"_links":{"self":[{"href":"https:\/\/agora.xtec.cat\/esc-pompeufabra\/wp-json\/wp\/v2\/pages\/28","targetHints":{"allow":["GET"]}}],"collection":[{"href":"https:\/\/agora.xtec.cat\/esc-pompeufabra\/wp-json\/wp\/v2\/pages"}],"about":[{"href":"https:\/\/agora.xtec.cat\/esc-pompeufabra\/wp-json\/wp\/v2\/types\/page"}],"author":[{"embeddable":true,"href":"https:\/\/agora.xtec.cat\/esc-pompeufabra\/wp-json\/wp\/v2\/users\/1"}],"replies":[{"embeddable":true,"href":"https:\/\/agora.xtec.cat\/esc-pompeufabra\/wp-json\/wp\/v2\/comments?post=28"}],"version-history":[{"count":6,"href":"https:\/\/agora.xtec.cat\/esc-pompeufabra\/wp-json\/wp\/v2\/pages\/28\/revisions"}],"predecessor-version":[{"id":7843,"href":"https:\/\/agora.xtec.cat\/esc-pompeufabra\/wp-json\/wp\/v2\/pages\/28\/revisions\/7843"}],"up":[{"embeddable":true,"href":"https:\/\/agora.xtec.cat\/esc-pompeufabra\/wp-json\/wp\/v2\/pages\/555"}],"wp:attachment":[{"href":"https:\/\/agora.xtec.cat\/esc-pompeufabra\/wp-json\/wp\/v2\/media?parent=28"}],"curies":[{"name":"wp","href":"https:\/\/api.w.org\/{rel}","templated":true}]}}