{"id":24,"date":"2014-09-18T12:23:15","date_gmt":"2014-09-18T11:23:15","guid":{"rendered":"http:\/\/agora.xtec.cat\/esc-pompeufabra\/?page_id=24"},"modified":"2020-07-09T14:17:16","modified_gmt":"2020-07-09T12:17:16","slug":"on-som","status":"publish","type":"page","link":"https:\/\/agora.xtec.cat\/esc-pompeufabra\/lescola\/on-som\/","title":{"rendered":"On som"},"content":{"rendered":"<p style=\"color: #666666;\"><strong>Escola Pompeu Fabra<\/strong><br \/>\nCarrer d&#8217;Olesa 19<br \/>\n08027 &#8211; Barcelona<\/p>\n<p>Tel.<strong> 93 340 76 97<\/strong>\u00a0 &#8211;\u00a0 <span style=\"font-family: inherit; font-size: 1em;\">Fax: 93 408 24 16<\/span><\/p>\n<p>Tel\u00e8fon de l&#8217;AMPA: 93 408 66 16<\/p>\n<p>Adre\u00e7a elecr\u00f2nica: <a href=\"mailto:a8043279@xtec.cat?Subject=Dubtes%20i%20Suggeriments\" target=\"_blank\" rel=\"noopener noreferrer\">a8043279@xtec.cat<\/a><\/p>\n<p><iframe loading=\"lazy\" src=\"https:\/\/www.google.com\/maps\/embed?pb=!1m16!1m12!1m3!1d11965.557654244965!2d2.1745088471585308!3d41.43077132264732!2m3!1f0!2f0!3f0!3m2!1i1024!2i768!4f13.1!2m1!1sEscola%20Pompeu%20Fabra!5e0!3m2!1sca!2ses!4v1592666458634!5m2!1sca!2ses\" width=\"600\" height=\"450\" frameborder=\"0\" aria-hidden=\"false\"><\/iframe><br \/>\n<b>On ens podeu trobar:<\/b><\/p>\n<p>Ens trobareu al barri dels Indians, al\u00a0<strong>Districte de Sant Andreu<\/strong>\u00a0de Barcelona.<br \/>\nMolt a prop de l&#8217;escola teniu les estacions de metro de <strong>Sagrera (L\u00ednia 1 &#8211; Vermella) i de Congr\u00e9s (L\u00ednia 5 &#8211; Blava).<\/strong><\/p>\n<p>&nbsp;<\/p>\n<p>&nbsp;<\/p>\n","protected":false},"excerpt":{"rendered":"<p>Escola Pompeu Fabra<br \/>\nCarrer d&#8217;Olesa 19<br \/>\n08027 &#8211; Barcelona<br \/>\nTel. 93 340 76 97\u00a0 &#8211;\u00a0 Fax: 93 408 24 16<br \/>\nTel\u00e8fon de l&#8217;AMPA: 93 408 66 16<br \/>\nAdre\u00e7a elecr\u00f2nica: <a href=\"mailto:a8043279@xtec.cat?Subject=Dubtes%20i%20Suggeriments\" target=\"_blank\" rel=\"noopener noreferrer\">a8043279@xtec.cat<\/a><\/p>\n<p>On ens podeu trobar:<br \/>\nEns trobareu al barri dels Indians, al\u00a0Districte de Sant Andreu\u00a0de Barcelona.<br \/>\nMolt a prop de&hellip;  <a href=\"https:\/\/agora.xtec.cat\/esc-pompeufabra\/lescola\/on-som\/\" title=\"Read On som\">Llegeix m\u00e9s\u00bb<\/a><\/p>\n","protected":false},"author":1,"featured_media":0,"parent":22,"menu_order":1,"comment_status":"closed","ping_status":"closed","template":"page-templates\/side-menu.php","meta":{"_bbp_topic_count":0,"_bbp_reply_count":0,"_bbp_total_topic_count":0,"_bbp_total_reply_count":0,"_bbp_voice_count":0,"_bbp_anonymous_reply_count":0,"_bbp_topic_count_hidden":0,"_bbp_reply_count_hidden":0,"_bbp_forum_subforum_count":0,"footnotes":""},"class_list":["post-24","page","type-page","status-publish","hentry"],"post_mailing_queue_ids":[],"_links":{"self":[{"href":"https:\/\/agora.xtec.cat\/esc-pompeufabra\/wp-json\/wp\/v2\/pages\/24","targetHints":{"allow":["GET"]}}],"collection":[{"href":"https:\/\/agora.xtec.cat\/esc-pompeufabra\/wp-json\/wp\/v2\/pages"}],"about":[{"href":"https:\/\/agora.xtec.cat\/esc-pompeufabra\/wp-json\/wp\/v2\/types\/page"}],"author":[{"embeddable":true,"href":"https:\/\/agora.xtec.cat\/esc-pompeufabra\/wp-json\/wp\/v2\/users\/1"}],"replies":[{"embeddable":true,"href":"https:\/\/agora.xtec.cat\/esc-pompeufabra\/wp-json\/wp\/v2\/comments?post=24"}],"version-history":[{"count":2,"href":"https:\/\/agora.xtec.cat\/esc-pompeufabra\/wp-json\/wp\/v2\/pages\/24\/revisions"}],"predecessor-version":[{"id":475,"href":"https:\/\/agora.xtec.cat\/esc-pompeufabra\/wp-json\/wp\/v2\/pages\/24\/revisions\/475"}],"up":[{"embeddable":true,"href":"https:\/\/agora.xtec.cat\/esc-pompeufabra\/wp-json\/wp\/v2\/pages\/22"}],"wp:attachment":[{"href":"https:\/\/agora.xtec.cat\/esc-pompeufabra\/wp-json\/wp\/v2\/media?parent=24"}],"curies":[{"name":"wp","href":"https:\/\/api.w.org\/{rel}","templated":true}]}}