{"id":30,"date":"2014-09-18T12:30:23","date_gmt":"2014-09-18T11:30:23","guid":{"rendered":"http:\/\/agora.xtec.cat\/esc-poblenoupineda\/?page_id=30"},"modified":"2025-03-06T18:13:56","modified_gmt":"2025-03-06T17:13:56","slug":"instal%c2%b7lacions","status":"publish","type":"page","link":"https:\/\/agora.xtec.cat\/esc-poblenoupineda\/lescola\/instal%c2%b7lacions\/","title":{"rendered":"AFA"},"content":{"rendered":"<h5><span style=\"color: #000000;\">L&#8217;AFA, l&#8217;associaci\u00f3 de fam\u00edlies de l&#8217;alumnat, \u00e9s la vostra veu dins de la comunitat educativa. <\/span><\/h5>\n<p class=\"cvGsUA direction-ltr align-start para-style-title\"><span class=\"OYPEnA font-feature-liga-off font-feature-clig-off font-feature-calt-off text-decoration-none text-strikethrough-none\" style=\"color: #000000;\">Totes les fam\u00edlies de l\u2019escola en formeu part i cada grup classe t\u00e9 una persona representant amb qui us podeu comunicar. <\/span><\/p>\n<p><span style=\"color: #000000;\">L&#8217;AFA participa i col\u00b7labora en l&#8217;organitzaci\u00f3 de festes i celebracions al llarg de tot el curs, contracta el servei de menjador, gestiona les extraescolars i t\u00e9 representaci\u00f3 activa en el Consell Escolar.<\/span><\/p>\n<p><span style=\"color: #000000;\">L&#8217;equipaci\u00f3, tant d&#8217;hivern com d&#8217;estiu, i les bates es compren a trav\u00e9s de la plataforma TPV. Totes les comandes arriben a l&#8217;escola i es reparteixen a les aules.<\/span><\/p>\n<p class=\"cvGsUA direction-ltr align-start para-style-title\"><span class=\"OYPEnA font-feature-liga-off font-feature-clig-off font-feature-calt-off text-decoration-none text-strikethrough-none\" style=\"color: #000000;\">La quota\u00a0 \u00e9s de 30\u20ac i \u00e9s \u00fanica per fam\u00edlia. Aquesta aportaci\u00f3 \u00e9s<span style=\"color: #000000;\">\u00a0en benefici de tota la comunitat per invertir en material, llibres, llic\u00e8ncies digitals, aparells multim\u00e8dia, celebracions&#8230; i ajudar a cobrir les necessitats de l&#8217;escola.<\/span><\/span><\/p>\n<p><a href=\"https:\/\/agora.xtec.cat\/esc-poblenoupineda\/wp-content\/uploads\/usu1963\/2022\/07\/WhatsApp-Image-2022-07-15-at-12.16.18.jpeg\"><img loading=\"lazy\" decoding=\"async\" class=\"wp-image-1657 alignnone\" src=\"https:\/\/agora.xtec.cat\/esc-poblenoupineda\/wp-content\/uploads\/usu1963\/2022\/07\/WhatsApp-Image-2022-07-15-at-12.16.18-1024x768.jpeg\" alt=\"\" width=\"415\" height=\"311\" srcset=\"https:\/\/agora.xtec.cat\/esc-poblenoupineda\/wp-content\/uploads\/usu1963\/2022\/07\/WhatsApp-Image-2022-07-15-at-12.16.18-1024x768.jpeg 1024w, https:\/\/agora.xtec.cat\/esc-poblenoupineda\/wp-content\/uploads\/usu1963\/2022\/07\/WhatsApp-Image-2022-07-15-at-12.16.18-300x225.jpeg 300w, https:\/\/agora.xtec.cat\/esc-poblenoupineda\/wp-content\/uploads\/usu1963\/2022\/07\/WhatsApp-Image-2022-07-15-at-12.16.18-768x576.jpeg 768w, https:\/\/agora.xtec.cat\/esc-poblenoupineda\/wp-content\/uploads\/usu1963\/2022\/07\/WhatsApp-Image-2022-07-15-at-12.16.18-1536x1152.jpeg 1536w, https:\/\/agora.xtec.cat\/esc-poblenoupineda\/wp-content\/uploads\/usu1963\/2022\/07\/WhatsApp-Image-2022-07-15-at-12.16.18-200x150.jpeg 200w, https:\/\/agora.xtec.cat\/esc-poblenoupineda\/wp-content\/uploads\/usu1963\/2022\/07\/WhatsApp-Image-2022-07-15-at-12.16.18.jpeg 2048w\" sizes=\"auto, (max-width: 415px) 100vw, 415px\" \/><\/a><a href=\"https:\/\/agora.xtec.cat\/esc-poblenoupineda\/wp-content\/uploads\/usu1963\/2022\/07\/pissa.jpg\"><img loading=\"lazy\" decoding=\"async\" class=\"alignnone wp-image-1654\" src=\"https:\/\/agora.xtec.cat\/esc-poblenoupineda\/wp-content\/uploads\/usu1963\/2022\/07\/pissa.jpg\" alt=\"\" width=\"464\" height=\"310\" srcset=\"https:\/\/agora.xtec.cat\/esc-poblenoupineda\/wp-content\/uploads\/usu1963\/2022\/07\/pissa.jpg 995w, https:\/\/agora.xtec.cat\/esc-poblenoupineda\/wp-content\/uploads\/usu1963\/2022\/07\/pissa-300x201.jpg 300w, https:\/\/agora.xtec.cat\/esc-poblenoupineda\/wp-content\/uploads\/usu1963\/2022\/07\/pissa-768x514.jpg 768w\" sizes=\"auto, (max-width: 464px) 100vw, 464px\" \/><\/a><\/p>\n<p><span style=\"color: #000000;\">Contacte mitjan\u00e7ant correu electr\u00f2nic <strong>ampapoblenou@hotmail.es<\/strong><\/span><\/p>\n<p><strong><a href=\"https:\/\/www.instagram.com\/ampaescolapoblenou?igsh=N200Ymhxbmp6ZG56\">Segueix-nos a Instagram<\/a><\/strong><\/p>\n","protected":false},"excerpt":{"rendered":"<p>L&#8217;AFA, l&#8217;associaci\u00f3 de fam\u00edlies de l&#8217;alumnat, \u00e9s la vostra veu dins de la comunitat educativa.<br \/>\nTotes les fam\u00edlies de l\u2019escola en formeu part i cada grup classe t\u00e9 una persona representant amb qui us podeu comunicar.<br \/>\nL&#8217;AFA participa i col\u00b7labora en l&#8217;organitzaci\u00f3 de festes i&hellip;  <a href=\"https:\/\/agora.xtec.cat\/esc-poblenoupineda\/lescola\/instal%c2%b7lacions\/\" title=\"Read AFA\">Llegeix m\u00e9s\u00bb<\/a><\/p>\n","protected":false},"author":1,"featured_media":0,"parent":22,"menu_order":40,"comment_status":"closed","ping_status":"closed","template":"page-templates\/side-menu.php","meta":{"_bbp_topic_count":0,"_bbp_reply_count":0,"_bbp_total_topic_count":0,"_bbp_total_reply_count":0,"_bbp_voice_count":0,"_bbp_anonymous_reply_count":0,"_bbp_topic_count_hidden":0,"_bbp_reply_count_hidden":0,"_bbp_forum_subforum_count":0,"footnotes":""},"class_list":["post-30","page","type-page","status-publish","hentry"],"post_mailing_queue_ids":[],"_links":{"self":[{"href":"https:\/\/agora.xtec.cat\/esc-poblenoupineda\/wp-json\/wp\/v2\/pages\/30","targetHints":{"allow":["GET"]}}],"collection":[{"href":"https:\/\/agora.xtec.cat\/esc-poblenoupineda\/wp-json\/wp\/v2\/pages"}],"about":[{"href":"https:\/\/agora.xtec.cat\/esc-poblenoupineda\/wp-json\/wp\/v2\/types\/page"}],"author":[{"embeddable":true,"href":"https:\/\/agora.xtec.cat\/esc-poblenoupineda\/wp-json\/wp\/v2\/users\/1"}],"replies":[{"embeddable":true,"href":"https:\/\/agora.xtec.cat\/esc-poblenoupineda\/wp-json\/wp\/v2\/comments?post=30"}],"version-history":[{"count":6,"href":"https:\/\/agora.xtec.cat\/esc-poblenoupineda\/wp-json\/wp\/v2\/pages\/30\/revisions"}],"predecessor-version":[{"id":1646,"href":"https:\/\/agora.xtec.cat\/esc-poblenoupineda\/wp-json\/wp\/v2\/pages\/30\/revisions\/1646"}],"up":[{"embeddable":true,"href":"https:\/\/agora.xtec.cat\/esc-poblenoupineda\/wp-json\/wp\/v2\/pages\/22"}],"wp:attachment":[{"href":"https:\/\/agora.xtec.cat\/esc-poblenoupineda\/wp-json\/wp\/v2\/media?parent=30"}],"curies":[{"name":"wp","href":"https:\/\/api.w.org\/{rel}","templated":true}]}}