{"id":26,"date":"2014-09-18T12:24:32","date_gmt":"2014-09-18T10:24:32","guid":{"rendered":"http:\/\/agora.xtec.cat\/esc-poblenoupineda\/?page_id=26"},"modified":"2025-03-06T18:25:11","modified_gmt":"2025-03-06T17:25:11","slug":"historia","status":"publish","type":"page","link":"https:\/\/agora.xtec.cat\/esc-poblenoupineda\/lescola\/historia\/","title":{"rendered":"LLEGIM A TOTES HORES"},"content":{"rendered":"<p>La lectura \u00e9s un element clau en l&#8217;educaci\u00f3 del nostre alumnat.<\/p>\n<p><img loading=\"lazy\" decoding=\"async\" class=\"alignleft\" src=\"https:\/\/abacus.cat\/wp-content\/uploads\/2023\/10\/shutterstock-265009619-scaled.jpg\" alt=\"Presentaci\u00f3 del Club de Lectura d'&quot;ARA Balears&quot; - Abacus Cooperativa\" width=\"451\" height=\"300\" \/><\/p>\n<p>Per aix\u00f2 \u00e9s un element clau de totes les activitats di\u00e0ries i fomentem el &#8220;gust per llegir&#8221;, el &#8220;saber llegir&#8221; i el &#8220;llegir per aprendre&#8221;; amb un ampli ventall de propostes per fomentar l&#8217;h\u00e0bit lector i la comprensi\u00f3.<\/p>\n<ul>\n<li>30&#8242; DE LECTURA AL DIA AMB DIFERENTS ESTRAT\u00c8GIES<\/li>\n<li>RECOMANACIONS DE LECTURA ENTRE L&#8217;ALUMNAT<\/li>\n<li>LECTURA EN VEU ALTA I MODELATGE DELS DOCENTS<\/li>\n<li>ACTIVITATS DE FLU\u00cfDESA LECTORA<\/li>\n<li>TALLERS I ACTIVITATS DE COMPRENSI\u00d3 LECTORA<\/li>\n<li>PRES\u00c8NCIA DEL TRACTAMENT DE LA LECTURA A TOTES LES \u00c0REES.<\/li>\n<li>PARTICIPACI\u00d3 EN EL PLA LECTOR DE PINEDA<\/li>\n<\/ul>\n<h2><a href=\"http:\/\/xtec.gencat.cat\/web\/.content\/alfresco\/d\/d\/workspace\/SpacesStore\/0038\/21e23a8c-f390-4edd-ba50-c07349c61a84\/7_-lectura-i-familia.pdf\">LLEGIR EN FAM\u00cdLIA<\/a><\/h2>\n","protected":false},"excerpt":{"rendered":"<p>La lectura \u00e9s un element clau en l&#8217;educaci\u00f3 del nostre alumnat.<\/p>\n<p>Per aix\u00f2 \u00e9s un element clau de totes les activitats di\u00e0ries i fomentem el &#8220;gust per llegir&#8221;, el &#8220;saber llegir&#8221; i el &#8220;llegir per aprendre&#8221;; amb un ampli ventall de propostes per fomentar l&#8217;h\u00e0bit lector&hellip;  <a href=\"https:\/\/agora.xtec.cat\/esc-poblenoupineda\/lescola\/historia\/\" title=\"Read LLEGIM A TOTES HORES\">Llegeix m\u00e9s\u00bb<\/a><\/p>\n","protected":false},"author":1,"featured_media":0,"parent":22,"menu_order":20,"comment_status":"closed","ping_status":"closed","template":"page-templates\/side-menu.php","meta":{"_bbp_topic_count":0,"_bbp_reply_count":0,"_bbp_total_topic_count":0,"_bbp_total_reply_count":0,"_bbp_voice_count":0,"_bbp_anonymous_reply_count":0,"_bbp_topic_count_hidden":0,"_bbp_reply_count_hidden":0,"_bbp_forum_subforum_count":0,"footnotes":""},"class_list":["post-26","page","type-page","status-publish","hentry"],"post_mailing_queue_ids":[],"_links":{"self":[{"href":"https:\/\/agora.xtec.cat\/esc-poblenoupineda\/wp-json\/wp\/v2\/pages\/26","targetHints":{"allow":["GET"]}}],"collection":[{"href":"https:\/\/agora.xtec.cat\/esc-poblenoupineda\/wp-json\/wp\/v2\/pages"}],"about":[{"href":"https:\/\/agora.xtec.cat\/esc-poblenoupineda\/wp-json\/wp\/v2\/types\/page"}],"author":[{"embeddable":true,"href":"https:\/\/agora.xtec.cat\/esc-poblenoupineda\/wp-json\/wp\/v2\/users\/1"}],"replies":[{"embeddable":true,"href":"https:\/\/agora.xtec.cat\/esc-poblenoupineda\/wp-json\/wp\/v2\/comments?post=26"}],"version-history":[{"count":6,"href":"https:\/\/agora.xtec.cat\/esc-poblenoupineda\/wp-json\/wp\/v2\/pages\/26\/revisions"}],"predecessor-version":[{"id":1034,"href":"https:\/\/agora.xtec.cat\/esc-poblenoupineda\/wp-json\/wp\/v2\/pages\/26\/revisions\/1034"}],"up":[{"embeddable":true,"href":"https:\/\/agora.xtec.cat\/esc-poblenoupineda\/wp-json\/wp\/v2\/pages\/22"}],"wp:attachment":[{"href":"https:\/\/agora.xtec.cat\/esc-poblenoupineda\/wp-json\/wp\/v2\/media?parent=26"}],"curies":[{"name":"wp","href":"https:\/\/api.w.org\/{rel}","templated":true}]}}