{"id":22,"date":"2014-09-18T12:19:57","date_gmt":"2014-09-18T11:19:57","guid":{"rendered":"http:\/\/agora.xtec.cat\/esc-poblenoupineda\/?page_id=22"},"modified":"2025-10-15T19:43:03","modified_gmt":"2025-10-15T17:43:03","slug":"lescola","status":"publish","type":"page","link":"https:\/\/agora.xtec.cat\/esc-poblenoupineda\/lescola\/","title":{"rendered":"L&#8217;ESCOLA"},"content":{"rendered":"<h5 style=\"text-align: left;\">L&#8217;escola Poblenou fa 17 cursos que acompanya infants i fam\u00edlies en el gran m\u00f3n de l&#8217;educaci\u00f3 i estem molt contents del nostre gran recorregut.<\/h5>\n<p align=\"justify\"><strong><em>PETITA HIST\u00d2RIA<\/em><\/strong><\/p>\n<p align=\"justify\">Aquest centre comen\u00e7a la seva vida a la primavera de l\u2019any 2008 per tal de cobrir les necessitats educatives d\u2019un barri en constant creixement. Al mes de setembre obre les portes per acollir nenes i nens d\u2019Educaci\u00f3 Infantil de 3 i 4 anys en dos m\u00f2duls situats entre els carrers Cardenal Cisneros i Val\u00e8ncia del barri de Poblenou de Pineda, del que pren el nom i a l\u2019espera de la construcci\u00f3 d\u2019una escola d\u2019Infantil i Prim\u00e0ria en un futur.<\/p>\n<p align=\"justify\">Amb el pas dels anys ja comptem amb 6 m\u00f2duls i una oferta educativa per a tots els nivells d&#8217;educaci\u00f3 infantil i prim\u00e0ria.<\/p>\n<p align=\"justify\">Un equip docent amb personal d&#8217;atenci\u00f3 educativa i serveis complet. Bon vincle amb les fam\u00edlies i els agents educatius de la zona.<\/p>\n<p align=\"justify\">Acollim, eduquem i acompanyem uns 225 infants, la nostra comunitat educativa ha crescut, i molt.<\/p>\n<p align=\"justify\">La missi\u00f3, els valors i la visi\u00f3 d&#8217;escola s\u00f3n pilars fonamentals de la nostra comunitat.<\/p>\n<p align=\"justify\"><a href=\"https:\/\/agora.xtec.cat\/esc-poblenoupineda\/wp-content\/uploads\/usu1963\/2025\/01\/VISIO-VALORS-MISSIO_bo.png\"><img loading=\"lazy\" decoding=\"async\" class=\"aligncenter wp-image-2091 size-large\" src=\"https:\/\/agora.xtec.cat\/esc-poblenoupineda\/wp-content\/uploads\/usu1963\/2025\/01\/VISIO-VALORS-MISSIO_bo-1024x724.png\" alt=\"\" width=\"1024\" height=\"724\" srcset=\"https:\/\/agora.xtec.cat\/esc-poblenoupineda\/wp-content\/uploads\/usu1963\/2025\/01\/VISIO-VALORS-MISSIO_bo-1024x724.png 1024w, https:\/\/agora.xtec.cat\/esc-poblenoupineda\/wp-content\/uploads\/usu1963\/2025\/01\/VISIO-VALORS-MISSIO_bo-300x212.png 300w, https:\/\/agora.xtec.cat\/esc-poblenoupineda\/wp-content\/uploads\/usu1963\/2025\/01\/VISIO-VALORS-MISSIO_bo-768x543.png 768w, https:\/\/agora.xtec.cat\/esc-poblenoupineda\/wp-content\/uploads\/usu1963\/2025\/01\/VISIO-VALORS-MISSIO_bo-1536x1086.png 1536w, https:\/\/agora.xtec.cat\/esc-poblenoupineda\/wp-content\/uploads\/usu1963\/2025\/01\/VISIO-VALORS-MISSIO_bo.png 2000w\" sizes=\"auto, (max-width: 1024px) 100vw, 1024px\" \/><\/a><\/p>\n<p>&nbsp;<\/p>\n","protected":false},"excerpt":{"rendered":"<p>L&#8217;escola Poblenou fa 17 cursos que acompanya infants i fam\u00edlies en el gran m\u00f3n de l&#8217;educaci\u00f3 i estem molt contents del nostre gran recorregut.<br \/>\nPETITA HIST\u00d2RIA<br \/>\nAquest centre comen\u00e7a la seva vida a la primavera de l\u2019any 2008 per tal de cobrir les necessitats educatives d\u2019un barri&hellip;  <a href=\"https:\/\/agora.xtec.cat\/esc-poblenoupineda\/lescola\/\" title=\"Read L&#8217;ESCOLA\">Llegeix m\u00e9s\u00bb<\/a><\/p>\n","protected":false},"author":1,"featured_media":0,"parent":0,"menu_order":0,"comment_status":"closed","ping_status":"closed","template":"page-templates\/side-menu.php","meta":{"_bbp_topic_count":0,"_bbp_reply_count":0,"_bbp_total_topic_count":0,"_bbp_total_reply_count":0,"_bbp_voice_count":0,"_bbp_anonymous_reply_count":0,"_bbp_topic_count_hidden":0,"_bbp_reply_count_hidden":0,"_bbp_forum_subforum_count":0,"footnotes":""},"class_list":["post-22","page","type-page","status-publish","hentry"],"post_mailing_queue_ids":[],"_links":{"self":[{"href":"https:\/\/agora.xtec.cat\/esc-poblenoupineda\/wp-json\/wp\/v2\/pages\/22","targetHints":{"allow":["GET"]}}],"collection":[{"href":"https:\/\/agora.xtec.cat\/esc-poblenoupineda\/wp-json\/wp\/v2\/pages"}],"about":[{"href":"https:\/\/agora.xtec.cat\/esc-poblenoupineda\/wp-json\/wp\/v2\/types\/page"}],"author":[{"embeddable":true,"href":"https:\/\/agora.xtec.cat\/esc-poblenoupineda\/wp-json\/wp\/v2\/users\/1"}],"replies":[{"embeddable":true,"href":"https:\/\/agora.xtec.cat\/esc-poblenoupineda\/wp-json\/wp\/v2\/comments?post=22"}],"version-history":[{"count":6,"href":"https:\/\/agora.xtec.cat\/esc-poblenoupineda\/wp-json\/wp\/v2\/pages\/22\/revisions"}],"predecessor-version":[{"id":2358,"href":"https:\/\/agora.xtec.cat\/esc-poblenoupineda\/wp-json\/wp\/v2\/pages\/22\/revisions\/2358"}],"wp:attachment":[{"href":"https:\/\/agora.xtec.cat\/esc-poblenoupineda\/wp-json\/wp\/v2\/media?parent=22"}],"curies":[{"name":"wp","href":"https:\/\/api.w.org\/{rel}","templated":true}]}}