{"id":2154,"date":"2025-01-31T17:01:15","date_gmt":"2025-01-31T16:01:15","guid":{"rendered":"https:\/\/agora.xtec.cat\/esc-poblenoupineda\/?page_id=2154"},"modified":"2025-03-06T18:24:36","modified_gmt":"2025-03-06T17:24:36","slug":"objectius-del-pdd","status":"publish","type":"page","link":"https:\/\/agora.xtec.cat\/esc-poblenoupineda\/objectius-del-pdd\/","title":{"rendered":"OBJECTIUS DEL PdD"},"content":{"rendered":"<p>El projecte de direcci\u00f3 iniciat el curs 2024-25 i fins al 2027-28 es proposa aquest mapa estrat\u00e8gic per seguir amb la l\u00ednia d&#8217;escola iniciada els primers anys. Tenint en compte les fortaleses i oportunitats aix\u00ed com les debilitats i amenaces. Sabem on som, on volem anar i com volem fer-ho.\u00a0<a href=\"https:\/\/agora.xtec.cat\/esc-poblenoupineda\/wp-content\/uploads\/usu1963\/2025\/01\/DESPLEGAMENT-ESTRATEGIC.png\"><br \/>\n<img loading=\"lazy\" decoding=\"async\" class=\"aligncenter size-full wp-image-2155\" src=\"https:\/\/agora.xtec.cat\/esc-poblenoupineda\/wp-content\/uploads\/usu1963\/2025\/01\/DESPLEGAMENT-ESTRATEGIC.png\" alt=\"\" width=\"2000\" height=\"1414\" srcset=\"https:\/\/agora.xtec.cat\/esc-poblenoupineda\/wp-content\/uploads\/usu1963\/2025\/01\/DESPLEGAMENT-ESTRATEGIC.png 2000w, https:\/\/agora.xtec.cat\/esc-poblenoupineda\/wp-content\/uploads\/usu1963\/2025\/01\/DESPLEGAMENT-ESTRATEGIC-300x212.png 300w, https:\/\/agora.xtec.cat\/esc-poblenoupineda\/wp-content\/uploads\/usu1963\/2025\/01\/DESPLEGAMENT-ESTRATEGIC-1024x724.png 1024w, https:\/\/agora.xtec.cat\/esc-poblenoupineda\/wp-content\/uploads\/usu1963\/2025\/01\/DESPLEGAMENT-ESTRATEGIC-768x543.png 768w, https:\/\/agora.xtec.cat\/esc-poblenoupineda\/wp-content\/uploads\/usu1963\/2025\/01\/DESPLEGAMENT-ESTRATEGIC-1536x1086.png 1536w\" sizes=\"auto, (max-width: 2000px) 100vw, 2000px\" \/><\/a><\/p>\n","protected":false},"excerpt":{"rendered":"<p>El projecte de direcci\u00f3 iniciat el curs 2024-25 i fins al 2027-28 es proposa aquest mapa estrat\u00e8gic per seguir amb la l\u00ednia d&#8217;escola iniciada els primers anys. Tenint en compte les fortaleses i oportunitats aix\u00ed com les debilitats i amenaces. Sabem on som, on volem&hellip;  <a href=\"https:\/\/agora.xtec.cat\/esc-poblenoupineda\/objectius-del-pdd\/\" title=\"Read OBJECTIUS DEL PdD\">Llegeix m\u00e9s\u00bb<\/a><\/p>\n","protected":false},"author":1,"featured_media":0,"parent":0,"menu_order":0,"comment_status":"closed","ping_status":"closed","template":"","meta":{"_bbp_topic_count":0,"_bbp_reply_count":0,"_bbp_total_topic_count":0,"_bbp_total_reply_count":0,"_bbp_voice_count":0,"_bbp_anonymous_reply_count":0,"_bbp_topic_count_hidden":0,"_bbp_reply_count_hidden":0,"_bbp_forum_subforum_count":0,"footnotes":""},"class_list":["post-2154","page","type-page","status-publish","hentry"],"post_mailing_queue_ids":[],"_links":{"self":[{"href":"https:\/\/agora.xtec.cat\/esc-poblenoupineda\/wp-json\/wp\/v2\/pages\/2154","targetHints":{"allow":["GET"]}}],"collection":[{"href":"https:\/\/agora.xtec.cat\/esc-poblenoupineda\/wp-json\/wp\/v2\/pages"}],"about":[{"href":"https:\/\/agora.xtec.cat\/esc-poblenoupineda\/wp-json\/wp\/v2\/types\/page"}],"author":[{"embeddable":true,"href":"https:\/\/agora.xtec.cat\/esc-poblenoupineda\/wp-json\/wp\/v2\/users\/1"}],"replies":[{"embeddable":true,"href":"https:\/\/agora.xtec.cat\/esc-poblenoupineda\/wp-json\/wp\/v2\/comments?post=2154"}],"version-history":[{"count":3,"href":"https:\/\/agora.xtec.cat\/esc-poblenoupineda\/wp-json\/wp\/v2\/pages\/2154\/revisions"}],"predecessor-version":[{"id":2278,"href":"https:\/\/agora.xtec.cat\/esc-poblenoupineda\/wp-json\/wp\/v2\/pages\/2154\/revisions\/2278"}],"wp:attachment":[{"href":"https:\/\/agora.xtec.cat\/esc-poblenoupineda\/wp-json\/wp\/v2\/media?parent=2154"}],"curies":[{"name":"wp","href":"https:\/\/api.w.org\/{rel}","templated":true}]}}