{"id":2131,"date":"2025-01-31T15:49:13","date_gmt":"2025-01-31T14:49:13","guid":{"rendered":"https:\/\/agora.xtec.cat\/esc-poblenoupineda\/?page_id=2131"},"modified":"2025-10-15T20:07:49","modified_gmt":"2025-10-15T18:07:49","slug":"comunitat-escolar","status":"publish","type":"page","link":"https:\/\/agora.xtec.cat\/esc-poblenoupineda\/comunitat-escolar\/","title":{"rendered":"COMUNITAT ESCOLAR"},"content":{"rendered":"<p>L&#8217;equip hum\u00e0 d&#8217;aquest curs el formem l&#8217;equip docent, el personal d&#8217;atenci\u00f3 inclusiva i el personal de servei.<\/p>\n<p>Totes i tots implicats en l&#8217;escola i en donar el millor de nosaltres mateixos.<\/p>\n<p><strong>Equip docent:<\/strong><\/p>\n<ul>\n<li>Martina Vila (directora i atenci\u00f3 a prim\u00e0ria)<\/li>\n<li>Carmen Vila (cap d&#8217;estudi i tutoria EI5)<\/li>\n<li>Roser Piferrer (secret\u00e0ria i atenci\u00f3 a infantil)<\/li>\n<li>Andrea Ortega (coordinaci\u00f3 infantil i tutoria EI3)<\/li>\n<li>Jasmina Durbau (tutoria EI4 i Science CI)<\/li>\n<li>Patr\u00edcia L\u00f3pez (tutoria 1r)<\/li>\n<li>Marta Carbonell (coordinaci\u00f3 ELIC i tutoria 2n)<\/li>\n<li>M\u00f2nica Garcia (coordinaci\u00f3 prim\u00e0ria i tutoria 3r)<\/li>\n<li>Ana Bugarski (tutoria 4t i Science CM i CS)<\/li>\n<li>Marta Zarauza (coordinaci\u00f3 riscos laborals i tutoria 5\u00e8)<\/li>\n<li>Francisco Garcia (coordinaci\u00f3 COCOBE i tutoria 5\u00e8)<\/li>\n<li>Isabel Estengre (atenci\u00f3 infantil i CI)<\/li>\n<li>Tanit Pi\u00f1ol (atenci\u00f3 a prim\u00e0ria)<\/li>\n<li>Santi Allegue (atenci\u00f3 a prim\u00e0ria)<\/li>\n<li>Carmen Casermeiro (especialista angl\u00e8s infantil i prim\u00e0ria)<\/li>\n<li>Jordi Sol (coordinaci\u00f3 TIC i Ed. F\u00edsica)<\/li>\n<li>Cec\u00edlia Castell\u00e0 (especialista de M\u00fasica)<\/li>\n<li>Charo Migens (Mestra Especialista Suport Inclusiu)<\/li>\n<\/ul>\n<p><strong>Personal de serveis i atenci\u00f3 a la diversitat:<\/strong><\/p>\n<ul>\n<li>Maria Jim\u00e9nez (T\u00e8cnica Integraci\u00f3 Social)<\/li>\n<li>Sandra Cabrera (T\u00e8cnica Especialista Educaci\u00f3 Infantil)<\/li>\n<li>Ramon Durbau (vetllador)<\/li>\n<li>Sara Coronado (administrativa)<\/li>\n<li>Manuel Prieto (conserge)<\/li>\n<\/ul>\n","protected":false},"excerpt":{"rendered":"<p>L&#8217;equip hum\u00e0 d&#8217;aquest curs el formem l&#8217;equip docent, el personal d&#8217;atenci\u00f3 inclusiva i el personal de servei.<br \/>\nTotes i tots implicats en l&#8217;escola i en donar el millor de nosaltres mateixos.<br \/>\nEquip docent:<\/p>\n<ul>\n<li>Martina Vila (directora i atenci\u00f3 a prim\u00e0ria)<\/li>\n<li>Carmen Vila (cap d&#8217;estudi i tutoria EI5)<\/li>\n<li>Roser Piferrer (secret\u00e0ria&hellip;  <a href=\"https:\/\/agora.xtec.cat\/esc-poblenoupineda\/comunitat-escolar\/\" title=\"Read COMUNITAT ESCOLAR\">Llegeix m\u00e9s\u00bb<\/a><br \/>\n","protected":false},"author":1,"featured_media":0,"parent":0,"menu_order":0,"comment_status":"closed","ping_status":"closed","template":"","meta":{"_bbp_topic_count":0,"_bbp_reply_count":0,"_bbp_total_topic_count":0,"_bbp_total_reply_count":0,"_bbp_voice_count":0,"_bbp_anonymous_reply_count":0,"_bbp_topic_count_hidden":0,"_bbp_reply_count_hidden":0,"_bbp_forum_subforum_count":0,"footnotes":""},"class_list":["post-2131","page","type-page","status-publish","hentry"],"post_mailing_queue_ids":[],"_links":{"self":[{"href":"https:\/\/agora.xtec.cat\/esc-poblenoupineda\/wp-json\/wp\/v2\/pages\/2131","targetHints":{"allow":["GET"]}}],"collection":[{"href":"https:\/\/agora.xtec.cat\/esc-poblenoupineda\/wp-json\/wp\/v2\/pages"}],"about":[{"href":"https:\/\/agora.xtec.cat\/esc-poblenoupineda\/wp-json\/wp\/v2\/types\/page"}],"author":[{"embeddable":true,"href":"https:\/\/agora.xtec.cat\/esc-poblenoupineda\/wp-json\/wp\/v2\/users\/1"}],"replies":[{"embeddable":true,"href":"https:\/\/agora.xtec.cat\/esc-poblenoupineda\/wp-json\/wp\/v2\/comments?post=2131"}],"version-history":[{"count":6,"href":"https:\/\/agora.xtec.cat\/esc-poblenoupineda\/wp-json\/wp\/v2\/pages\/2131\/revisions"}],"predecessor-version":[{"id":2366,"href":"https:\/\/agora.xtec.cat\/esc-poblenoupineda\/wp-json\/wp\/v2\/pages\/2131\/revisions\/2366"}],"wp:attachment":[{"href":"https:\/\/agora.xtec.cat\/esc-poblenoupineda\/wp-json\/wp\/v2\/media?parent=2131"}],"curies":[{"name":"wp","href":"https:\/\/api.w.org\/{rel}","templated":true}]}}