{"id":2107,"date":"2025-01-31T12:27:32","date_gmt":"2025-01-31T11:27:32","guid":{"rendered":"https:\/\/agora.xtec.cat\/esc-poblenoupineda\/?page_id=2107"},"modified":"2026-02-23T10:00:04","modified_gmt":"2026-02-23T09:00:04","slug":"edc","status":"publish","type":"page","link":"https:\/\/agora.xtec.cat\/esc-poblenoupineda\/lescola\/edc\/","title":{"rendered":"EDC"},"content":{"rendered":"<h1><a href=\"https:\/\/sites.google.com\/escolapoblenou.cat\/edcpineda\">WEB d&#8217;Estrat\u00e8gia digital de centre<\/a><\/h1>\n<p>Pel curs 25-26 participem a la convocat\u00f2ria Codi Escola 4.0,\u00a0per tal que\u00a0<strong>els centres educatius es puguin proveir d&#8217;equipament de programaci\u00f3 i rob\u00f2tica\u00a0<\/strong><strong>i complementar les dotacions rebudes per part del Departament d&#8217;Educaci\u00f3 i Formaci\u00f3 Professional<\/strong>. T\u00e9\u00a0la finalitat d&#8217;assolir els objectius del programa esmentat en l&#8217;exercici pressupostari 2025, i d&#8217;acord amb les funcions que corresponen a la Direcci\u00f3 General d&#8217;Innovaci\u00f3, Digitalitzaci\u00f3 i Curr\u00edculum, segons preveu l&#8217;article 92 del Decret 59\/2022, de 29 de mar\u00e7, de reestructuraci\u00f3 del Departament d&#8217;Educaci\u00f3.<\/p>\n<p><a href=\"https:\/\/agora.xtec.cat\/esc-poblenoupineda\/wp-content\/uploads\/usu1963\/2026\/02\/Captura-de-pantalla-2026-02-23-095710.png\"><img loading=\"lazy\" decoding=\"async\" class=\"aligncenter size-full wp-image-2431\" src=\"https:\/\/agora.xtec.cat\/esc-poblenoupineda\/wp-content\/uploads\/usu1963\/2026\/02\/Captura-de-pantalla-2026-02-23-095710.png\" alt=\"\" width=\"760\" height=\"123\" srcset=\"https:\/\/agora.xtec.cat\/esc-poblenoupineda\/wp-content\/uploads\/usu1963\/2026\/02\/Captura-de-pantalla-2026-02-23-095710.png 760w, https:\/\/agora.xtec.cat\/esc-poblenoupineda\/wp-content\/uploads\/usu1963\/2026\/02\/Captura-de-pantalla-2026-02-23-095710-300x49.png 300w\" sizes=\"auto, (max-width: 760px) 100vw, 760px\" \/><\/a><\/p>\n","protected":false},"excerpt":{"rendered":"<p><a href=\"https:\/\/sites.google.com\/escolapoblenou.cat\/edcpineda\">WEB d&#8217;Estrat\u00e8gia digital de centre<\/a><br \/>\nPel curs 25-26 participem a la convocat\u00f2ria Codi Escola 4.0,\u00a0per tal que\u00a0els centres educatius es puguin proveir d&#8217;equipament de programaci\u00f3 i rob\u00f2tica\u00a0i complementar les dotacions rebudes per part del Departament d&#8217;Educaci\u00f3 i Formaci\u00f3 Professional. T\u00e9\u00a0la finalitat d&#8217;assolir els objectius del&hellip;  <a href=\"https:\/\/agora.xtec.cat\/esc-poblenoupineda\/lescola\/edc\/\" title=\"Read EDC\">Llegeix m\u00e9s\u00bb<\/a><\/p>\n","protected":false},"author":1,"featured_media":0,"parent":22,"menu_order":0,"comment_status":"closed","ping_status":"closed","template":"page-templates\/side-menu.php","meta":{"_bbp_topic_count":0,"_bbp_reply_count":0,"_bbp_total_topic_count":0,"_bbp_total_reply_count":0,"_bbp_voice_count":0,"_bbp_anonymous_reply_count":0,"_bbp_topic_count_hidden":0,"_bbp_reply_count_hidden":0,"_bbp_forum_subforum_count":0,"footnotes":""},"class_list":["post-2107","page","type-page","status-publish","hentry"],"post_mailing_queue_ids":[],"_links":{"self":[{"href":"https:\/\/agora.xtec.cat\/esc-poblenoupineda\/wp-json\/wp\/v2\/pages\/2107","targetHints":{"allow":["GET"]}}],"collection":[{"href":"https:\/\/agora.xtec.cat\/esc-poblenoupineda\/wp-json\/wp\/v2\/pages"}],"about":[{"href":"https:\/\/agora.xtec.cat\/esc-poblenoupineda\/wp-json\/wp\/v2\/types\/page"}],"author":[{"embeddable":true,"href":"https:\/\/agora.xtec.cat\/esc-poblenoupineda\/wp-json\/wp\/v2\/users\/1"}],"replies":[{"embeddable":true,"href":"https:\/\/agora.xtec.cat\/esc-poblenoupineda\/wp-json\/wp\/v2\/comments?post=2107"}],"version-history":[{"count":2,"href":"https:\/\/agora.xtec.cat\/esc-poblenoupineda\/wp-json\/wp\/v2\/pages\/2107\/revisions"}],"predecessor-version":[{"id":2432,"href":"https:\/\/agora.xtec.cat\/esc-poblenoupineda\/wp-json\/wp\/v2\/pages\/2107\/revisions\/2432"}],"up":[{"embeddable":true,"href":"https:\/\/agora.xtec.cat\/esc-poblenoupineda\/wp-json\/wp\/v2\/pages\/22"}],"wp:attachment":[{"href":"https:\/\/agora.xtec.cat\/esc-poblenoupineda\/wp-json\/wp\/v2\/media?parent=2107"}],"curies":[{"name":"wp","href":"https:\/\/api.w.org\/{rel}","templated":true}]}}