{"id":7165,"date":"2024-07-03T14:18:57","date_gmt":"2024-07-03T12:18:57","guid":{"rendered":"https:\/\/agora.xtec.cat\/esc-planasicasals\/?page_id=7165"},"modified":"2024-07-03T14:18:57","modified_gmt":"2024-07-03T12:18:57","slug":"projecte-de-reutilitzacio-de-llibres","status":"publish","type":"page","link":"https:\/\/agora.xtec.cat\/esc-planasicasals\/pagina-dinici-buida\/lescola\/projecte-de-reutilitzacio-de-llibres\/","title":{"rendered":"Projecte de Reutilitzaci\u00f3 de llibres"},"content":{"rendered":"<p>Des de ja fa 14 anys, a l\u2019Escola, s\u2019ha consolidat el Programa de Socialitzaci\u00f3 i reutilitzaci\u00f3 dels LLIBRES, \u201c<b>Mira\u2019m una altra vegada.\u201d<\/b><\/p>\n<p>Aquest projecte se sost\u00e9n amb les aportacions de les fam\u00edlies i la subvenci\u00f3 que atorga l\u2019Ajuntament de Badalona a trav\u00e9s del seu programa de subvencions anuals.<\/p>\n<p>Donades les caracter\u00edstiques dels materials, n\u2019hi ha que no es poden reutilitzar. Es tracta de llibres d\u2019un sol \u00fas on els alumnes pinten, retallen, enganxen, etc. Aquests materials s\u00f3n molt propis dels nivells d\u2019Educaci\u00f3 Infantil i els primers nivells de l\u2019Ensenyament Primari. Per aquesta ra\u00f3 el Programa de Reutilitzaci\u00f3 no t\u00e9 efectes al Parvulari i t\u00e9 poca incid\u00e8ncia al Cicle Inicial,\u00a0 per\u00f2 com m\u00e9s elevat \u00e9s el nivell que s\u2019estudia, major \u00e9s l\u2019impacte del Programa i major \u00e9s l\u2019estalvi per a les fam\u00edlies.<\/p>\n<p>El Programa\u00a0<b>Mira\u2019m una altra vegada\u00a0<\/b>se subscriu en matricular els\u00a0 i les alumnes a l\u2019escola, i consisteix en un comprom\u00eds entre les fam\u00edlies i l\u2019escola en el que, d\u2019una part l\u2019escola cedeix els llibres a un cost simb\u00f2lic i procura inculcar, als i les alumnes, l\u2019esperit i el valor de la conservaci\u00f3 del patrimoni comunitari. I de l\u2019altra part,\u00a0<b>les fam\u00edlies es comprometen a fer el mateix amb els seus fills i a procurar que no els perdin ni en facin mal \u00fas.<\/b><\/p>\n<p>Cada curs a finals de juny, un grups de mestres, mares i pares volunt\u00e0riament, revisen l\u2019estat dels llibres i destrien aquells que estan m\u00e9s malmesos. Els llibres de text tenen una vig\u00e8ncia de quatre anys, aix\u00f2 suposa que els i les alumnes que tinguin els llibres en el darrer any, probablement els trobin m\u00e9s malmesos. Aix\u00ed i tot, \u00e9s una responsabilitat compartida, VOSTRA I NOSTRA, conservar els llibres en el millor estat possible.<\/p>\n<p>Finalment, hi ha l\u2019acord de Consell Escolar que estableix que un llibre fet malb\u00e9 o perdut s\u2019ha de reposar o reemborsar a proporci\u00f3 del 25% del seu valor per any passat, i el no compliment dels acords establerts suposa la suspensi\u00f3 del programa.<\/p>\n<p>&nbsp;<\/p>\n<p>&nbsp;<\/p>\n","protected":false},"excerpt":{"rendered":"<p>Des de ja fa 14 anys, a l\u2019Escola, s\u2019ha consolidat el Programa de Socialitzaci\u00f3 i reutilitzaci\u00f3 dels LLIBRES, \u201cMira\u2019m una altra vegada.\u201d Aquest projecte se sost\u00e9n amb les aportacions de les fam\u00edlies i la subvenci\u00f3 que atorga l\u2019Ajuntament de Badalona a trav\u00e9s del seu programa de subvencions anuals. Donades les caracter\u00edstiques dels materials, n\u2019hi ha [&hellip;]<\/p>\n","protected":false},"author":3,"featured_media":0,"parent":22,"menu_order":7,"comment_status":"closed","ping_status":"closed","template":"","meta":{"_bbp_topic_count":0,"_bbp_reply_count":0,"_bbp_total_topic_count":0,"_bbp_total_reply_count":0,"_bbp_voice_count":0,"_bbp_anonymous_reply_count":0,"_bbp_topic_count_hidden":0,"_bbp_reply_count_hidden":0,"_bbp_forum_subforum_count":0,"site-sidebar-layout":"default","site-content-layout":"","ast-site-content-layout":"","site-content-style":"default","site-sidebar-style":"default","ast-global-header-display":"","ast-banner-title-visibility":"","ast-main-header-display":"","ast-hfb-above-header-display":"","ast-hfb-below-header-display":"","ast-hfb-mobile-header-display":"","site-post-title":"","ast-breadcrumbs-content":"","ast-featured-img":"","footer-sml-layout":"","theme-transparent-header-meta":"","adv-header-id-meta":"","stick-header-meta":"","header-above-stick-meta":"","header-main-stick-meta":"","header-below-stick-meta":"","astra-migrate-meta-layouts":"default","ast-page-background-enabled":"default","ast-page-background-meta":{"desktop":{"background-color":"var(--ast-global-color-4)","background-image":"","background-repeat":"repeat","background-position":"center center","background-size":"auto","background-attachment":"scroll","background-type":"","background-media":"","overlay-type":"","overlay-color":"","overlay-opacity":"","overlay-gradient":""},"tablet":{"background-color":"","background-image":"","background-repeat":"repeat","background-position":"center center","background-size":"auto","background-attachment":"scroll","background-type":"","background-media":"","overlay-type":"","overlay-color":"","overlay-opacity":"","overlay-gradient":""},"mobile":{"background-color":"","background-image":"","background-repeat":"repeat","background-position":"center center","background-size":"auto","background-attachment":"scroll","background-type":"","background-media":"","overlay-type":"","overlay-color":"","overlay-opacity":"","overlay-gradient":""}},"ast-content-background-meta":{"desktop":{"background-color":"var(--ast-global-color-5)","background-image":"","background-repeat":"repeat","background-position":"center center","background-size":"auto","background-attachment":"scroll","background-type":"","background-media":"","overlay-type":"","overlay-color":"","overlay-opacity":"","overlay-gradient":""},"tablet":{"background-color":"var(--ast-global-color-5)","background-image":"","background-repeat":"repeat","background-position":"center center","background-size":"auto","background-attachment":"scroll","background-type":"","background-media":"","overlay-type":"","overlay-color":"","overlay-opacity":"","overlay-gradient":""},"mobile":{"background-color":"var(--ast-global-color-5)","background-image":"","background-repeat":"repeat","background-position":"center center","background-size":"auto","background-attachment":"scroll","background-type":"","background-media":"","overlay-type":"","overlay-color":"","overlay-opacity":"","overlay-gradient":""}},"footnotes":""},"class_list":["post-7165","page","type-page","status-publish","hentry"],"post_mailing_queue_ids":[],"_links":{"self":[{"href":"https:\/\/agora.xtec.cat\/esc-planasicasals\/wp-json\/wp\/v2\/pages\/7165","targetHints":{"allow":["GET"]}}],"collection":[{"href":"https:\/\/agora.xtec.cat\/esc-planasicasals\/wp-json\/wp\/v2\/pages"}],"about":[{"href":"https:\/\/agora.xtec.cat\/esc-planasicasals\/wp-json\/wp\/v2\/types\/page"}],"author":[{"embeddable":true,"href":"https:\/\/agora.xtec.cat\/esc-planasicasals\/wp-json\/wp\/v2\/users\/3"}],"replies":[{"embeddable":true,"href":"https:\/\/agora.xtec.cat\/esc-planasicasals\/wp-json\/wp\/v2\/comments?post=7165"}],"version-history":[{"count":1,"href":"https:\/\/agora.xtec.cat\/esc-planasicasals\/wp-json\/wp\/v2\/pages\/7165\/revisions"}],"predecessor-version":[{"id":7166,"href":"https:\/\/agora.xtec.cat\/esc-planasicasals\/wp-json\/wp\/v2\/pages\/7165\/revisions\/7166"}],"up":[{"embeddable":true,"href":"https:\/\/agora.xtec.cat\/esc-planasicasals\/wp-json\/wp\/v2\/pages\/22"}],"wp:attachment":[{"href":"https:\/\/agora.xtec.cat\/esc-planasicasals\/wp-json\/wp\/v2\/media?parent=7165"}],"curies":[{"name":"wp","href":"https:\/\/api.w.org\/{rel}","templated":true}]}}