{"id":36,"date":"2014-09-18T12:33:11","date_gmt":"2014-09-18T11:33:11","guid":{"rendered":"http:\/\/agora.xtec.cat\/esc-planasicasals\/?page_id=36"},"modified":"2025-07-08T12:43:01","modified_gmt":"2025-07-08T10:43:01","slug":"material-escolar","status":"publish","type":"page","link":"https:\/\/agora.xtec.cat\/esc-planasicasals\/pagina-dinici-buida\/lescola\/material-escolar\/","title":{"rendered":"Material escolar"},"content":{"rendered":"<p><a href=\"http:\/\/agora.xtec.cat\/esc-planasicasals\/wp-content\/uploads\/usu274\/2014\/09\/cont_ajuts-llibres-i-material.jpeg\"><img loading=\"lazy\" decoding=\"async\" class=\" wp-image-814 alignleft\" src=\"http:\/\/agora.xtec.cat\/esc-planasicasals\/wp-content\/uploads\/usu274\/2014\/09\/cont_ajuts-llibres-i-material.jpeg\" alt=\"cont_ajuts-llibres-i-material\" width=\"134\" height=\"170\" \/><\/a>\u00c9s important comprendre que el Dret a l&#8217;Educaci\u00f3 a l&#8217;Estat \u00e9s gratu\u00eft i universal. Per\u00f2 cal diferenciar el Dret mateix, del cost de l&#8217;exercici d&#8217;aquest dret. Aix\u00ed les administracions p\u00fabliques mantenen el Sistema educatiu a l&#8217;Estat, de manera que aquest Dret \u00e9s garantit, per\u00f2 hi ha despeses menors a les quals cal fer front, com \u00e9s el cas dels llibres, materials escolars o les fotoc\u00f2pies, per exemple.<\/p>\n<p>La Gesti\u00f3 del material escolar dels i de les alumnes es fa des del centre. Les fam\u00edlies suporten una quota anual per aquest concepte i l&#8217;escola facilita tot el material als i les alumnes.<\/p>\n<p>Les quotes que suporten les fam\u00edlies dels i de les alumnes es revisen anualment\u00a0 en sessi\u00f3 Ordin\u00e0ria del Consell Escolar. B\u00e0sicament, aquestes quotes s\u00f3n per a material Escolar i per a fotoc\u00f2pies. En algunes situacions particulars l&#8217;Administraci\u00f3 pot convocar programes econ\u00f2mics per ajudar les fam\u00edlies amb m\u00e9s necessitat.<\/p>\n<p>A m\u00e9s l&#8217;Escola t\u00e9 un Programa de socialitzaci\u00f3 i reutilitzaci\u00f3 de llibres que s&#8217;anomena <span style=\"text-decoration: underline;\"><em>Mira&#8217;m una altra vegada<\/em><\/span>. Aquest programa nom\u00e9s cobreix els llibres reutilitzables a l&#8217;Educaci\u00f3 Prim\u00e0ria i suposa, d&#8217;una banda,\u00a0 essencialment que les fam\u00edlies poden llogar per el curs acad\u00e8mic els llibres de text, lectures i llibres de consulta sense necessitat d&#8217;haver de comprar-los, I de l&#8217;altra, ajuda els i les alumnes a prendre consci\u00e8ncia del valor del b\u00e9 col\u00b7lectiu, de la necessitat de preservar-lo i compartir-lo.<\/p>\n<p>Enguany les quotes fixades per al curs 2025-2026 s\u00f3n les seg\u00fcents:<\/p>\n<ol>\n<li style=\"list-style-type: none;\">\n<ol>\n<li>Comunitat de Petits: (Material escolar, reprografia, serveis inform\u00e0tics i socialitzaci\u00f3 de llibres): 89,51 \u20ac<\/li>\n<li>Comunitat de Mitjans: (Material escolar, reprografia, serveis inform\u00e0tics i socialitzaci\u00f3 de llibres): 94,59 \u20ac<\/li>\n<li>Comunitat de Grans: (Material escolar, reprografia, serveis inform\u00e0tics i socialitzaci\u00f3 de llibres): 84,42 \u20ac<\/li>\n<\/ol>\n<\/li>\n<\/ol>\n<p>Les sortides i visites culturals complement\u00e0ries a l&#8217;Aprenentatge es decideixen a principi de curs i el Consell Escolar \u00e9s qui n&#8217;aprova el cost que hauran de suportar les fam\u00edlies.<\/p>\n<p style=\"text-align: center;\"><a href=\"http:\/\/agora.xtec.cat\/esc-planasicasals\/wp-content\/uploads\/usu274\/2017\/06\/llibres.jpg\"><img loading=\"lazy\" decoding=\"async\" class=\"wp-image-1203 aligncenter\" src=\"http:\/\/agora.xtec.cat\/esc-planasicasals\/wp-content\/uploads\/usu274\/2017\/06\/llibres.jpg\" alt=\"llibres\" width=\"296\" height=\"179\" srcset=\"https:\/\/agora.xtec.cat\/esc-planasicasals\/wp-content\/uploads\/usu274\/2017\/06\/llibres.jpg 480w, https:\/\/agora.xtec.cat\/esc-planasicasals\/wp-content\/uploads\/usu274\/2017\/06\/llibres-300x181.jpg 300w\" sizes=\"auto, (max-width: 296px) 100vw, 296px\" \/><\/a><\/p>\n<blockquote>\n<p style=\"text-align: center;\"><em><sup>Imatge superior de INS. Arquitecte Manuel Raspall<\/sup><\/em><\/p>\n<p>&nbsp;<\/p><\/blockquote>\n<h4 style=\"text-align: center;\"><strong><a href=\"https:\/\/agora.xtec.cat\/esc-planasicasals\/docs\/relacio-de-llibres-de-text-per-al-curs-escolar-2025-2026\/\">RELACI\u00d3 DE LLIBRES DE TEXT PER AL CURS 2025-2026<\/a>\u00a0<\/strong><\/h4>\n<h6><\/h6>\n","protected":false},"excerpt":{"rendered":"<p>\u00c9s important comprendre que el Dret a l&#8217;Educaci\u00f3 a l&#8217;Estat \u00e9s gratu\u00eft i universal. Per\u00f2 cal diferenciar el Dret mateix, del cost de l&#8217;exercici d&#8217;aquest dret. Aix\u00ed les administracions p\u00fabliques mantenen el Sistema educatiu a l&#8217;Estat, de manera que aquest Dret \u00e9s garantit, per\u00f2 hi ha despeses menors a les quals cal fer front, com [&hellip;]<\/p>\n","protected":false},"author":1,"featured_media":0,"parent":22,"menu_order":4,"comment_status":"closed","ping_status":"closed","template":"","meta":{"_bbp_topic_count":0,"_bbp_reply_count":0,"_bbp_total_topic_count":0,"_bbp_total_reply_count":0,"_bbp_voice_count":0,"_bbp_anonymous_reply_count":0,"_bbp_topic_count_hidden":0,"_bbp_reply_count_hidden":0,"_bbp_forum_subforum_count":0,"site-sidebar-layout":"default","site-content-layout":"","ast-site-content-layout":"","site-content-style":"default","site-sidebar-style":"default","ast-global-header-display":"","ast-banner-title-visibility":"","ast-main-header-display":"","ast-hfb-above-header-display":"","ast-hfb-below-header-display":"","ast-hfb-mobile-header-display":"","site-post-title":"","ast-breadcrumbs-content":"","ast-featured-img":"","footer-sml-layout":"","theme-transparent-header-meta":"","adv-header-id-meta":"","stick-header-meta":"","header-above-stick-meta":"","header-main-stick-meta":"","header-below-stick-meta":"","astra-migrate-meta-layouts":"default","ast-page-background-enabled":"default","ast-page-background-meta":{"desktop":{"background-color":"var(--ast-global-color-4)","background-image":"","background-repeat":"repeat","background-position":"center center","background-size":"auto","background-attachment":"scroll","background-type":"","background-media":"","overlay-type":"","overlay-color":"","overlay-opacity":"","overlay-gradient":""},"tablet":{"background-color":"","background-image":"","background-repeat":"repeat","background-position":"center center","background-size":"auto","background-attachment":"scroll","background-type":"","background-media":"","overlay-type":"","overlay-color":"","overlay-opacity":"","overlay-gradient":""},"mobile":{"background-color":"","background-image":"","background-repeat":"repeat","background-position":"center center","background-size":"auto","background-attachment":"scroll","background-type":"","background-media":"","overlay-type":"","overlay-color":"","overlay-opacity":"","overlay-gradient":""}},"ast-content-background-meta":{"desktop":{"background-color":"var(--ast-global-color-5)","background-image":"","background-repeat":"repeat","background-position":"center center","background-size":"auto","background-attachment":"scroll","background-type":"","background-media":"","overlay-type":"","overlay-color":"","overlay-opacity":"","overlay-gradient":""},"tablet":{"background-color":"var(--ast-global-color-5)","background-image":"","background-repeat":"repeat","background-position":"center center","background-size":"auto","background-attachment":"scroll","background-type":"","background-media":"","overlay-type":"","overlay-color":"","overlay-opacity":"","overlay-gradient":""},"mobile":{"background-color":"var(--ast-global-color-5)","background-image":"","background-repeat":"repeat","background-position":"center center","background-size":"auto","background-attachment":"scroll","background-type":"","background-media":"","overlay-type":"","overlay-color":"","overlay-opacity":"","overlay-gradient":""}},"footnotes":""},"class_list":["post-36","page","type-page","status-publish","hentry"],"post_mailing_queue_ids":[],"_links":{"self":[{"href":"https:\/\/agora.xtec.cat\/esc-planasicasals\/wp-json\/wp\/v2\/pages\/36","targetHints":{"allow":["GET"]}}],"collection":[{"href":"https:\/\/agora.xtec.cat\/esc-planasicasals\/wp-json\/wp\/v2\/pages"}],"about":[{"href":"https:\/\/agora.xtec.cat\/esc-planasicasals\/wp-json\/wp\/v2\/types\/page"}],"author":[{"embeddable":true,"href":"https:\/\/agora.xtec.cat\/esc-planasicasals\/wp-json\/wp\/v2\/users\/1"}],"replies":[{"embeddable":true,"href":"https:\/\/agora.xtec.cat\/esc-planasicasals\/wp-json\/wp\/v2\/comments?post=36"}],"version-history":[{"count":6,"href":"https:\/\/agora.xtec.cat\/esc-planasicasals\/wp-json\/wp\/v2\/pages\/36\/revisions"}],"predecessor-version":[{"id":7461,"href":"https:\/\/agora.xtec.cat\/esc-planasicasals\/wp-json\/wp\/v2\/pages\/36\/revisions\/7461"}],"up":[{"embeddable":true,"href":"https:\/\/agora.xtec.cat\/esc-planasicasals\/wp-json\/wp\/v2\/pages\/22"}],"wp:attachment":[{"href":"https:\/\/agora.xtec.cat\/esc-planasicasals\/wp-json\/wp\/v2\/media?parent=36"}],"curies":[{"name":"wp","href":"https:\/\/api.w.org\/{rel}","templated":true}]}}