{"id":32,"date":"2014-09-18T12:31:33","date_gmt":"2014-09-18T11:31:33","guid":{"rendered":"http:\/\/agora.xtec.cat\/esc-planasicasals\/?page_id=32"},"modified":"2026-02-10T13:42:01","modified_gmt":"2026-02-10T12:42:01","slug":"calendari-del-curs","status":"publish","type":"page","link":"https:\/\/agora.xtec.cat\/esc-planasicasals\/pagina-dinici-buida\/lescola\/calendari-del-curs\/","title":{"rendered":"Calendari del curs"},"content":{"rendered":"<p>Aquest curs inicia les classes el dia <b>08 de setembre <\/b>de 2025 i acaba el dia <b>19 de juny <\/b>de 2026.<\/p>\n<p><strong>L&#8217;horari escolar amb car\u00e0cter general \u00e9s de 9:00 h a les 12:30 h i des de les 15:00 h a les 16:30 h.<\/strong> Durant els per\u00edodes de jornada continuada o intensiva, l&#8217;horari escolar \u00e9s des de les 9:00\u202fh fins a les 13:00 h.<\/p>\n<p><strong>Especialment, aquest curs hi haur\u00e0 un per\u00edode de jornada intensiva, del dia 8 al 19 de juny de 2026.<\/strong> Durant aquest temps l&#8217;activitat educativa ser\u00e0 des de les des de les 9:00 h a les 13:00 h. <strong>Puntualment<\/strong>, el darrer dia del primer trimestre, <strong>el dia 19<\/strong><strong style=\"font-family: inherit; font-size: 1em;\">\u00a0de desembre de 2025<\/strong><span style=\"font-family: inherit; font-size: 1em;\">, tamb\u00e9 hi haur\u00e0 jornada intensiva<\/span><\/p>\n<p>Aquest curs hi ha <strong>dos per\u00edodes de\u00a0 vacances,<\/strong> un per Nadal i l\u2019altre per Pasqua.<strong>\u00a0<\/strong><\/p>\n<ul>\n<li>Les vacances de Nadal comencen el dissabte 20 de desembre i s\u2019acaben el dimarts 7 de gener de 2026 <i>(el dia 19 de desembre \u00e9s el darrer del trimestre i les classes \u00e9s re emprenen el dimecres 8 de gener)<\/i><\/li>\n<li>Les vacances de Pasqua comencen el dia 28 de mar\u00e7 i acaben el dilluns 6 d\u2019abril. <i>(el darrer dia \u00e9s el divendres 27 de mar\u00e7 i es reprenen les classes el dijous 9\u00a0 d\u2019abril)<\/i><\/li>\n<\/ul>\n<p>A m\u00e9s hi ha algunes dates que s\u00f3n <strong>festes oficials, o b\u00e9 a Catalunya o b\u00e9 a Badalona<\/strong>.<\/p>\n<ul>\n<li>Dijous, 11 de setembre de 2025<\/li>\n<li>Divendres, 8 de desembre, de 2024<\/li>\n<li>Divendres 1 de maig de 2026<\/li>\n<li>Dilluns, 11 de maig de 2026<\/li>\n<li>Dilluns,25 de juny de 2026.<\/li>\n<\/ul>\n<p>El Consell Escolar pot triar<strong> 4\u00a0 dies de festa, anomenats dies de lliure disposici\u00f3,<\/strong> i a proposta del Consell Escolar\u00a0 Municipal, aquests dies s\u00f3n:<\/p>\n<ul>\n<li>Dilluns, 3 de novembre de 2025<\/li>\n<li>Divendres, 5 de desembre de 2025<\/li>\n<li>Dilluns, 16 de febrer de 2026<\/li>\n<li>Divendres, 30 d&#8217;abril de 2026<\/li>\n<\/ul>\n<p>Aix\u00ed i tot, al llarg del curs hi haur\u00e0 alguns dies que l\u2019activitat escolar ser\u00e0 diferent a causa de la proximitat d\u2019una festa tradicional o de la mateixa diada.\u00a0 Aix\u00ed doncs:<\/p>\n<ul>\n<li>Dissabte, 31 d\u2019octubre, celebrarem la Castanyada<\/li>\n<li>Divendres, 13 de febrer de 2026 celebrarem el Carnestoltes<\/li>\n<li>Divendres, 27 de mar\u00e7 de 2026 el dia de la mona i la Pasqua<\/li>\n<li>Dijous, 23 d\u2019abril de 2026, Sant Jordi i els Jocs Florals a l\u2019escola<\/li>\n<\/ul>\n<p>Finalment, per <strong>als i les alumnes d\u2019infantil 3 anys (I.3)<\/strong> es desenvolupar\u00e0 un horari d\u2019adaptaci\u00f3 diferenciat a la resta dels alumnes de l\u2019escola per tal d\u2019afavorir la seva entrada a l\u2019escola, des del dimarts, 8 de setembre fins dijous, 10 de setembre.<\/p>\n<p><a href=\"https:\/\/agora.xtec.cat\/esc-planasicasals\/wp-content\/uploads\/usu274\/2026\/02\/CALENDARI-2025-2026.png\"><img loading=\"lazy\" decoding=\"async\" class=\"size-full wp-image-7497 aligncenter\" src=\"https:\/\/agora.xtec.cat\/esc-planasicasals\/wp-content\/uploads\/usu274\/2026\/02\/CALENDARI-2025-2026.png\" alt=\"\" width=\"453\" height=\"643\" srcset=\"https:\/\/agora.xtec.cat\/esc-planasicasals\/wp-content\/uploads\/usu274\/2026\/02\/CALENDARI-2025-2026.png 453w, https:\/\/agora.xtec.cat\/esc-planasicasals\/wp-content\/uploads\/usu274\/2026\/02\/CALENDARI-2025-2026-211x300.png 211w\" sizes=\"auto, (max-width: 453px) 100vw, 453px\" \/><\/a><\/p>\n<p>&nbsp;<\/p>\n","protected":false},"excerpt":{"rendered":"<p>Aquest curs inicia les classes el dia 08 de setembre de 2025 i acaba el dia 19 de juny de 2026. L&#8217;horari escolar amb car\u00e0cter general \u00e9s de 9:00 h a les 12:30 h i des de les 15:00 h a les 16:30 h. Durant els per\u00edodes de jornada continuada o intensiva, l&#8217;horari escolar \u00e9s [&hellip;]<\/p>\n","protected":false},"author":1,"featured_media":0,"parent":22,"menu_order":5,"comment_status":"closed","ping_status":"closed","template":"","meta":{"_bbp_topic_count":0,"_bbp_reply_count":0,"_bbp_total_topic_count":0,"_bbp_total_reply_count":0,"_bbp_voice_count":0,"_bbp_anonymous_reply_count":0,"_bbp_topic_count_hidden":0,"_bbp_reply_count_hidden":0,"_bbp_forum_subforum_count":0,"site-sidebar-layout":"default","site-content-layout":"","ast-site-content-layout":"","site-content-style":"default","site-sidebar-style":"default","ast-global-header-display":"","ast-banner-title-visibility":"","ast-main-header-display":"","ast-hfb-above-header-display":"","ast-hfb-below-header-display":"","ast-hfb-mobile-header-display":"","site-post-title":"","ast-breadcrumbs-content":"","ast-featured-img":"","footer-sml-layout":"","theme-transparent-header-meta":"","adv-header-id-meta":"","stick-header-meta":"","header-above-stick-meta":"","header-main-stick-meta":"","header-below-stick-meta":"","astra-migrate-meta-layouts":"default","ast-page-background-enabled":"default","ast-page-background-meta":{"desktop":{"background-color":"var(--ast-global-color-4)","background-image":"","background-repeat":"repeat","background-position":"center center","background-size":"auto","background-attachment":"scroll","background-type":"","background-media":"","overlay-type":"","overlay-color":"","overlay-opacity":"","overlay-gradient":""},"tablet":{"background-color":"","background-image":"","background-repeat":"repeat","background-position":"center center","background-size":"auto","background-attachment":"scroll","background-type":"","background-media":"","overlay-type":"","overlay-color":"","overlay-opacity":"","overlay-gradient":""},"mobile":{"background-color":"","background-image":"","background-repeat":"repeat","background-position":"center center","background-size":"auto","background-attachment":"scroll","background-type":"","background-media":"","overlay-type":"","overlay-color":"","overlay-opacity":"","overlay-gradient":""}},"ast-content-background-meta":{"desktop":{"background-color":"var(--ast-global-color-5)","background-image":"","background-repeat":"repeat","background-position":"center center","background-size":"auto","background-attachment":"scroll","background-type":"","background-media":"","overlay-type":"","overlay-color":"","overlay-opacity":"","overlay-gradient":""},"tablet":{"background-color":"var(--ast-global-color-5)","background-image":"","background-repeat":"repeat","background-position":"center center","background-size":"auto","background-attachment":"scroll","background-type":"","background-media":"","overlay-type":"","overlay-color":"","overlay-opacity":"","overlay-gradient":""},"mobile":{"background-color":"var(--ast-global-color-5)","background-image":"","background-repeat":"repeat","background-position":"center center","background-size":"auto","background-attachment":"scroll","background-type":"","background-media":"","overlay-type":"","overlay-color":"","overlay-opacity":"","overlay-gradient":""}},"footnotes":""},"class_list":["post-32","page","type-page","status-publish","hentry"],"post_mailing_queue_ids":[],"_links":{"self":[{"href":"https:\/\/agora.xtec.cat\/esc-planasicasals\/wp-json\/wp\/v2\/pages\/32","targetHints":{"allow":["GET"]}}],"collection":[{"href":"https:\/\/agora.xtec.cat\/esc-planasicasals\/wp-json\/wp\/v2\/pages"}],"about":[{"href":"https:\/\/agora.xtec.cat\/esc-planasicasals\/wp-json\/wp\/v2\/types\/page"}],"author":[{"embeddable":true,"href":"https:\/\/agora.xtec.cat\/esc-planasicasals\/wp-json\/wp\/v2\/users\/1"}],"replies":[{"embeddable":true,"href":"https:\/\/agora.xtec.cat\/esc-planasicasals\/wp-json\/wp\/v2\/comments?post=32"}],"version-history":[{"count":6,"href":"https:\/\/agora.xtec.cat\/esc-planasicasals\/wp-json\/wp\/v2\/pages\/32\/revisions"}],"predecessor-version":[{"id":7498,"href":"https:\/\/agora.xtec.cat\/esc-planasicasals\/wp-json\/wp\/v2\/pages\/32\/revisions\/7498"}],"up":[{"embeddable":true,"href":"https:\/\/agora.xtec.cat\/esc-planasicasals\/wp-json\/wp\/v2\/pages\/22"}],"wp:attachment":[{"href":"https:\/\/agora.xtec.cat\/esc-planasicasals\/wp-json\/wp\/v2\/media?parent=32"}],"curies":[{"name":"wp","href":"https:\/\/api.w.org\/{rel}","templated":true}]}}