{"id":26,"date":"2014-09-18T12:24:32","date_gmt":"2014-09-18T11:24:32","guid":{"rendered":"http:\/\/agora.xtec.cat\/esc-planasicasals\/?page_id=26"},"modified":"2024-07-07T16:28:24","modified_gmt":"2024-07-07T14:28:24","slug":"historia","status":"publish","type":"page","link":"https:\/\/agora.xtec.cat\/esc-planasicasals\/pagina-dinici-buida\/projecte-educatiu\/historia\/","title":{"rendered":"Hist\u00f2ria"},"content":{"rendered":"<table border=\"0\" width=\"934\">\n<tbody>\n<tr>\n<td colspan=\"2\" height=\"67\">\n<h4 align=\"center\"><span class=\"Estilo97\">1\u00aa \u00e8poca (del 1976 al 1997)<\/span><\/h4>\n<\/td>\n<td height=\"67\"><\/td>\n<\/tr>\n<tr>\n<td rowspan=\"2\" width=\"481\">\n<p class=\"Estilo100\" align=\"justify\"><span style=\"font-family: Verdana,Arial,Helvetica,sans-serif;\">El <strong><a href=\"http:\/\/www.xtec.cat\/ceipplanasicasals\/quiera.htm\">CP Pl<\/a><a href=\"http:\/\/www.xtec.cat\/ceipplanasicasals\/quiera.htm\" target=\"_blank\" rel=\"noopener noreferrer\">anas i Casals<\/a> <\/strong>es va inaugurar el curs 1976-1977.<\/span> <span style=\"font-family: Verdana,Arial,Helvetica,sans-serif;\">El col\u00b7legi p\u00fablic \u201cPlanas i Casals\u201d era una de les tres escoles que es van construir a Can Ruti a la d\u00e8cada dels 70. Aquesta era l\u2019escola dels barris de Bufal\u00e0, Bonavista i Canyet. Era una escola molt ben equipada: comptava amb 16 aules, 2 per nivell des de 1r fins a 8\u00e8. disposava de laboratori, gimn\u00e0s, sala d\u2019audiovisuals, un gran menjador, cuina pr\u00f2pia, casa per al conserge i&#8230; la muntanya. <\/span><\/p>\n<p class=\"Estilo100\" align=\"justify\"><span style=\"font-family: Verdana,Arial,Helvetica,sans-serif;\">El parvulari estava ubicat al barri de Bufal\u00e0, al carrer Independ\u00e8ncia, i era conegut com el \u201cColegio de Madera\u201d o \u201cParvulari de Fusta\u201d. Actualment hi ha un petit parc infantil en el solar on estava aquesta edificaci\u00f3. Ja en el curs 1985-1986 els alumnes de Parvulari van ser traslladats a l\u2019edifici de Can Ruti., despr\u00e9s d\u2019haver-se habilitat unes aules especials per als m\u00e9s petits.<\/span><\/p>\n<p class=\"Estilo100\" align=\"justify\"><span style=\"font-family: Verdana,Arial,Helvetica,sans-serif;\">Tamb\u00e9 a partir de l\u2019any 85 l\u2019escola va anar patint una reducci\u00f3 progressiva de l\u2019alumnat, coincidint amb la davallada de natalitat, i en pocs anys va passar a ser una escola d\u2019una l\u00ednia amb un promig de 20 a 25 alumnes per nivell. Les escoles ve\u00efnes, Juli\u00e0 Minguell i Enric Borr\u00e0s, van tancar&#8230; La nostra va mantenir la seva ubicaci\u00f3 a la muntanya fins el setembre de l\u2019any 1997, moment en qu\u00e8 els alumnes i els professors ens v\u00e0rem traslladar a l\u2019edifici que ocupem actualment i que tots vosaltres coneixeu.<\/span><\/p>\n<\/td>\n<td><\/td>\n<td>\n<div align=\"center\"><a href=\"https:\/\/agora.xtec.cat\/esc-planasicasals\/wp-content\/uploads\/usu274\/2019\/10\/patisol.gif\"><img loading=\"lazy\" decoding=\"async\" class=\"aligncenter size-full wp-image-3565\" src=\"https:\/\/agora.xtec.cat\/esc-planasicasals\/wp-content\/uploads\/usu274\/2019\/10\/patisol.gif\" alt=\"\" width=\"283\" height=\"190\" \/><\/a><\/div>\n<\/td>\n<\/tr>\n<tr>\n<td width=\"19\"><\/td>\n<td width=\"420\">\n<div align=\"center\"><a href=\"https:\/\/agora.xtec.cat\/esc-planasicasals\/wp-content\/uploads\/usu274\/2019\/10\/neuvista.gif\"><img loading=\"lazy\" decoding=\"async\" class=\"aligncenter size-full wp-image-3566\" src=\"https:\/\/agora.xtec.cat\/esc-planasicasals\/wp-content\/uploads\/usu274\/2019\/10\/neuvista.gif\" alt=\"\" width=\"283\" height=\"190\" \/><\/a><\/div>\n<\/td>\n<\/tr>\n<\/tbody>\n<\/table>\n<table border=\"0\" width=\"935\">\n<tbody>\n<tr>\n<td colspan=\"2\">\n<h4 align=\"center\"><span class=\"Estilo97\">2\u00aa \u00e8poca (del 1997 a l&#8217;actualitat)<\/span><\/h4>\n<\/td>\n<td colspan=\"3\" width=\"420\" height=\"59\"><\/td>\n<\/tr>\n<tr>\n<td class=\"Estilo100\" width=\"482\">\n<p class=\"Estilo100\" align=\"justify\"><span style=\"font-family: Verdana,Arial,Helvetica,sans-serif;\">Aix\u00ed doncs el curs 97-98 ja va comen\u00e7ar en el nou edifici. Vam haver d&#8217;adaptar-nos als nous companys (de ser uns 15 mestres, v\u00e0rem passar a ser 24), als nous alumnes (es va doblar el nombre de nens i nenes) i als nous espais. L&#8217;excel\u00b7lent gesti\u00f3 de l&#8217;Equip Directiu i la col\u00b7laboraci\u00f3 de tota la Comunitat Educativa van facilitar molt aquesta adaptaci\u00f3.<\/span><\/p>\n<p class=\"Estilo100\" align=\"justify\"><span style=\"font-family: Verdana,Arial,Helvetica,sans-serif;\">El curs seg\u00fcent el President de la Generalitat, Sr. Jordi Pujol, va inaugurar oficialment l&#8217;escola. <\/span><\/p>\n<p class=\"Estilo100\" align=\"justify\"><span style=\"font-family: Verdana,Arial,Helvetica,sans-serif;\">Al llarg d&#8217;aquests anys l&#8217;escola ha evolucionat molt; s&#8217;ha anat definint el Projecte Educatiu inicial fent un gran esfor\u00e7 per introduir l&#8217;aprenentatge de les lleng\u00fces estrangeres des de ben petits, o b\u00e9 afegint una segona llengua estrangera<span style=\"font-family: Verdana,Arial,Helvetica,sans-serif;\"> als m\u00e9s grans, <\/span> el franc\u00e8s, i finalment fent algunes classes seguint el programa CLIL en l&#8217;assignatura de Coneixement del Medi Natural i Social.<\/span><\/p>\n<p class=\"Estilo100\" align=\"justify\"><span style=\"font-family: Verdana,Arial,Helvetica,sans-serif;\">Mantenim l&#8217;hort escolar, i hi ha instal\u00b7lat un roc\u00f2drom al gimn\u00e0s, digitalitzaci\u00f3 de totes les aules de l&#8217;escola, aula de lleng\u00fces estrangeres, Inform\u00e0tica&#8230; creaci\u00f3 d&#8217;ambients d&#8217;aprenentatge a Educaci\u00f3 Infantil. En definitiva, aspectes que mostren la voluntat d&#8217;innovar i millorar la qualitat de l&#8217;ensenyament que oferim al nostre entorn. <\/span><\/p>\n<p class=\"Estilo100\" align=\"justify\">\n<\/td>\n<td class=\"Estilo100\" width=\"19\"><\/td>\n<td class=\"Estilo100\" colspan=\"3\" height=\"182\"><a href=\"https:\/\/agora.xtec.cat\/esc-planasicasals\/wp-content\/uploads\/usu274\/2019\/10\/logo.png\"><img loading=\"lazy\" decoding=\"async\" class=\"aligncenter size-full wp-image-3568\" src=\"https:\/\/agora.xtec.cat\/esc-planasicasals\/wp-content\/uploads\/usu274\/2019\/10\/logo.png\" alt=\"\" width=\"314\" height=\"235\" srcset=\"https:\/\/agora.xtec.cat\/esc-planasicasals\/wp-content\/uploads\/usu274\/2019\/10\/logo.png 314w, https:\/\/agora.xtec.cat\/esc-planasicasals\/wp-content\/uploads\/usu274\/2019\/10\/logo-300x225.png 300w, https:\/\/agora.xtec.cat\/esc-planasicasals\/wp-content\/uploads\/usu274\/2019\/10\/logo-200x150.png 200w\" sizes=\"auto, (max-width: 314px) 100vw, 314px\" \/><\/a><\/p>\n<p class=\"Estilo100\" align=\"center\">\n<\/td>\n<\/tr>\n<\/tbody>\n<\/table>\n<p>&nbsp;<\/p>\n","protected":false},"excerpt":{"rendered":"<p>1\u00aa \u00e8poca (del 1976 al 1997) El CP Planas i Casals es va inaugurar el curs 1976-1977. El col\u00b7legi p\u00fablic \u201cPlanas i Casals\u201d era una de les tres escoles que es van construir a Can Ruti a la d\u00e8cada dels 70. Aquesta era l\u2019escola dels barris de Bufal\u00e0, Bonavista i Canyet. Era una escola molt [&hellip;]<\/p>\n","protected":false},"author":1,"featured_media":0,"parent":7193,"menu_order":0,"comment_status":"closed","ping_status":"closed","template":"","meta":{"_bbp_topic_count":0,"_bbp_reply_count":0,"_bbp_total_topic_count":0,"_bbp_total_reply_count":0,"_bbp_voice_count":0,"_bbp_anonymous_reply_count":0,"_bbp_topic_count_hidden":0,"_bbp_reply_count_hidden":0,"_bbp_forum_subforum_count":0,"site-sidebar-layout":"default","site-content-layout":"","ast-site-content-layout":"","site-content-style":"default","site-sidebar-style":"default","ast-global-header-display":"","ast-banner-title-visibility":"","ast-main-header-display":"","ast-hfb-above-header-display":"","ast-hfb-below-header-display":"","ast-hfb-mobile-header-display":"","site-post-title":"","ast-breadcrumbs-content":"","ast-featured-img":"","footer-sml-layout":"","theme-transparent-header-meta":"","adv-header-id-meta":"","stick-header-meta":"","header-above-stick-meta":"","header-main-stick-meta":"","header-below-stick-meta":"","astra-migrate-meta-layouts":"default","ast-page-background-enabled":"default","ast-page-background-meta":{"desktop":{"background-color":"var(--ast-global-color-4)","background-image":"","background-repeat":"repeat","background-position":"center center","background-size":"auto","background-attachment":"scroll","background-type":"","background-media":"","overlay-type":"","overlay-color":"","overlay-opacity":"","overlay-gradient":""},"tablet":{"background-color":"","background-image":"","background-repeat":"repeat","background-position":"center center","background-size":"auto","background-attachment":"scroll","background-type":"","background-media":"","overlay-type":"","overlay-color":"","overlay-opacity":"","overlay-gradient":""},"mobile":{"background-color":"","background-image":"","background-repeat":"repeat","background-position":"center center","background-size":"auto","background-attachment":"scroll","background-type":"","background-media":"","overlay-type":"","overlay-color":"","overlay-opacity":"","overlay-gradient":""}},"ast-content-background-meta":{"desktop":{"background-color":"var(--ast-global-color-5)","background-image":"","background-repeat":"repeat","background-position":"center center","background-size":"auto","background-attachment":"scroll","background-type":"","background-media":"","overlay-type":"","overlay-color":"","overlay-opacity":"","overlay-gradient":""},"tablet":{"background-color":"var(--ast-global-color-5)","background-image":"","background-repeat":"repeat","background-position":"center center","background-size":"auto","background-attachment":"scroll","background-type":"","background-media":"","overlay-type":"","overlay-color":"","overlay-opacity":"","overlay-gradient":""},"mobile":{"background-color":"var(--ast-global-color-5)","background-image":"","background-repeat":"repeat","background-position":"center center","background-size":"auto","background-attachment":"scroll","background-type":"","background-media":"","overlay-type":"","overlay-color":"","overlay-opacity":"","overlay-gradient":""}},"footnotes":""},"class_list":["post-26","page","type-page","status-publish","hentry"],"post_mailing_queue_ids":[],"_links":{"self":[{"href":"https:\/\/agora.xtec.cat\/esc-planasicasals\/wp-json\/wp\/v2\/pages\/26","targetHints":{"allow":["GET"]}}],"collection":[{"href":"https:\/\/agora.xtec.cat\/esc-planasicasals\/wp-json\/wp\/v2\/pages"}],"about":[{"href":"https:\/\/agora.xtec.cat\/esc-planasicasals\/wp-json\/wp\/v2\/types\/page"}],"author":[{"embeddable":true,"href":"https:\/\/agora.xtec.cat\/esc-planasicasals\/wp-json\/wp\/v2\/users\/1"}],"replies":[{"embeddable":true,"href":"https:\/\/agora.xtec.cat\/esc-planasicasals\/wp-json\/wp\/v2\/comments?post=26"}],"version-history":[{"count":3,"href":"https:\/\/agora.xtec.cat\/esc-planasicasals\/wp-json\/wp\/v2\/pages\/26\/revisions"}],"predecessor-version":[{"id":3569,"href":"https:\/\/agora.xtec.cat\/esc-planasicasals\/wp-json\/wp\/v2\/pages\/26\/revisions\/3569"}],"up":[{"embeddable":true,"href":"https:\/\/agora.xtec.cat\/esc-planasicasals\/wp-json\/wp\/v2\/pages\/7193"}],"wp:attachment":[{"href":"https:\/\/agora.xtec.cat\/esc-planasicasals\/wp-json\/wp\/v2\/media?parent=26"}],"curies":[{"name":"wp","href":"https:\/\/api.w.org\/{rel}","templated":true}]}}