{"id":1934,"date":"2019-03-19T17:11:02","date_gmt":"2019-03-19T16:11:02","guid":{"rendered":"http:\/\/agora.xtec.cat\/esc-pericot\/?page_id=1934"},"modified":"2019-03-21T20:11:32","modified_gmt":"2019-03-21T19:11:32","slug":"musica-3","status":"publish","type":"page","link":"https:\/\/agora.xtec.cat\/esc-pericot\/adn-pericot\/musica-3\/","title":{"rendered":"M\u00daSICA"},"content":{"rendered":"<p>&nbsp;<\/p>\n<table style=\"height: 100px; width: 100%; border-collapse: collapse; border-style: none;\">\n<tbody>\n<tr>\n<td style=\"width: 14.6909%; vertical-align: middle; border-style: none; background-color: #f7cdd6;\"><img loading=\"lazy\" decoding=\"async\" class=\"aligncenter wp-image-1964\" src=\"https:\/\/agora.xtec.cat\/esc-pericot\/wp-content\/uploads\/usu807\/2019\/03\/musica3.png\" alt=\"\" width=\"124\" height=\"90\" srcset=\"https:\/\/agora.xtec.cat\/esc-pericot\/wp-content\/uploads\/usu807\/2019\/03\/musica3.png 721w, https:\/\/agora.xtec.cat\/esc-pericot\/wp-content\/uploads\/usu807\/2019\/03\/musica3-300x218.png 300w\" sizes=\"auto, (max-width: 124px) 100vw, 124px\" \/><\/td>\n<td style=\"width: 12.3772%; vertical-align: middle; border-style: none; background-color: #f7cdd6;\"><img loading=\"lazy\" decoding=\"async\" class=\"aligncenter wp-image-1993\" src=\"https:\/\/agora.xtec.cat\/esc-pericot\/wp-content\/uploads\/usu807\/2019\/03\/m\u00fasica6.png\" alt=\"\" width=\"100\" height=\"90\" srcset=\"https:\/\/agora.xtec.cat\/esc-pericot\/wp-content\/uploads\/usu807\/2019\/03\/m\u00fasica6.png 740w, https:\/\/agora.xtec.cat\/esc-pericot\/wp-content\/uploads\/usu807\/2019\/03\/m\u00fasica6-300x271.png 300w\" sizes=\"auto, (max-width: 100px) 100vw, 100px\" \/><\/td>\n<td style=\"width: 10.762%; vertical-align: middle; border-style: none; background-color: #f7cdd6;\"><img loading=\"lazy\" decoding=\"async\" class=\"aligncenter wp-image-1992\" src=\"https:\/\/agora.xtec.cat\/esc-pericot\/wp-content\/uploads\/usu807\/2019\/03\/musica_4.png\" alt=\"\" width=\"89\" height=\"90\" srcset=\"https:\/\/agora.xtec.cat\/esc-pericot\/wp-content\/uploads\/usu807\/2019\/03\/musica_4.png 526w, https:\/\/agora.xtec.cat\/esc-pericot\/wp-content\/uploads\/usu807\/2019\/03\/musica_4-150x150.png 150w, https:\/\/agora.xtec.cat\/esc-pericot\/wp-content\/uploads\/usu807\/2019\/03\/musica_4-297x300.png 297w\" sizes=\"auto, (max-width: 89px) 100vw, 89px\" \/><\/td>\n<td style=\"width: 14.7833%; vertical-align: middle; border-style: none; background-color: #f7cdd6;\"><img loading=\"lazy\" decoding=\"async\" class=\"wp-image-1991 aligncenter\" src=\"https:\/\/agora.xtec.cat\/esc-pericot\/wp-content\/uploads\/usu807\/2019\/03\/musica5.png\" alt=\"\" width=\"128\" height=\"87\" srcset=\"https:\/\/agora.xtec.cat\/esc-pericot\/wp-content\/uploads\/usu807\/2019\/03\/musica5.png 784w, https:\/\/agora.xtec.cat\/esc-pericot\/wp-content\/uploads\/usu807\/2019\/03\/musica5-300x205.png 300w, https:\/\/agora.xtec.cat\/esc-pericot\/wp-content\/uploads\/usu807\/2019\/03\/musica5-768x525.png 768w\" sizes=\"auto, (max-width: 128px) 100vw, 128px\" \/><\/td>\n<td style=\"width: 124.165%; vertical-align: middle; border-style: none; background-color: #f7cdd6;\"><img loading=\"lazy\" decoding=\"async\" class=\"wp-image-1963 aligncenter\" src=\"https:\/\/agora.xtec.cat\/esc-pericot\/wp-content\/uploads\/usu807\/2019\/03\/m\u00fasica1-1024x196.png\" alt=\"\" width=\"458\" height=\"88\" \/><\/td>\n<\/tr>\n<\/tbody>\n<\/table>\n<p><iframe loading=\"lazy\" src=\"https:\/\/www.youtube.com\/embed\/IwpfOnrqodU\" width=\"560\" height=\"315\" frameborder=\"0\" allowfullscreen=\"allowfullscreen\"><\/iframe><\/p>\n<p>La m\u00fasica \u00e9s una part molt important del projecte educatiu de l&#8217;escola Pericot i \u00e9s per aix\u00f2 que ja des de bon principi es treballa de manera molt experimental i vivencial. Durant tota l&#8217;etapa educativa s&#8217;estimula la creativitat i la imaginaci\u00f3 a partir de diversos materials, recursos i instruments, pensant sempre en el benestar dels alumnes i el seu creixement personal.<\/p>\n<p>&nbsp;<\/p>\n","protected":false},"excerpt":{"rendered":"<p>&nbsp; La m\u00fasica \u00e9s una part molt important del projecte educatiu de l&#8217;escola Pericot i \u00e9s per aix\u00f2 que ja des de bon principi es treballa de manera molt experimental i vivencial. Durant tota l&#8217;etapa educativa s&#8217;estimula la creativitat i la imaginaci\u00f3 a partir de diversos materials, recursos i instruments, pensant sempre en el benestar [&hellip;]<\/p>\n","protected":false},"author":1,"featured_media":0,"parent":1820,"menu_order":40,"comment_status":"closed","ping_status":"closed","template":"page-templates\/side-menu.php","meta":{"_bbp_topic_count":0,"_bbp_reply_count":0,"_bbp_total_topic_count":0,"_bbp_total_reply_count":0,"_bbp_voice_count":0,"_bbp_anonymous_reply_count":0,"_bbp_topic_count_hidden":0,"_bbp_reply_count_hidden":0,"_bbp_forum_subforum_count":0,"site-sidebar-layout":"default","site-content-layout":"","ast-site-content-layout":"","site-content-style":"default","site-sidebar-style":"default","ast-global-header-display":"","ast-banner-title-visibility":"","ast-main-header-display":"","ast-hfb-above-header-display":"","ast-hfb-below-header-display":"","ast-hfb-mobile-header-display":"","site-post-title":"","ast-breadcrumbs-content":"","ast-featured-img":"","footer-sml-layout":"","theme-transparent-header-meta":"","adv-header-id-meta":"","stick-header-meta":"","header-above-stick-meta":"","header-main-stick-meta":"","header-below-stick-meta":"","astra-migrate-meta-layouts":"default","ast-page-background-enabled":"default","ast-page-background-meta":{"desktop":{"background-color":"var(--ast-global-color-4)","background-image":"","background-repeat":"repeat","background-position":"center center","background-size":"auto","background-attachment":"scroll","background-type":"","background-media":"","overlay-type":"","overlay-color":"","overlay-opacity":"","overlay-gradient":""},"tablet":{"background-color":"","background-image":"","background-repeat":"repeat","background-position":"center center","background-size":"auto","background-attachment":"scroll","background-type":"","background-media":"","overlay-type":"","overlay-color":"","overlay-opacity":"","overlay-gradient":""},"mobile":{"background-color":"","background-image":"","background-repeat":"repeat","background-position":"center center","background-size":"auto","background-attachment":"scroll","background-type":"","background-media":"","overlay-type":"","overlay-color":"","overlay-opacity":"","overlay-gradient":""}},"ast-content-background-meta":{"desktop":{"background-color":"var(--ast-global-color-5)","background-image":"","background-repeat":"repeat","background-position":"center center","background-size":"auto","background-attachment":"scroll","background-type":"","background-media":"","overlay-type":"","overlay-color":"","overlay-opacity":"","overlay-gradient":""},"tablet":{"background-color":"var(--ast-global-color-5)","background-image":"","background-repeat":"repeat","background-position":"center center","background-size":"auto","background-attachment":"scroll","background-type":"","background-media":"","overlay-type":"","overlay-color":"","overlay-opacity":"","overlay-gradient":""},"mobile":{"background-color":"var(--ast-global-color-5)","background-image":"","background-repeat":"repeat","background-position":"center center","background-size":"auto","background-attachment":"scroll","background-type":"","background-media":"","overlay-type":"","overlay-color":"","overlay-opacity":"","overlay-gradient":""}},"footnotes":""},"class_list":["post-1934","page","type-page","status-publish","hentry"],"post_mailing_queue_ids":[],"_links":{"self":[{"href":"https:\/\/agora.xtec.cat\/esc-pericot\/wp-json\/wp\/v2\/pages\/1934","targetHints":{"allow":["GET"]}}],"collection":[{"href":"https:\/\/agora.xtec.cat\/esc-pericot\/wp-json\/wp\/v2\/pages"}],"about":[{"href":"https:\/\/agora.xtec.cat\/esc-pericot\/wp-json\/wp\/v2\/types\/page"}],"author":[{"embeddable":true,"href":"https:\/\/agora.xtec.cat\/esc-pericot\/wp-json\/wp\/v2\/users\/1"}],"replies":[{"embeddable":true,"href":"https:\/\/agora.xtec.cat\/esc-pericot\/wp-json\/wp\/v2\/comments?post=1934"}],"version-history":[{"count":3,"href":"https:\/\/agora.xtec.cat\/esc-pericot\/wp-json\/wp\/v2\/pages\/1934\/revisions"}],"predecessor-version":[{"id":2029,"href":"https:\/\/agora.xtec.cat\/esc-pericot\/wp-json\/wp\/v2\/pages\/1934\/revisions\/2029"}],"up":[{"embeddable":true,"href":"https:\/\/agora.xtec.cat\/esc-pericot\/wp-json\/wp\/v2\/pages\/1820"}],"wp:attachment":[{"href":"https:\/\/agora.xtec.cat\/esc-pericot\/wp-json\/wp\/v2\/media?parent=1934"}],"curies":[{"name":"wp","href":"https:\/\/api.w.org\/{rel}","templated":true}]}}