{"id":84,"date":"2014-09-18T14:11:31","date_gmt":"2014-09-18T13:11:31","guid":{"rendered":"http:\/\/agora.xtec.cat\/esc-pauvilabcn\/?page_id=84"},"modified":"2024-10-21T17:57:36","modified_gmt":"2024-10-21T15:57:36","slug":"activitats-extraescolars","status":"publish","type":"page","link":"https:\/\/agora.xtec.cat\/esc-pauvilabcn\/serveis\/activitats-extraescolars\/","title":{"rendered":"Activitats extraescolars"},"content":{"rendered":"<p>Les activitats extraescolars tenen lloc en horari no lectiu,\u00a0 al migdia, de 13:45h a 14:45h, o despr\u00e9s de les 16:30h, i la major part d\u2019elles les organitza l\u2019AFA de l\u2019escola, la qual subcontracta les activitats a entitats especialitzades.<\/p>\n<p>Totes les activitats extraescolars que s\u2019imparteixen hauran d\u2019estar en sintonia i respectar la l\u00ednia pedag\u00f2gica del centre, els valors i les actituds que aquest proposi.<\/p>\n<p>Les activitats que s\u2019oferiran hauran de ser apropiades per a tots els alumnes amb la \u00fanica difer\u00e8ncia de l\u2019edat i l\u2019oferta haur\u00e0 d\u2019abra\u00e7ar totes les edats amb activitats apropiades a cadascuna d\u2019elles.<\/p>\n<p>L\u2019AFA podr\u00e0 decidir sobre l\u2019organitzaci\u00f3 i\/o continu\u00eftat d\u2019una activitat ofertada segons la quantitat d\u2019alumnes inscrits.<\/p>\n<p>S\u00f3n activitats volunt\u00e0ries i de pagament obligatori.<\/p>\n<p>&nbsp;<\/p>\n<p><a href=\"https:\/\/afaescolapauvilabarcelona.wordpress.com\/\" target=\"_blank\" rel=\"noopener noreferrer\">Per m\u00e9s informaci\u00f3: Enlla\u00e7 web AFA de l&#8217;escola Pau Vila<\/a><\/p>\n<p>&nbsp;<\/p>\n<p><a href=\"https:\/\/agora.xtec.cat\/esc-pauvilabcn\/wp-content\/uploads\/usu1190\/2024\/10\/ACTIVITATS-EXTRAESCOLARS-ESCOLA-PAU-VILA-CURS-2024-1.pdf\">ACTIVITATS EXTRAESCOLARS ESCOLA PAU VILA CURS 2024-25<\/a><\/p>\n","protected":false},"excerpt":{"rendered":"<p>Les activitats extraescolars tenen lloc en horari no lectiu,\u00a0 al migdia, de 13:45h a 14:45h, o despr\u00e9s de les 16:30h, i la major part d\u2019elles les organitza l\u2019AFA de l\u2019escola, la qual subcontracta les activitats a entitats especialitzades.<br \/>\nTotes les activitats extraescolars que s\u2019imparteixen hauran d\u2019estar&hellip;  <a href=\"https:\/\/agora.xtec.cat\/esc-pauvilabcn\/serveis\/activitats-extraescolars\/\" title=\"Read Activitats extraescolars\">Llegeix m\u00e9s\u00bb<\/a><\/p>\n","protected":false},"author":1,"featured_media":0,"parent":66,"menu_order":60,"comment_status":"closed","ping_status":"closed","template":"page-templates\/side-menu.php","meta":{"_bbp_topic_count":0,"_bbp_reply_count":0,"_bbp_total_topic_count":0,"_bbp_total_reply_count":0,"_bbp_voice_count":0,"_bbp_anonymous_reply_count":0,"_bbp_topic_count_hidden":0,"_bbp_reply_count_hidden":0,"_bbp_forum_subforum_count":0,"footnotes":""},"class_list":["post-84","page","type-page","status-publish","hentry"],"post_mailing_queue_ids":[],"_links":{"self":[{"href":"https:\/\/agora.xtec.cat\/esc-pauvilabcn\/wp-json\/wp\/v2\/pages\/84","targetHints":{"allow":["GET"]}}],"collection":[{"href":"https:\/\/agora.xtec.cat\/esc-pauvilabcn\/wp-json\/wp\/v2\/pages"}],"about":[{"href":"https:\/\/agora.xtec.cat\/esc-pauvilabcn\/wp-json\/wp\/v2\/types\/page"}],"author":[{"embeddable":true,"href":"https:\/\/agora.xtec.cat\/esc-pauvilabcn\/wp-json\/wp\/v2\/users\/1"}],"replies":[{"embeddable":true,"href":"https:\/\/agora.xtec.cat\/esc-pauvilabcn\/wp-json\/wp\/v2\/comments?post=84"}],"version-history":[{"count":6,"href":"https:\/\/agora.xtec.cat\/esc-pauvilabcn\/wp-json\/wp\/v2\/pages\/84\/revisions"}],"predecessor-version":[{"id":5856,"href":"https:\/\/agora.xtec.cat\/esc-pauvilabcn\/wp-json\/wp\/v2\/pages\/84\/revisions\/5856"}],"up":[{"embeddable":true,"href":"https:\/\/agora.xtec.cat\/esc-pauvilabcn\/wp-json\/wp\/v2\/pages\/66"}],"wp:attachment":[{"href":"https:\/\/agora.xtec.cat\/esc-pauvilabcn\/wp-json\/wp\/v2\/media?parent=84"}],"curies":[{"name":"wp","href":"https:\/\/api.w.org\/{rel}","templated":true}]}}