{"id":586,"date":"2017-02-22T09:40:25","date_gmt":"2017-02-22T08:40:25","guid":{"rendered":"http:\/\/agora.xtec.cat\/esc-pauvilabcn\/?page_id=586"},"modified":"2024-10-27T21:16:23","modified_gmt":"2024-10-27T20:16:23","slug":"trets-didentitat","status":"publish","type":"page","link":"https:\/\/agora.xtec.cat\/esc-pauvilabcn\/projecte-educatiu\/trets-didentitat\/","title":{"rendered":"Trets d&#8217;identitat"},"content":{"rendered":"<ul>\n<li>L\u2019escola \u00e9s de titularitat municipal, integrada dins el Consorci d\u2019Educaci\u00f3 de Barcelona. \u00c9s una escola familiar, d\u2019una l\u00ednia d\u2019Educaci\u00f3 Infantil i Prim\u00e0ria.<br \/>\nSom una escola catalana i laica, arrelada a l\u2019entorn i a la ciutat. Celebrem festes i tradicions pr\u00f2pies de la nostre identitat cultural.<br \/>\nEst\u00e0 situada en un entorn privilegiat ( entre la muntanya de Montju\u00efc i el barri de Font de la Guatlla, Mag\u00f2ria). Treballem per oferir als nostre nens i nenes un ampli ventall de recursos educatius per afavorir la seva educaci\u00f3 integral.<\/li>\n<li>Afavorim que el nostre alumnat adquireixi uns estils de vida que els permeti ser bons ciutadans i ciutadanes , potenciant el respecte cap als altres dins i fora de l\u2019escola aportant aspectes de millora en la societat on viuen.<\/li>\n<li>Acci\u00f3 tutorial. Acompanyament a les fam\u00edlies en el proc\u00e9s de creixement dels seus fills\/filles, fent un seguiment i assessorament pedag\u00f2gic i emocional adaptant-nos a les necessitats d\u2019aprenentatge de cada alumne.<\/li>\n<li>Treballem l\u2019Educaci\u00f3 emocional . Ajudem a l&#8217; alumnat al seu autoconeixement i a trobar estrat\u00e8gies per relacionar-se amb els altres de forma emp\u00e0tica. Ajudem a l\u2019alumne a aprendre a identificar i expressar emocions i sentiments per tal \u00a0que pugui desenvolupar les seves compet\u00e8ncies emocionals.<\/li>\n<li>Som escola Inclusiva. Adaptem les activitats a les caracter\u00edstiques dels alumnes amb necessitats educatives especials<\/li>\n<li>Realitzem sortides i activitats relacionades amb el curr\u00edculum. Treballem els continguts de manera m\u00e9s vivencial i aprenent a comportar-se i relacionar-se en espais diferents del centre escolar.<\/li>\n<li>Democr\u00e0tica i participativa. Tota la Comunitat Educativa t\u00e9 els seus canals de comunicaci\u00f3 i participaci\u00f3.<\/li>\n<li>Coeducativa. Treballem per garantir les mateixes oportunitats entre g\u00e8neres.<\/li>\n<li>Afavorint els \u00e0mbits art\u00edstics i d\u2019Educaci\u00f3 F\u00edsica ( piscina en horari lectiu de I4 a 2n, activitats d\u2019Educaci\u00f3 Musical i esportives integrades al llarg de tota l\u2019escolaritat).<\/li>\n<li>Col\u00b7laborem en projectes educatius d\u2018actualitat: cient\u00edfics, culturals, mediambientals i socials. Formem part de les Escoles Sostenibles i jard\u00ed vertical.<\/li>\n<li>Projectes transversals de centres: Els espais verds de l\u2019escola , un m\u00f3n ple de vida.<\/li>\n<li>Potenciem un bon aprenentatge de les lleng\u00fces al centre (catal\u00e0, castell\u00e0 i angl\u00e8s), perqu\u00e8 puguin assolir una bona compet\u00e8ncia comunicativa en un m\u00f3n globalitzat. Introdu\u00efm la llengua anglesa a I5.<\/li>\n<li>Continu\u00eftat de la secund\u00e0ria al IES XXVena, IES Bosc de Montju\u00efc i IES Consell de Cent&#8230;<\/li>\n<\/ul>\n","protected":false},"excerpt":{"rendered":"<ul>\n<li>L\u2019escola \u00e9s de titularitat municipal, integrada dins el Consorci d\u2019Educaci\u00f3 de Barcelona. \u00c9s una escola familiar, d\u2019una l\u00ednia d\u2019Educaci\u00f3 Infantil i Prim\u00e0ria.<br \/>\nSom una escola catalana i laica, arrelada a l\u2019entorn i a la ciutat. Celebrem festes i tradicions pr\u00f2pies de la nostre identitat cultural.<br \/>\nEst\u00e0 situada&hellip;  <a href=\"https:\/\/agora.xtec.cat\/esc-pauvilabcn\/projecte-educatiu\/trets-didentitat\/\" title=\"Read Trets d&#8217;identitat\">Llegeix m\u00e9s\u00bb<\/a><\/p>\n","protected":false},"author":1,"featured_media":0,"parent":64,"menu_order":0,"comment_status":"closed","ping_status":"closed","template":"page-templates\/side-menu.php","meta":{"_bbp_topic_count":0,"_bbp_reply_count":0,"_bbp_total_topic_count":0,"_bbp_total_reply_count":0,"_bbp_voice_count":0,"_bbp_anonymous_reply_count":0,"_bbp_topic_count_hidden":0,"_bbp_reply_count_hidden":0,"_bbp_forum_subforum_count":0,"footnotes":""},"class_list":["post-586","page","type-page","status-publish","hentry"],"post_mailing_queue_ids":[],"_links":{"self":[{"href":"https:\/\/agora.xtec.cat\/esc-pauvilabcn\/wp-json\/wp\/v2\/pages\/586","targetHints":{"allow":["GET"]}}],"collection":[{"href":"https:\/\/agora.xtec.cat\/esc-pauvilabcn\/wp-json\/wp\/v2\/pages"}],"about":[{"href":"https:\/\/agora.xtec.cat\/esc-pauvilabcn\/wp-json\/wp\/v2\/types\/page"}],"author":[{"embeddable":true,"href":"https:\/\/agora.xtec.cat\/esc-pauvilabcn\/wp-json\/wp\/v2\/users\/1"}],"replies":[{"embeddable":true,"href":"https:\/\/agora.xtec.cat\/esc-pauvilabcn\/wp-json\/wp\/v2\/comments?post=586"}],"version-history":[{"count":5,"href":"https:\/\/agora.xtec.cat\/esc-pauvilabcn\/wp-json\/wp\/v2\/pages\/586\/revisions"}],"predecessor-version":[{"id":5858,"href":"https:\/\/agora.xtec.cat\/esc-pauvilabcn\/wp-json\/wp\/v2\/pages\/586\/revisions\/5858"}],"up":[{"embeddable":true,"href":"https:\/\/agora.xtec.cat\/esc-pauvilabcn\/wp-json\/wp\/v2\/pages\/64"}],"wp:attachment":[{"href":"https:\/\/agora.xtec.cat\/esc-pauvilabcn\/wp-json\/wp\/v2\/media?parent=586"}],"curies":[{"name":"wp","href":"https:\/\/api.w.org\/{rel}","templated":true}]}}