{"id":3882,"date":"2022-11-21T13:52:24","date_gmt":"2022-11-21T12:52:24","guid":{"rendered":"https:\/\/agora.xtec.cat\/esc-pauvilabcn\/?page_id=3882"},"modified":"2023-09-02T22:14:37","modified_gmt":"2023-09-02T20:14:37","slug":"edc-estrategia-digital-de-centre","status":"publish","type":"page","link":"https:\/\/agora.xtec.cat\/esc-pauvilabcn\/projecte-educatiu\/edc-estrategia-digital-de-centre\/","title":{"rendered":"EDC (Estrat\u00e8gia Digital de Centre)"},"content":{"rendered":"<p>En el seg\u00fcent enlla\u00e7 trobareu el site de l&#8217;Estrat\u00e8gia Digital de Centre aprovada per Consell Escolar.<\/p>\n<p><a href=\"https:\/\/sites.google.com\/xtec.cat\/edcpauvila\/inici\" target=\"_blank\" rel=\"noopener\">EDC<\/a><\/p>\n<p>.<\/p>\n<p>&nbsp;<\/p>\n","protected":false},"excerpt":{"rendered":"<p>En el seg\u00fcent enlla\u00e7 trobareu el site de l&#8217;Estrat\u00e8gia Digital de Centre aprovada per Consell Escolar.<br \/>\n<a href=\"https:\/\/sites.google.com\/xtec.cat\/edcpauvila\/inici\" target=\"_blank\" rel=\"noopener\">EDC<\/a><br \/>\n.<br \/>\n&nbsp;<\/p>\n","protected":false},"author":1,"featured_media":0,"parent":64,"menu_order":8,"comment_status":"closed","ping_status":"closed","template":"","meta":{"_bbp_topic_count":0,"_bbp_reply_count":0,"_bbp_total_topic_count":0,"_bbp_total_reply_count":0,"_bbp_voice_count":0,"_bbp_anonymous_reply_count":0,"_bbp_topic_count_hidden":0,"_bbp_reply_count_hidden":0,"_bbp_forum_subforum_count":0,"footnotes":""},"class_list":["post-3882","page","type-page","status-publish","hentry"],"post_mailing_queue_ids":[],"_links":{"self":[{"href":"https:\/\/agora.xtec.cat\/esc-pauvilabcn\/wp-json\/wp\/v2\/pages\/3882","targetHints":{"allow":["GET"]}}],"collection":[{"href":"https:\/\/agora.xtec.cat\/esc-pauvilabcn\/wp-json\/wp\/v2\/pages"}],"about":[{"href":"https:\/\/agora.xtec.cat\/esc-pauvilabcn\/wp-json\/wp\/v2\/types\/page"}],"author":[{"embeddable":true,"href":"https:\/\/agora.xtec.cat\/esc-pauvilabcn\/wp-json\/wp\/v2\/users\/1"}],"replies":[{"embeddable":true,"href":"https:\/\/agora.xtec.cat\/esc-pauvilabcn\/wp-json\/wp\/v2\/comments?post=3882"}],"version-history":[{"count":3,"href":"https:\/\/agora.xtec.cat\/esc-pauvilabcn\/wp-json\/wp\/v2\/pages\/3882\/revisions"}],"predecessor-version":[{"id":4435,"href":"https:\/\/agora.xtec.cat\/esc-pauvilabcn\/wp-json\/wp\/v2\/pages\/3882\/revisions\/4435"}],"up":[{"embeddable":true,"href":"https:\/\/agora.xtec.cat\/esc-pauvilabcn\/wp-json\/wp\/v2\/pages\/64"}],"wp:attachment":[{"href":"https:\/\/agora.xtec.cat\/esc-pauvilabcn\/wp-json\/wp\/v2\/media?parent=3882"}],"curies":[{"name":"wp","href":"https:\/\/api.w.org\/{rel}","templated":true}]}}