{"id":30,"date":"2014-09-18T12:30:23","date_gmt":"2014-09-18T11:30:23","guid":{"rendered":"http:\/\/agora.xtec.cat\/esc-pauvilabcn\/?page_id=30"},"modified":"2023-10-04T13:54:04","modified_gmt":"2023-10-04T11:54:04","slug":"instal%c2%b7lacions","status":"publish","type":"page","link":"https:\/\/agora.xtec.cat\/esc-pauvilabcn\/lescola\/instal%c2%b7lacions\/","title":{"rendered":"Instal\u00b7lacions"},"content":{"rendered":"<p>L&#8217;escola municipal Pau Vila compta amb espais amplis, lluminosos i diferenciats per Infantil i Prim\u00e0ria; i amb espais comuns; per a idiomes, m\u00fasica, pl\u00e0stica, mediateca i gimn\u00e0s amb un petit roc\u00f2drom.<\/p>\n<p>L&#8217;any 2000 es va remodelar l&#8217;escola per tal d&#8217;acollir-hi, a partir del 2001, l&#8217;escola bressol Bellmunt.<\/p>\n<p><strong>Activitats i serveis<\/strong>:<\/p>\n<p><em>Activitats obligat\u00f2ries:<\/em><br \/>\n&#8211; S\u00f3n les \u00e0rees d&#8217;aprenentatge obligat\u00f2ries que s&#8217;imparteixen dins de l&#8217;horari lectiu.<br \/>\n&#8211; Les planifica l&#8217;Administraci\u00f3 educativa aut\u00f2noma i l&#8217;equip docent del centre per mitj\u00e0 del Projecte Educatiu de Centre (PEC)<br \/>\n&#8211; Es realitzen amb recursos p\u00fablics de l&#8217;Administraci\u00f3.<\/p>\n<p><em>Activitats complement\u00e0ries:<\/em><br \/>\n&#8211; Les pot planificar l&#8217;equip docent del centre per complementar el PEC.<br \/>\n&#8211; Es realitzen gr\u00e0cies a l&#8217;aportaci\u00f3 de recursos p\u00fablics de l&#8217;Administraci\u00f3 i a l&#8217;aportaci\u00f3 volunt\u00e0ria de recursos econ\u00f2mics dels pares i mares.<\/p>\n<p><em>Mediateca-biblioteca<\/em>:<br \/>\nFomentem l&#8217;\u00fas de la mediateca per a la lectura, pr\u00e8stec i consulta de recursos impresos audiovisuals i tecnol\u00f2gics.<\/p>\n<p><em>Sortides i activitats<\/em>:<br \/>\nLes sortides i activitats poden ser culturals, relacionades amb el curr\u00edculum i recreatives.<br \/>\nEs fomenta la participaci\u00f3 en les activitats culturals i esportives que s&#8217;organitzin en el districte.<br \/>\nLa relaci\u00f3 de sortides de tot el curs, es comuniquen a les fam\u00edlies en les reunions del curs i s&#8217;adjunten a\u00a0 la p\u00e0gina web un cop aprovades pel Consell Escolar.<\/p>\n<p><em>Piscina:<\/em><br \/>\nEs considera una activitat complement\u00e0ria de l&#8217;\u00e0rea d&#8217;educaci\u00f3 f\u00edsica.<br \/>\nEls\/les alumnes de I4 i I5 van tot el curs i amb autocar a les piscines Bernat Picornell. Els\/les alumnes de Cicle Inicial la meitat de curs van caminant a les piscines Montju\u00efc.<br \/>\nEs demana l&#8217;acompanyament d&#8217;un grup de pares i mares, perqu\u00e8 ajudin als vestuaris.<br \/>\nL&#8217;especialista d&#8217;educaci\u00f3 f\u00edsica supervisa el bon funcionament de l&#8217;activitat.<\/p>\n<p><em>Col\u00f2nies:<\/em><br \/>\nLes col\u00f2nies es realitzen cada dos cursos escolar, excepte l&#8217;alumnat de sis\u00e8 que aniran cada any. Els nens i nenes van tres vegades de col\u00f2nies a Prim\u00e0ria: cicle inicial, cicle mitj\u00e0 i 6\u00e8.<\/p>\n<p><em>Activitats extraescolars:<\/em><br \/>\nEs fan fora de l&#8217;horari lectiu.<br \/>\nLes planifica i gestiona la Junta de l&#8217;AFA.<br \/>\nEs realitzen gr\u00e0cies a l&#8217;\u00fas de recursos p\u00fablics de l&#8217;Administraci\u00f3 i a l&#8217;aportaci\u00f3 volunt\u00e0ria de recursos dels pares i mares.<\/p>\n<p><em>Servei de migdia:<\/em><br \/>\nL&#8217;espai de temps de migdia \u00e9s de 12,30 a 15 hores per l&#8217;alumnat d&#8217;Educaci\u00f3 Infantil i de Prim\u00e0ria. Disposem de servei de cuina pr\u00f2pia.<br \/>\nEst\u00e0 gestionat per una empresa <a href=\"https:\/\/www.somvalors.com\/\">VALORS.<\/a><br \/>\nEs un espai educatiu que complementa l&#8217;educaci\u00f3 integral del nen\/a. \u00c9s un temps dedicat al descans, a l&#8217;oci, a participar en un seguit d&#8217;activitats l\u00fadiques, a adquirir habilitats de relaci\u00f3 social,&#8230;<br \/>\nInclou diferents tipus d&#8217;activitats: dinar, descans, esbarjo, activitats organitzades, tallers i activitats extraescolars.<\/p>\n<p>&nbsp;<\/p>\n<p>&nbsp;<\/p>\n","protected":false},"excerpt":{"rendered":"<p>L&#8217;escola municipal Pau Vila compta amb espais amplis, lluminosos i diferenciats per Infantil i Prim\u00e0ria; i amb espais comuns; per a idiomes, m\u00fasica, pl\u00e0stica, mediateca i gimn\u00e0s amb un petit roc\u00f2drom.<br \/>\nL&#8217;any 2000 es va remodelar l&#8217;escola per tal d&#8217;acollir-hi, a partir del 2001, l&#8217;escola bressol&hellip;  <a href=\"https:\/\/agora.xtec.cat\/esc-pauvilabcn\/lescola\/instal%c2%b7lacions\/\" title=\"Read Instal\u00b7lacions\">Llegeix m\u00e9s\u00bb<\/a><\/p>\n","protected":false},"author":1,"featured_media":0,"parent":22,"menu_order":40,"comment_status":"closed","ping_status":"closed","template":"page-templates\/side-menu.php","meta":{"_bbp_topic_count":0,"_bbp_reply_count":0,"_bbp_total_topic_count":0,"_bbp_total_reply_count":0,"_bbp_voice_count":0,"_bbp_anonymous_reply_count":0,"_bbp_topic_count_hidden":0,"_bbp_reply_count_hidden":0,"_bbp_forum_subforum_count":0,"footnotes":""},"class_list":["post-30","page","type-page","status-publish","hentry"],"post_mailing_queue_ids":[],"_links":{"self":[{"href":"https:\/\/agora.xtec.cat\/esc-pauvilabcn\/wp-json\/wp\/v2\/pages\/30","targetHints":{"allow":["GET"]}}],"collection":[{"href":"https:\/\/agora.xtec.cat\/esc-pauvilabcn\/wp-json\/wp\/v2\/pages"}],"about":[{"href":"https:\/\/agora.xtec.cat\/esc-pauvilabcn\/wp-json\/wp\/v2\/types\/page"}],"author":[{"embeddable":true,"href":"https:\/\/agora.xtec.cat\/esc-pauvilabcn\/wp-json\/wp\/v2\/users\/1"}],"replies":[{"embeddable":true,"href":"https:\/\/agora.xtec.cat\/esc-pauvilabcn\/wp-json\/wp\/v2\/comments?post=30"}],"version-history":[{"count":5,"href":"https:\/\/agora.xtec.cat\/esc-pauvilabcn\/wp-json\/wp\/v2\/pages\/30\/revisions"}],"predecessor-version":[{"id":4573,"href":"https:\/\/agora.xtec.cat\/esc-pauvilabcn\/wp-json\/wp\/v2\/pages\/30\/revisions\/4573"}],"up":[{"embeddable":true,"href":"https:\/\/agora.xtec.cat\/esc-pauvilabcn\/wp-json\/wp\/v2\/pages\/22"}],"wp:attachment":[{"href":"https:\/\/agora.xtec.cat\/esc-pauvilabcn\/wp-json\/wp\/v2\/media?parent=30"}],"curies":[{"name":"wp","href":"https:\/\/api.w.org\/{rel}","templated":true}]}}