{"id":26,"date":"2014-09-18T12:24:32","date_gmt":"2014-09-18T11:24:32","guid":{"rendered":"http:\/\/agora.xtec.cat\/esc-pauvilabcn\/?page_id=26"},"modified":"2023-12-04T10:07:28","modified_gmt":"2023-12-04T09:07:28","slug":"historia","status":"publish","type":"page","link":"https:\/\/agora.xtec.cat\/esc-pauvilabcn\/lescola\/historia\/","title":{"rendered":"Hist\u00f2ria"},"content":{"rendered":"<p>L&#8217;escola municipal Pau Vila va ser creada per l&#8217;Ajuntament de Barcelona a l&#8217;any 1980. La ubicaci\u00f3 de l&#8217;escola a peu de la muntanya de Montju\u00efc, ens ofereix un entorn natural amb recursos educatius privilegiats.<\/p>\n<p>Rep el seu nom en record al ge\u00f2graf i pedagog PAU VILA i DINAR\u00c9S.<\/p>\n<p>Vinculada, en els seus inicis, en la innovaci\u00f3 pedag\u00f2gica lligada al constructivisme ha anat mantenint la inquietud de vincular l&#8217;escola amb el mon real.<\/p>\n<p>L&#8217;edifici s&#8217;ha anat remodelant en funci\u00f3 de les necessitats educatives del moment. En una primera fase va acollir durant dos cursos l&#8217;institut de la XXvena Olimp\u00edada en el proc\u00e9s del canvi de l&#8217;antiga Educaci\u00f3 B\u00e0sica a l&#8217;ESO.<\/p>\n<p>L&#8217;Ajuntament va remodelar, durant el curs 2000-01, gran part dels espais d&#8217;infantil i prim\u00e0ria de l&#8217;escola Pau Vila, per incorporar en el mateix edifici, l&#8217;escola Bressol Municipal Bellmunt (0-3 anys).<\/p>\n<p>Una segona remodelaci\u00f3, va permetre actualitzar instal\u00b7lacions (gimn\u00e0s i menjador). Espais lluminosos i amplis que s&#8217;han anat adequant per obrir les aules a diferents espais d&#8217;aprenentatge.<\/p>\n<p>Una de les primeres escoles amb tenir mediateca, actualment, segueix potenciant entre l&#8217;alumnat la recerca i el tractament de la informaci\u00f3 com una eina de coneixement.<\/p>\n<p>Actualment som una escola familiar d&#8217;una sola linea que acull alumnes de 3 a 12 anys provinents dels barris de Font de la Guatlla, Poble Sec, La Marina i el Polvor\u00ed.<\/p>\n<p>Disposem d&#8217;un equip docent format per 9 tutor<span class=\"\">@s<\/span>\u00a0 m\u00e9s especialistes de m\u00fasica, angl\u00e8s i educaci\u00f3 f\u00edsica. A m\u00e9s a m\u00e9s un mestr@ de necessitats educatives, i un equip d&#8217;administraci\u00f3 i serveis (TEI, secret\u00e0ri@ i conserg@).<\/p>\n<p>Ens proposem afavorir l&#8217;aprenentatge de coneixement (saber) i d&#8217;habilitats d&#8217;aprenentatge (saber fer) amb recursos did\u00e0ctics diversos i actuals.<\/p>\n<p>Aportem activitats d&#8217;aprenentatge complement\u00e0ries dins i fora de l&#8217;escola: sortides culturals, mediateca-biblioteca, piscina, &#8230;<\/p>\n<p>Potenciem actituds i comportaments respectuosos (saber estar) vers el medi on vivim i les persones amb qui convivim: atenci\u00f3 a la diversitat, acci\u00f3 tutorial, delegats\/des i assemblees de classe, &#8230;.<\/p>\n<p>Facilitem la col\u00b7laboraci\u00f3 de mares i pares en la gesti\u00f3 dels recursos que disposem i en l&#8217;organitzaci\u00f3 d&#8217;activitats per a les fam\u00edlies: en les reunions del Consell Escolar i les seves comissions (conviv\u00e8ncia, econ\u00f2mica i de migdia) i en les reunions de la Junta de l&#8217;Associaci\u00f3 de mares i pares i representants de cada classe.<\/p>\n","protected":false},"excerpt":{"rendered":"<p>L&#8217;escola municipal Pau Vila va ser creada per l&#8217;Ajuntament de Barcelona a l&#8217;any 1980. La ubicaci\u00f3 de l&#8217;escola a peu de la muntanya de Montju\u00efc, ens ofereix un entorn natural amb recursos educatius privilegiats.<br \/>\nRep el seu nom en record al ge\u00f2graf i pedagog PAU VILA&hellip;  <a href=\"https:\/\/agora.xtec.cat\/esc-pauvilabcn\/lescola\/historia\/\" title=\"Read Hist\u00f2ria\">Llegeix m\u00e9s\u00bb<\/a><\/p>\n","protected":false},"author":1,"featured_media":0,"parent":22,"menu_order":20,"comment_status":"closed","ping_status":"closed","template":"page-templates\/side-menu.php","meta":{"_bbp_topic_count":0,"_bbp_reply_count":0,"_bbp_total_topic_count":0,"_bbp_total_reply_count":0,"_bbp_voice_count":0,"_bbp_anonymous_reply_count":0,"_bbp_topic_count_hidden":0,"_bbp_reply_count_hidden":0,"_bbp_forum_subforum_count":0,"footnotes":""},"class_list":["post-26","page","type-page","status-publish","hentry"],"post_mailing_queue_ids":[],"_links":{"self":[{"href":"https:\/\/agora.xtec.cat\/esc-pauvilabcn\/wp-json\/wp\/v2\/pages\/26","targetHints":{"allow":["GET"]}}],"collection":[{"href":"https:\/\/agora.xtec.cat\/esc-pauvilabcn\/wp-json\/wp\/v2\/pages"}],"about":[{"href":"https:\/\/agora.xtec.cat\/esc-pauvilabcn\/wp-json\/wp\/v2\/types\/page"}],"author":[{"embeddable":true,"href":"https:\/\/agora.xtec.cat\/esc-pauvilabcn\/wp-json\/wp\/v2\/users\/1"}],"replies":[{"embeddable":true,"href":"https:\/\/agora.xtec.cat\/esc-pauvilabcn\/wp-json\/wp\/v2\/comments?post=26"}],"version-history":[{"count":4,"href":"https:\/\/agora.xtec.cat\/esc-pauvilabcn\/wp-json\/wp\/v2\/pages\/26\/revisions"}],"predecessor-version":[{"id":4571,"href":"https:\/\/agora.xtec.cat\/esc-pauvilabcn\/wp-json\/wp\/v2\/pages\/26\/revisions\/4571"}],"up":[{"embeddable":true,"href":"https:\/\/agora.xtec.cat\/esc-pauvilabcn\/wp-json\/wp\/v2\/pages\/22"}],"wp:attachment":[{"href":"https:\/\/agora.xtec.cat\/esc-pauvilabcn\/wp-json\/wp\/v2\/media?parent=26"}],"curies":[{"name":"wp","href":"https:\/\/api.w.org\/{rel}","templated":true}]}}