{"id":1405,"date":"2018-03-15T15:19:35","date_gmt":"2018-03-15T14:19:35","guid":{"rendered":"http:\/\/agora.xtec.cat\/esc-pauvilabcn\/?page_id=1405"},"modified":"2023-10-04T14:19:54","modified_gmt":"2023-10-04T12:19:54","slug":"cami-escolar","status":"publish","type":"page","link":"https:\/\/agora.xtec.cat\/esc-pauvilabcn\/projecte-educatiu\/transport-escolar\/cami-escolar\/","title":{"rendered":"Comissi\u00f3 Cam\u00ed escolar"},"content":{"rendered":"<p>El Projecte de Cam\u00ed Escolar no nom\u00e9s fomenta l\u2019autonomia de l\u2019alumnat, si no que \u00e9s una eina que permet con\u00e8ixer i eixamplar els lligams entre l\u2019escola, l\u2019alumnat i el ve\u00efnatge.<\/p>\n<p>El projecte es coordina des d\u2019una comissi\u00f3 formada per membres\u00a0 L\u2019FA, la direcci\u00f3 del centre i la coordinadora del projecte. Tamb\u00e9 hi t\u00e9 cabuda el\u00a0 t\u00e8cnic de barri.<\/p>\n<p>Cada curs es fa una repassada de la situaci\u00f3 actual del Cam\u00ed, s\u2019estableixen propostes de millora i es realitzen accions encaminades al coneixement per part de l\u2019alumnat de les botigues amigues.<\/p>\n<p>El Cam\u00ed Escolar es va inaugurar l\u2019any2014. S\u2019emmarca dins el Cam\u00ed Escolar de la Font de la Guatlla Mag\u00f2ria i \u00e9s la culminaci\u00f3 d\u2019anys de treball per millorar no nom\u00e9s l\u2019accessibilitat al centre, sin\u00f3 tamb\u00e9 l\u2019ordenaci\u00f3 i millora de l\u2019entorn.<\/p>\n<p>El curs 16-17 es va intentar posar en marxa l\u2019anomenat Bus a Peu. Es van establir quatre possibles itineraris dels quals nom\u00e9s se\u2019n va arribar a posa en funcionament 2.<\/p>\n<p>El curs 17-18 no hi ha hagut demanda al respecte. Per tant , tot i que si n\u2019hi ha es pot posar en marxa. Els itineraris estan aturats.<\/p>\n<p>La comissi\u00f3 de Cam\u00ed escolar ha dut a terme el dossier que\u00a0 podeu consultar. S\u2019ha fet una revisada de punts que cal millorar i proposa altres actuacions en zones properes. Estem pendents que des del Districte es porti a terme el Cam\u00ed Escolar de la zona de la Marina per tal d\u2019ampliar cap aquests sector les millores d\u2019acc\u00e9s i viabililitat.<\/p>\n<p><a href=\"http:\/\/agora.xtec.cat\/esc-pauvilabcn\/wp-content\/uploads\/usu1190\/2018\/03\/botigues-amigues.pdf\" target=\"_blank\" rel=\"noopener noreferrer\">Botigues amigues<\/a><\/p>\n<p><a href=\"http:\/\/agora.xtec.cat\/esc-pauvilabcn\/wp-content\/uploads\/usu1190\/2018\/03\/invitacio-inauguracio-Font-de-la-Guatlla-defB-1.pdf\" target=\"_blank\" rel=\"noopener noreferrer\">Invitaci\u00f3 inauguraci\u00f3 Font de la Guatlla 2014<\/a><\/p>\n<p><a href=\"http:\/\/agora.xtec.cat\/esc-pauvilabcn\/wp-content\/uploads\/usu1190\/2018\/03\/discursiinnaguraciodire.pdf\" target=\"_blank\" rel=\"noopener noreferrer\">Discurs inauguraci\u00f3 de la directora de l&#8217;Escola Pau Vila<\/a><\/p>\n<p><a href=\"http:\/\/agora.xtec.cat\/esc-pauvilabcn\/wp-content\/uploads\/usu1190\/2018\/03\/PARADES-Bus-a-Peu-escola-Pau-Vila-2016_17.-2pdf.pdf\" target=\"_blank\" rel=\"noopener noreferrer\">PARADES Bus a Peu escola Pau Vila &#8211; 2016_17<\/a><\/p>\n<p>&nbsp;<\/p>\n<p><a href=\"http:\/\/agora.xtec.cat\/esc-pauvilabcn\/wp-content\/uploads\/usu1190\/2018\/03\/CAMI\u0301-ESCOLAR-PAU-VILA-2018-1.pdf\" target=\"_blank\" rel=\"noopener noreferrer\">CAMI\u0301 ESCOLAR PAU VILA 2018 1<\/a><\/p>\n<p><a href=\"http:\/\/agora.xtec.cat\/esc-pauvilabcn\/wp-content\/uploads\/usu1190\/2018\/03\/CAMI\u0301-ESCOLAR-PAU-VILA-2018-2.pdf\" target=\"_blank\" rel=\"noopener noreferrer\">CAMI\u0301 ESCOLAR PAU VILA 2018 2<\/a><\/p>\n","protected":false},"excerpt":{"rendered":"<p>El Projecte de Cam\u00ed Escolar no nom\u00e9s fomenta l\u2019autonomia de l\u2019alumnat, si no que \u00e9s una eina que permet con\u00e8ixer i eixamplar els lligams entre l\u2019escola, l\u2019alumnat i el ve\u00efnatge.<br \/>\nEl projecte es coordina des d\u2019una comissi\u00f3 formada per membres\u00a0 L\u2019FA, la direcci\u00f3 del centre i&hellip;  <a href=\"https:\/\/agora.xtec.cat\/esc-pauvilabcn\/projecte-educatiu\/transport-escolar\/cami-escolar\/\" title=\"Read Comissi\u00f3 Cam\u00ed escolar\">Llegeix m\u00e9s\u00bb<\/a><\/p>\n","protected":false},"author":1,"featured_media":0,"parent":80,"menu_order":0,"comment_status":"closed","ping_status":"closed","template":"","meta":{"_bbp_topic_count":0,"_bbp_reply_count":0,"_bbp_total_topic_count":0,"_bbp_total_reply_count":0,"_bbp_voice_count":0,"_bbp_anonymous_reply_count":0,"_bbp_topic_count_hidden":0,"_bbp_reply_count_hidden":0,"_bbp_forum_subforum_count":0,"footnotes":""},"class_list":["post-1405","page","type-page","status-publish","hentry"],"post_mailing_queue_ids":[],"_links":{"self":[{"href":"https:\/\/agora.xtec.cat\/esc-pauvilabcn\/wp-json\/wp\/v2\/pages\/1405","targetHints":{"allow":["GET"]}}],"collection":[{"href":"https:\/\/agora.xtec.cat\/esc-pauvilabcn\/wp-json\/wp\/v2\/pages"}],"about":[{"href":"https:\/\/agora.xtec.cat\/esc-pauvilabcn\/wp-json\/wp\/v2\/types\/page"}],"author":[{"embeddable":true,"href":"https:\/\/agora.xtec.cat\/esc-pauvilabcn\/wp-json\/wp\/v2\/users\/1"}],"replies":[{"embeddable":true,"href":"https:\/\/agora.xtec.cat\/esc-pauvilabcn\/wp-json\/wp\/v2\/comments?post=1405"}],"version-history":[{"count":4,"href":"https:\/\/agora.xtec.cat\/esc-pauvilabcn\/wp-json\/wp\/v2\/pages\/1405\/revisions"}],"predecessor-version":[{"id":4578,"href":"https:\/\/agora.xtec.cat\/esc-pauvilabcn\/wp-json\/wp\/v2\/pages\/1405\/revisions\/4578"}],"up":[{"embeddable":true,"href":"https:\/\/agora.xtec.cat\/esc-pauvilabcn\/wp-json\/wp\/v2\/pages\/80"}],"wp:attachment":[{"href":"https:\/\/agora.xtec.cat\/esc-pauvilabcn\/wp-json\/wp\/v2\/media?parent=1405"}],"curies":[{"name":"wp","href":"https:\/\/api.w.org\/{rel}","templated":true}]}}