{"id":1257,"date":"2017-12-17T10:24:36","date_gmt":"2017-12-17T09:24:36","guid":{"rendered":"http:\/\/agora.xtec.cat\/esc-pauvilabcn\/?page_id=1257"},"modified":"2024-10-21T14:22:01","modified_gmt":"2024-10-21T12:22:01","slug":"cartes-de-compromis","status":"publish","type":"page","link":"https:\/\/agora.xtec.cat\/esc-pauvilabcn\/projecte-educatiu\/cartes-de-compromis\/","title":{"rendered":"Cartes de comprom\u00eds"},"content":{"rendered":"<p>La implicaci\u00f3 de les fam\u00edlies en el proc\u00e9s educatiu dels fills \u00e9s un element imprescindible per assolir l\u2019\u00e8xit educatiu i contribuir a la millor integraci\u00f3 escolar i social de l\u2019alumnat. En aquest sentit, la carta de comprom\u00eds educatiu ha de ser una eina que faciliti la cooperaci\u00f3 entre les accions educatives de les fam\u00edlies i l\u2019acci\u00f3 educativa del centre educatiu.<\/p>\n<p>La Llei 12\/2009, del 10 de juliol, d\u2019educaci\u00f3 estableix expl\u00edcitament els drets, les llibertats i les obligacions que corresponen a tots els membres de la comunitat escolar (alumnat, fam\u00edlies, professorat i altres professionals que intervenen en el proc\u00e9s educatiu) i determina els principis que orienten l\u2019organitzaci\u00f3 del sistema per satisfer el dret a l\u2019educaci\u00f3 per mitj\u00e0 de la cooperaci\u00f3 entre els diversos agents educatius.<\/p>\n<p>La carta de comprom\u00eds educatiu formalitza la corresponsabilitat entre el centre educatiu i les fam\u00edlies per dur a terme una acci\u00f3 coherent i coordinada en el desenvolupament personal, acad\u00e8mic i social de cada infant i jove. La carta de comprom\u00eds educatiu \u00e9s l\u2019instrument que estableix el marc de comunicaci\u00f3 en qu\u00e8 s\u00f3n possibles les aliances i les complicitats entre la fam\u00edlia i el centre.<\/p>\n<p>&nbsp;<\/p>\n<p>Carta comprom\u00eds Educaci\u00f3 Infantil :\u00a0<a href=\"https:\/\/agora.xtec.cat\/esc-pauvilabcn\/wp-content\/uploads\/usu1190\/2023\/10\/CCE-EI.pdf\">CCE EI<\/a><\/p>\n<p>Carta comprom\u00eds cicle inicial:\u00a0 <a href=\"https:\/\/agora.xtec.cat\/esc-pauvilabcn\/wp-content\/uploads\/usu1190\/2024\/10\/CCE-CI-1.pdf\">CCE CI <\/a><\/p>\n<p>Carta comprom\u00eds cicle mig: <a href=\"https:\/\/agora.xtec.cat\/esc-pauvilabcn\/wp-content\/uploads\/usu1190\/2023\/10\/CCE-CM.pdf\">CCE CM<\/a><\/p>\n<p>Carta comprom\u00eds cicle superior: <a href=\"https:\/\/agora.xtec.cat\/esc-pauvilabcn\/wp-content\/uploads\/usu1190\/2023\/10\/CCE-CS.pdf\">CCE CS<\/a><\/p>\n","protected":false},"excerpt":{"rendered":"<p>La implicaci\u00f3 de les fam\u00edlies en el proc\u00e9s educatiu dels fills \u00e9s un element imprescindible per assolir l\u2019\u00e8xit educatiu i contribuir a la millor integraci\u00f3 escolar i social de l\u2019alumnat. En aquest sentit, la carta de comprom\u00eds educatiu ha de ser una eina que faciliti&hellip;  <a href=\"https:\/\/agora.xtec.cat\/esc-pauvilabcn\/projecte-educatiu\/cartes-de-compromis\/\" title=\"Read Cartes de comprom\u00eds\">Llegeix m\u00e9s\u00bb<\/a><\/p>\n","protected":false},"author":1,"featured_media":0,"parent":64,"menu_order":20,"comment_status":"closed","ping_status":"closed","template":"page-templates\/side-menu.php","meta":{"_bbp_topic_count":0,"_bbp_reply_count":0,"_bbp_total_topic_count":0,"_bbp_total_reply_count":0,"_bbp_voice_count":0,"_bbp_anonymous_reply_count":0,"_bbp_topic_count_hidden":0,"_bbp_reply_count_hidden":0,"_bbp_forum_subforum_count":0,"footnotes":""},"class_list":["post-1257","page","type-page","status-publish","hentry"],"post_mailing_queue_ids":[],"_links":{"self":[{"href":"https:\/\/agora.xtec.cat\/esc-pauvilabcn\/wp-json\/wp\/v2\/pages\/1257","targetHints":{"allow":["GET"]}}],"collection":[{"href":"https:\/\/agora.xtec.cat\/esc-pauvilabcn\/wp-json\/wp\/v2\/pages"}],"about":[{"href":"https:\/\/agora.xtec.cat\/esc-pauvilabcn\/wp-json\/wp\/v2\/types\/page"}],"author":[{"embeddable":true,"href":"https:\/\/agora.xtec.cat\/esc-pauvilabcn\/wp-json\/wp\/v2\/users\/1"}],"replies":[{"embeddable":true,"href":"https:\/\/agora.xtec.cat\/esc-pauvilabcn\/wp-json\/wp\/v2\/comments?post=1257"}],"version-history":[{"count":5,"href":"https:\/\/agora.xtec.cat\/esc-pauvilabcn\/wp-json\/wp\/v2\/pages\/1257\/revisions"}],"predecessor-version":[{"id":5829,"href":"https:\/\/agora.xtec.cat\/esc-pauvilabcn\/wp-json\/wp\/v2\/pages\/1257\/revisions\/5829"}],"up":[{"embeddable":true,"href":"https:\/\/agora.xtec.cat\/esc-pauvilabcn\/wp-json\/wp\/v2\/pages\/64"}],"wp:attachment":[{"href":"https:\/\/agora.xtec.cat\/esc-pauvilabcn\/wp-json\/wp\/v2\/media?parent=1257"}],"curies":[{"name":"wp","href":"https:\/\/api.w.org\/{rel}","templated":true}]}}