{"id":1230,"date":"2017-12-03T13:27:21","date_gmt":"2017-12-03T12:27:21","guid":{"rendered":"http:\/\/agora.xtec.cat\/esc-pauvilabcn\/?page_id=1230"},"modified":"2022-09-19T12:30:02","modified_gmt":"2022-09-19T10:30:02","slug":"biblioteca-mediateca","status":"publish","type":"page","link":"https:\/\/agora.xtec.cat\/esc-pauvilabcn\/projecte-educatiu\/biblioteca-mediateca\/","title":{"rendered":"Biblioteca-Mediateca"},"content":{"rendered":"<p>A la nostra escola sempre hem fet les activitats de biblioteca i inform\u00e0tica dins de l&#8217;horari lectiu perqu\u00e8 hem volgut potenciar la motivaci\u00f3 per la lectura i l&#8217;\u00fas de dels ordinadors com a eines d&#8217;ensenyament i aprenentatge.<\/p>\n<div id=\"Layer8\">\n<p class=\"Estilo3\"><u>Qu\u00e8 fem per facilitar i estimular la lectura?<\/u><br \/>\nLa biblioteca \u00e9s un espai estimulant, acollidor i amb un variat fons de llibres, el que permet tenir en compte la diversitat d&#8217;interessos i necessitats de lectura de cadasc\u00fa.<\/p>\n<p class=\"Estilo3\">Disposem d&#8217;1h setmanal, amb mig grup classe a la biblioteca, per llegir, explicar contes i emportar-se en pr\u00e9stec els llibres que han triat.<\/p>\n<p class=\"Estilo3\"><u>Qu\u00e8 fem per informar-se i comunicar-se amb recursos de fonts i formats diversos?<\/u><\/p>\n<p class=\"Estilo3\">Busquem la informaci\u00f3 que necessitem, la interpretem i seleccionem all\u00f2 que respon a la nostra recerca, com tamb\u00e9 desestimem la informaci\u00f3 que no ens \u00e9s d&#8217;utilitat, utilitzant diverses fonts com: internet, dvd, cd-rom, llibres de coneixements, revistes&#8230;<\/p>\n<p class=\"Estilo3\">Destinem 1h setmanal\u00a0 a la mediateca.<\/p>\n<p class=\"Estilo3\"><a href=\"https:\/\/photos.app.goo.gl\/ncfLQr9FI3HN7T2D3\" target=\"_blank\" rel=\"noopener noreferrer\">La nostra biblioteca.mediateca<\/a><\/p>\n<\/div>\n<p class=\"Estilo3\"><a href=\"http:\/\/w156.bcn.cat\/cgi-bin\/abnetop?SUBC=PRI\/P2\" target=\"_blank\" rel=\"noopener noreferrer\">Cat\u00e0leg de l&#8217;escola<\/a><\/p>\n<p class=\"Estilo3\"><a href=\"http:\/\/ajuntament.barcelona.cat\/educacio\/ca\/biblioamartorell\" target=\"_blank\" rel=\"noopener noreferrer\">Biblioteca Artur Martorell<\/a><\/p>\n","protected":false},"excerpt":{"rendered":"<p>A la nostra escola sempre hem fet les activitats de biblioteca i inform\u00e0tica dins de l&#8217;horari lectiu perqu\u00e8 hem volgut potenciar la motivaci\u00f3 per la lectura i l&#8217;\u00fas de dels ordinadors com a eines d&#8217;ensenyament i aprenentatge.<\/p>\n<p>Qu\u00e8 fem per facilitar i estimular la lectura?<br \/>\nLa biblioteca&hellip;  <a href=\"https:\/\/agora.xtec.cat\/esc-pauvilabcn\/projecte-educatiu\/biblioteca-mediateca\/\" title=\"Read Biblioteca-Mediateca\">Llegeix m\u00e9s\u00bb<\/a><\/p>\n","protected":false},"author":1,"featured_media":0,"parent":64,"menu_order":40,"comment_status":"closed","ping_status":"closed","template":"page-templates\/side-menu.php","meta":{"_bbp_topic_count":0,"_bbp_reply_count":0,"_bbp_total_topic_count":0,"_bbp_total_reply_count":0,"_bbp_voice_count":0,"_bbp_anonymous_reply_count":0,"_bbp_topic_count_hidden":0,"_bbp_reply_count_hidden":0,"_bbp_forum_subforum_count":0,"footnotes":""},"class_list":["post-1230","page","type-page","status-publish","hentry"],"post_mailing_queue_ids":[],"_links":{"self":[{"href":"https:\/\/agora.xtec.cat\/esc-pauvilabcn\/wp-json\/wp\/v2\/pages\/1230","targetHints":{"allow":["GET"]}}],"collection":[{"href":"https:\/\/agora.xtec.cat\/esc-pauvilabcn\/wp-json\/wp\/v2\/pages"}],"about":[{"href":"https:\/\/agora.xtec.cat\/esc-pauvilabcn\/wp-json\/wp\/v2\/types\/page"}],"author":[{"embeddable":true,"href":"https:\/\/agora.xtec.cat\/esc-pauvilabcn\/wp-json\/wp\/v2\/users\/1"}],"replies":[{"embeddable":true,"href":"https:\/\/agora.xtec.cat\/esc-pauvilabcn\/wp-json\/wp\/v2\/comments?post=1230"}],"version-history":[{"count":4,"href":"https:\/\/agora.xtec.cat\/esc-pauvilabcn\/wp-json\/wp\/v2\/pages\/1230\/revisions"}],"predecessor-version":[{"id":3727,"href":"https:\/\/agora.xtec.cat\/esc-pauvilabcn\/wp-json\/wp\/v2\/pages\/1230\/revisions\/3727"}],"up":[{"embeddable":true,"href":"https:\/\/agora.xtec.cat\/esc-pauvilabcn\/wp-json\/wp\/v2\/pages\/64"}],"wp:attachment":[{"href":"https:\/\/agora.xtec.cat\/esc-pauvilabcn\/wp-json\/wp\/v2\/media?parent=1230"}],"curies":[{"name":"wp","href":"https:\/\/api.w.org\/{rel}","templated":true}]}}