{"id":1175,"date":"2017-11-28T19:48:46","date_gmt":"2017-11-28T18:48:46","guid":{"rendered":"http:\/\/agora.xtec.cat\/esc-pauvilabcn\/?page_id=1175"},"modified":"2024-01-10T16:00:30","modified_gmt":"2024-01-10T15:00:30","slug":"escola-sostenible","status":"publish","type":"page","link":"https:\/\/agora.xtec.cat\/esc-pauvilabcn\/projecte-educatiu\/escola-sostenible\/","title":{"rendered":"Escola Sostenible"},"content":{"rendered":"<p>El <strong>coneixement de l\u2019entorn i el respecte al Medi ambient<\/strong> estan molt presents en el treball diari a l\u2019escola.<\/p>\n<p>La nostra escola est\u00e0 situada en un ambient privilegiat i cal que els nostres nens i nenes\u00a0 aprenguin con aconseguir mantenir-lo i tenir-ne cura. \u00c8s dins d\u2019aquest marc que formem part de <strong>les Escoles Sostenibles<\/strong> des de fa \u00a0molt anys. Gr\u00e0cies aix\u00f2 hem engegat <strong>diversos projectes<\/strong>.<\/p>\n<p>Tenim un projecte d\u2019escola anomenat: \u201cEls espais verds de l\u2019escola, un m\u00f3n ple de vida.\u201d<\/p>\n<p>Dins d\u2019aquest projecte, que \u00e9s <strong>tranversal per a tota l\u2019escola<\/strong> hi trobem:<\/p>\n<p>El jard\u00ed vertical<\/p>\n<p>La cura del jardinet petit per part de parvulari<\/p>\n<p>La creaci\u00f3 i manteniment d\u2019un hort urb\u00e0 a les terrasses de primer i segon.<\/p>\n<p>Les plantes arom\u00e0tiques a 3r i 4t<\/p>\n<p>El nom dels arbres de l\u2019escola a 5\u00e8 (<a href=\"http:\/\/agora.xtec.cat\/esc-pauvilabcn\/wp-content\/uploads\/usu1190\/2017\/11\/acacia.pdf\" target=\"_blank\" rel=\"noopener noreferrer\">acacia<\/a>, <a href=\"http:\/\/agora.xtec.cat\/esc-pauvilabcn\/wp-content\/uploads\/usu1190\/2017\/11\/melia.pdf\" target=\"_blank\" rel=\"noopener noreferrer\">melia<\/a>, <a href=\"http:\/\/agora.xtec.cat\/esc-pauvilabcn\/wp-content\/uploads\/usu1190\/2017\/11\/morera.pdf\" target=\"_blank\" rel=\"noopener noreferrer\">morera<\/a>, <a href=\"http:\/\/agora.xtec.cat\/esc-pauvilabcn\/wp-content\/uploads\/usu1190\/2017\/11\/pollancre.pdf\" target=\"_blank\" rel=\"noopener noreferrer\">pollancre<\/a>, <a href=\"http:\/\/agora.xtec.cat\/esc-pauvilabcn\/wp-content\/uploads\/usu1190\/2017\/11\/prunera.pdf\" target=\"_blank\" rel=\"noopener noreferrer\">prunera<\/a>, <a href=\"http:\/\/agora.xtec.cat\/esc-pauvilabcn\/wp-content\/uploads\/usu1190\/2017\/11\/tipuana.pdf\" target=\"_blank\" rel=\"noopener noreferrer\">tipuana<\/a>)<\/p>\n<p>Fem compostatge a 6\u00e8.<\/p>\n<p><a href=\"https:\/\/goo.gl\/photos\/GXyPhD89Dfpa4Qpc8\" target=\"_blank\" rel=\"noopener noreferrer\">Fotos del projecte<\/a><\/p>\n<p><u>La mem\u00f2ria i les fotos les podeu consultar a a l\u2019apartat de cada curs<\/u><\/p>\n<p>Part de la tasca que fem a l\u2019escola la coordina i n\u2019informa la comissi\u00f3 Boixac. Aquesta comissi\u00f3 est\u00e0 formada pels delegats dels nens i nenes i per la directora i una mestra.<\/p>\n<p>Aquesta comissi\u00f3 es preocupa de fer arribar a les classes que cal no malgastar l\u2019aigua, no trepitjar les plantes, fer servir embolcalls sostenibles per a l\u2019esmorzar&#8230;<\/p>\n<p>Cada classe realitza durant el curs una sortida i\/o activitat relacionada amb la cura de l\u2019entorn: reciclet, l\u2019energia, la contaminaci\u00f3 (projecte Breathe)&#8230;<\/p>\n<p>Procurem reciclar el m\u00e0xim paper possible, reciclem pl\u00e0stic \u00a0recollim \u00a0piles i hem realitzat campanyes sobre la brossa org\u00e0nica.<\/p>\n<p>Tamb\u00e9 col\u00b7laborem amb l\u2019associaci\u00f3 <strong>\u201cProgat\u201d<\/strong> que ajuden a tenir cura dels pobrets gates que viuen pel carrer.<\/p>\n<p>El nostre projecte educatiu contempla la formaci\u00f3 de ciutadans i ciutadanes compromesos amb el medi ambient<\/p>\n<p>Si els nostres nens i nenes aprenen a tenir cura del seu entorn, el nostre m\u00f3n ser\u00e0 m\u00e9s sostenible..<\/p>\n<p><a href=\"http:\/\/agora.xtec.cat\/esc-pauvilabcn\/wp-content\/uploads\/usu1190\/2017\/11\/agenda-210809.pdf\" target=\"_blank\" rel=\"noopener noreferrer\">MEM\u00d2RIA CURS 2008-09<\/a><\/p>\n<p>MEM\u00d2RIA 2009-10<\/p>\n<p><a href=\"http:\/\/agora.xtec.cat\/esc-pauvilabcn\/wp-content\/uploads\/usu1190\/2017\/11\/Mem\u00f2riaagenda211011.pdf\" target=\"_blank\" rel=\"noopener noreferrer\">MEM\u00d2RIA CURS 2010-11<\/a><\/p>\n<p><a href=\"http:\/\/agora.xtec.cat\/esc-pauvilabcn\/wp-content\/uploads\/usu1190\/2017\/11\/agenda-21-curs11-12.pdf\" target=\"_blank\" rel=\"noopener noreferrer\">MEM\u00d2RIA CURS 2011-12<\/a><\/p>\n<p><a href=\"http:\/\/agora.xtec.cat\/esc-pauvilabcn\/wp-content\/uploads\/usu1190\/2017\/11\/agenda211213.pdf\" target=\"_blank\" rel=\"noopener noreferrer\">MEM\u00d2RIA CURS 2012-13<\/a><\/p>\n<p><a href=\"http:\/\/agora.xtec.cat\/esc-pauvilabcn\/wp-content\/uploads\/usu1190\/2017\/11\/agenda211314.pdf\" target=\"_blank\" rel=\"noopener noreferrer\">MEM\u00d2RIA CURS 2013-14<\/a><\/p>\n<p><a href=\"http:\/\/agora.xtec.cat\/esc-pauvilabcn\/wp-content\/uploads\/usu1190\/2017\/11\/agenda211415.pdf\" target=\"_blank\" rel=\"noopener noreferrer\">MEM\u00d2RIA CURS 2014-15<\/a><\/p>\n<p><a href=\"http:\/\/agora.xtec.cat\/esc-pauvilabcn\/wp-content\/uploads\/usu1190\/2017\/11\/agenda211516.pdf\" target=\"_blank\" rel=\"noopener noreferrer\">MEM\u00d2RIA CURS 2015-16<\/a><\/p>\n<p><a href=\"http:\/\/agora.xtec.cat\/esc-pauvilabcn\/wp-content\/uploads\/usu1190\/2017\/11\/agenda211617.pdf\" target=\"_blank\" rel=\"noopener noreferrer\">MEM\u00d2RIA CURS 2016-17<\/a><\/p>\n<p><a href=\"http:\/\/agora.xtec.cat\/esc-pauvilabcn\/wp-content\/uploads\/usu1190\/2017\/11\/Memoria-2017-18.pdf\" target=\"_blank\" rel=\"noopener noreferrer\">MEM\u00d2RIA CURS 2017-18<\/a><\/p>\n<p><a href=\"https:\/\/agora.xtec.cat\/esc-pauvilabcn\/wp-content\/uploads\/usu1190\/bp-attachments\/2281\/Memoria-escolessostenibles..pdf\" target=\"_blank\" rel=\"noopener noreferrer\">MEM\u00d2RIA CURS 2018-19<\/a><\/p>\n<p><a href=\"https:\/\/agora.xtec.cat\/esc-pauvilabcn\/wp-content\/uploads\/usu1190\/2020\/10\/Memoria-Escola-Pau-vila-19-20.pdf\" target=\"_blank\" rel=\"noopener noreferrer\">MEM\u00d2RIA CURS 2019-20<\/a><\/p>\n<p><a href=\"https:\/\/agora.xtec.cat\/esc-pauvilabcn\/wp-content\/uploads\/usu1190\/2021\/11\/memoriaescolessostenible20202021.pdf\" target=\"_blank\" rel=\"noopener\">MEM\u00d2RIA CURS 2020-21<\/a><\/p>\n<p><a href=\"https:\/\/agora.xtec.cat\/esc-pauvilabcn\/wp-content\/uploads\/usu1190\/2024\/01\/Memoria-2021-22.pdf\">MEM\u00d2RIA CURS 2021-21<\/a><\/p>\n<p><a href=\"https:\/\/agora.xtec.cat\/esc-pauvilabcn\/wp-content\/uploads\/usu1190\/2024\/01\/memoria-2022-23.pdf\">MEM\u00d2RIA CURS 2022-23<\/a><\/p>\n<p>&nbsp;<\/p>\n","protected":false},"excerpt":{"rendered":"<p>El coneixement de l\u2019entorn i el respecte al Medi ambient estan molt presents en el treball diari a l\u2019escola.<br \/>\nLa nostra escola est\u00e0 situada en un ambient privilegiat i cal que els nostres nens i nenes\u00a0 aprenguin con aconseguir mantenir-lo i tenir-ne cura. \u00c8s dins d\u2019aquest&hellip;  <a href=\"https:\/\/agora.xtec.cat\/esc-pauvilabcn\/projecte-educatiu\/escola-sostenible\/\" title=\"Read Escola Sostenible\">Llegeix m\u00e9s\u00bb<\/a><\/p>\n","protected":false},"author":1,"featured_media":0,"parent":64,"menu_order":40,"comment_status":"closed","ping_status":"closed","template":"page-templates\/side-menu.php","meta":{"_bbp_topic_count":0,"_bbp_reply_count":0,"_bbp_total_topic_count":0,"_bbp_total_reply_count":0,"_bbp_voice_count":0,"_bbp_anonymous_reply_count":0,"_bbp_topic_count_hidden":0,"_bbp_reply_count_hidden":0,"_bbp_forum_subforum_count":0,"footnotes":""},"class_list":["post-1175","page","type-page","status-publish","hentry"],"post_mailing_queue_ids":[],"_links":{"self":[{"href":"https:\/\/agora.xtec.cat\/esc-pauvilabcn\/wp-json\/wp\/v2\/pages\/1175","targetHints":{"allow":["GET"]}}],"collection":[{"href":"https:\/\/agora.xtec.cat\/esc-pauvilabcn\/wp-json\/wp\/v2\/pages"}],"about":[{"href":"https:\/\/agora.xtec.cat\/esc-pauvilabcn\/wp-json\/wp\/v2\/types\/page"}],"author":[{"embeddable":true,"href":"https:\/\/agora.xtec.cat\/esc-pauvilabcn\/wp-json\/wp\/v2\/users\/1"}],"replies":[{"embeddable":true,"href":"https:\/\/agora.xtec.cat\/esc-pauvilabcn\/wp-json\/wp\/v2\/comments?post=1175"}],"version-history":[{"count":6,"href":"https:\/\/agora.xtec.cat\/esc-pauvilabcn\/wp-json\/wp\/v2\/pages\/1175\/revisions"}],"predecessor-version":[{"id":4928,"href":"https:\/\/agora.xtec.cat\/esc-pauvilabcn\/wp-json\/wp\/v2\/pages\/1175\/revisions\/4928"}],"up":[{"embeddable":true,"href":"https:\/\/agora.xtec.cat\/esc-pauvilabcn\/wp-json\/wp\/v2\/pages\/64"}],"wp:attachment":[{"href":"https:\/\/agora.xtec.cat\/esc-pauvilabcn\/wp-json\/wp\/v2\/media?parent=1175"}],"curies":[{"name":"wp","href":"https:\/\/api.w.org\/{rel}","templated":true}]}}