{"id":3813,"date":"2025-12-10T11:13:47","date_gmt":"2025-12-10T10:13:47","guid":{"rendered":"https:\/\/agora.xtec.cat\/esc-pamiesdeginestar\/?page_id=3813"},"modified":"2025-12-10T11:28:06","modified_gmt":"2025-12-10T10:28:06","slug":"english","status":"publish","type":"page","link":"https:\/\/agora.xtec.cat\/esc-pamiesdeginestar\/especialitats\/english\/","title":{"rendered":"English"},"content":{"rendered":"<p data-start=\"136\" data-end=\"485\">A les sessions d\u2019English, els infants s\u2019endinsen en la llengua a trav\u00e9s d\u2019experi\u00e8ncies pr\u00e0ctiques, jocs, can\u00e7ons, contes i activitats quotidianes que fan de l\u2019angl\u00e8s una eina propera i \u00fatil. L\u2019objectiu no \u00e9s nom\u00e9s memoritzar paraules, sin\u00f3 fomentar la comprensi\u00f3, l\u2019expressi\u00f3 oral i escrita i la confian\u00e7a per comunicar-se en diferents situacions.<\/p>\n<p data-start=\"487\" data-end=\"869\">Cada activitat est\u00e0 pensada segons l\u2019edat i el ritme de cada grup, combinant moments de joc, din\u00e0miques de grup i petits projectes que apropen els infants a la cultura anglosaxona de manera l\u00fadica i significativa. Es tracta de crear un entorn segur i motivador on aprendre angl\u00e8s sigui una aventura, despertant la curiositat i l\u2019inter\u00e8s per seguir descobrint la llengua dia a dia.<\/p>\n<p data-start=\"487\" data-end=\"869\"><a href=\"https:\/\/agora.xtec.cat\/esc-pamiesdeginestar\/categoria\/english\/\">Click here!<\/a><\/p>\n","protected":false},"excerpt":{"rendered":"<p>A les sessions d\u2019English, els infants s\u2019endinsen en la llengua a trav\u00e9s d\u2019experi\u00e8ncies pr\u00e0ctiques, jocs, can\u00e7ons, contes i activitats quotidianes que fan de l\u2019angl\u00e8s una eina propera i \u00fatil. L\u2019objectiu no \u00e9s nom\u00e9s memoritzar paraules, sin\u00f3 fomentar la comprensi\u00f3, l\u2019expressi\u00f3 oral i escrita i la confian\u00e7a per comunicar-se en diferents situacions. Cada activitat est\u00e0 pensada [&hellip;]<\/p>\n","protected":false},"author":1,"featured_media":0,"parent":3811,"menu_order":0,"comment_status":"closed","ping_status":"closed","template":"","meta":{"_bbp_topic_count":0,"_bbp_reply_count":0,"_bbp_total_topic_count":0,"_bbp_total_reply_count":0,"_bbp_voice_count":0,"_bbp_anonymous_reply_count":0,"_bbp_topic_count_hidden":0,"_bbp_reply_count_hidden":0,"_bbp_forum_subforum_count":0,"site-sidebar-layout":"default","site-content-layout":"","ast-site-content-layout":"default","site-content-style":"default","site-sidebar-style":"default","ast-global-header-display":"","ast-banner-title-visibility":"","ast-main-header-display":"","ast-hfb-above-header-display":"","ast-hfb-below-header-display":"","ast-hfb-mobile-header-display":"","site-post-title":"","ast-breadcrumbs-content":"","ast-featured-img":"","footer-sml-layout":"","theme-transparent-header-meta":"default","adv-header-id-meta":"","stick-header-meta":"","header-above-stick-meta":"","header-main-stick-meta":"","header-below-stick-meta":"","astra-migrate-meta-layouts":"set","ast-page-background-enabled":"default","ast-page-background-meta":{"desktop":{"background-color":"var(--ast-global-color-4)","background-image":"","background-repeat":"repeat","background-position":"center center","background-size":"auto","background-attachment":"scroll","background-type":"","background-media":"","overlay-type":"","overlay-color":"","overlay-opacity":"","overlay-gradient":""},"tablet":{"background-color":"","background-image":"","background-repeat":"repeat","background-position":"center center","background-size":"auto","background-attachment":"scroll","background-type":"","background-media":"","overlay-type":"","overlay-color":"","overlay-opacity":"","overlay-gradient":""},"mobile":{"background-color":"","background-image":"","background-repeat":"repeat","background-position":"center center","background-size":"auto","background-attachment":"scroll","background-type":"","background-media":"","overlay-type":"","overlay-color":"","overlay-opacity":"","overlay-gradient":""}},"ast-content-background-meta":{"desktop":{"background-color":"var(--ast-global-color-5)","background-image":"","background-repeat":"repeat","background-position":"center center","background-size":"auto","background-attachment":"scroll","background-type":"","background-media":"","overlay-type":"","overlay-color":"","overlay-opacity":"","overlay-gradient":""},"tablet":{"background-color":"var(--ast-global-color-5)","background-image":"","background-repeat":"repeat","background-position":"center center","background-size":"auto","background-attachment":"scroll","background-type":"","background-media":"","overlay-type":"","overlay-color":"","overlay-opacity":"","overlay-gradient":""},"mobile":{"background-color":"var(--ast-global-color-5)","background-image":"","background-repeat":"repeat","background-position":"center center","background-size":"auto","background-attachment":"scroll","background-type":"","background-media":"","overlay-type":"","overlay-color":"","overlay-opacity":"","overlay-gradient":""}},"footnotes":""},"class_list":["post-3813","page","type-page","status-publish","hentry"],"post_mailing_queue_ids":[],"_links":{"self":[{"href":"https:\/\/agora.xtec.cat\/esc-pamiesdeginestar\/wp-json\/wp\/v2\/pages\/3813","targetHints":{"allow":["GET"]}}],"collection":[{"href":"https:\/\/agora.xtec.cat\/esc-pamiesdeginestar\/wp-json\/wp\/v2\/pages"}],"about":[{"href":"https:\/\/agora.xtec.cat\/esc-pamiesdeginestar\/wp-json\/wp\/v2\/types\/page"}],"author":[{"embeddable":true,"href":"https:\/\/agora.xtec.cat\/esc-pamiesdeginestar\/wp-json\/wp\/v2\/users\/1"}],"replies":[{"embeddable":true,"href":"https:\/\/agora.xtec.cat\/esc-pamiesdeginestar\/wp-json\/wp\/v2\/comments?post=3813"}],"version-history":[{"count":2,"href":"https:\/\/agora.xtec.cat\/esc-pamiesdeginestar\/wp-json\/wp\/v2\/pages\/3813\/revisions"}],"predecessor-version":[{"id":3823,"href":"https:\/\/agora.xtec.cat\/esc-pamiesdeginestar\/wp-json\/wp\/v2\/pages\/3813\/revisions\/3823"}],"up":[{"embeddable":true,"href":"https:\/\/agora.xtec.cat\/esc-pamiesdeginestar\/wp-json\/wp\/v2\/pages\/3811"}],"wp:attachment":[{"href":"https:\/\/agora.xtec.cat\/esc-pamiesdeginestar\/wp-json\/wp\/v2\/media?parent=3813"}],"curies":[{"name":"wp","href":"https:\/\/api.w.org\/{rel}","templated":true}]}}