{"id":3811,"date":"2025-12-10T11:13:02","date_gmt":"2025-12-10T10:13:02","guid":{"rendered":"https:\/\/agora.xtec.cat\/esc-pamiesdeginestar\/?page_id=3811"},"modified":"2025-12-10T11:13:02","modified_gmt":"2025-12-10T10:13:02","slug":"especialitats","status":"publish","type":"page","link":"https:\/\/agora.xtec.cat\/esc-pamiesdeginestar\/especialitats\/","title":{"rendered":"Especialitats"},"content":{"rendered":"<p data-start=\"205\" data-end=\"542\">Les especialitats s\u00f3n espais on els infants poden explorar, desenvolupar talents i aprendre d\u2019una manera diferent, complementant el treball del dia a dia a l\u2019aula. Cada \u00e0rea ofereix propostes pensades per estimular la curiositat, la creativitat i les habilitats personals, tot fomentant la participaci\u00f3, el respecte i la col\u00b7laboraci\u00f3.<\/p>\n<ul data-start=\"544\" data-end=\"1192\">\n<li data-start=\"544\" data-end=\"699\">\n<p data-start=\"546\" data-end=\"699\"><strong data-start=\"546\" data-end=\"557\">English<\/strong>: Aprendre angl\u00e8s d\u2019una manera activa i vivencial, amb jocs, can\u00e7ons i activitats que fan de la llengua una experi\u00e8ncia propera i divertida.<\/p>\n<\/li>\n<li data-start=\"700\" data-end=\"868\">\n<p data-start=\"702\" data-end=\"868\"><strong data-start=\"702\" data-end=\"721\">Educaci\u00f3 F\u00edsica<\/strong>: Moure\u2019s, jugar i superar reptes, desenvolupant habilitats motrius, treball en equip i h\u00e0bits saludables, sempre en un entorn segur i motivador.<\/p>\n<\/li>\n<li data-start=\"869\" data-end=\"1028\">\n<p data-start=\"871\" data-end=\"1028\"><strong data-start=\"871\" data-end=\"881\">M\u00fasica<\/strong>: Descobrir ritmes, sons i melodies, expressant-se a trav\u00e9s de la m\u00fasica i fomentant la creativitat, la concentraci\u00f3 i la sensibilitat art\u00edstica.<\/p>\n<\/li>\n<li data-start=\"1029\" data-end=\"1192\">\n<p data-start=\"1031\" data-end=\"1192\"><strong data-start=\"1031\" data-end=\"1042\">Religi\u00f3<\/strong>: Un espai per con\u00e8ixer valors, tradicions i reflexionar sobre les pr\u00f2pies viv\u00e8ncies, fomentant el respecte i la comprensi\u00f3 del m\u00f3n que ens envolta.<\/p>\n<\/li>\n<\/ul>\n","protected":false},"excerpt":{"rendered":"<p>Les especialitats s\u00f3n espais on els infants poden explorar, desenvolupar talents i aprendre d\u2019una manera diferent, complementant el treball del dia a dia a l\u2019aula. Cada \u00e0rea ofereix propostes pensades per estimular la curiositat, la creativitat i les habilitats personals, tot fomentant la participaci\u00f3, el respecte i la col\u00b7laboraci\u00f3. English: Aprendre angl\u00e8s d\u2019una manera activa [&hellip;]<\/p>\n","protected":false},"author":1,"featured_media":0,"parent":0,"menu_order":0,"comment_status":"closed","ping_status":"closed","template":"","meta":{"_bbp_topic_count":0,"_bbp_reply_count":0,"_bbp_total_topic_count":0,"_bbp_total_reply_count":0,"_bbp_voice_count":0,"_bbp_anonymous_reply_count":0,"_bbp_topic_count_hidden":0,"_bbp_reply_count_hidden":0,"_bbp_forum_subforum_count":0,"site-sidebar-layout":"default","site-content-layout":"","ast-site-content-layout":"default","site-content-style":"default","site-sidebar-style":"default","ast-global-header-display":"","ast-banner-title-visibility":"","ast-main-header-display":"","ast-hfb-above-header-display":"","ast-hfb-below-header-display":"","ast-hfb-mobile-header-display":"","site-post-title":"","ast-breadcrumbs-content":"","ast-featured-img":"","footer-sml-layout":"","theme-transparent-header-meta":"default","adv-header-id-meta":"","stick-header-meta":"","header-above-stick-meta":"","header-main-stick-meta":"","header-below-stick-meta":"","astra-migrate-meta-layouts":"set","ast-page-background-enabled":"default","ast-page-background-meta":{"desktop":{"background-color":"var(--ast-global-color-4)","background-image":"","background-repeat":"repeat","background-position":"center center","background-size":"auto","background-attachment":"scroll","background-type":"","background-media":"","overlay-type":"","overlay-color":"","overlay-opacity":"","overlay-gradient":""},"tablet":{"background-color":"","background-image":"","background-repeat":"repeat","background-position":"center center","background-size":"auto","background-attachment":"scroll","background-type":"","background-media":"","overlay-type":"","overlay-color":"","overlay-opacity":"","overlay-gradient":""},"mobile":{"background-color":"","background-image":"","background-repeat":"repeat","background-position":"center center","background-size":"auto","background-attachment":"scroll","background-type":"","background-media":"","overlay-type":"","overlay-color":"","overlay-opacity":"","overlay-gradient":""}},"ast-content-background-meta":{"desktop":{"background-color":"var(--ast-global-color-5)","background-image":"","background-repeat":"repeat","background-position":"center center","background-size":"auto","background-attachment":"scroll","background-type":"","background-media":"","overlay-type":"","overlay-color":"","overlay-opacity":"","overlay-gradient":""},"tablet":{"background-color":"var(--ast-global-color-5)","background-image":"","background-repeat":"repeat","background-position":"center center","background-size":"auto","background-attachment":"scroll","background-type":"","background-media":"","overlay-type":"","overlay-color":"","overlay-opacity":"","overlay-gradient":""},"mobile":{"background-color":"var(--ast-global-color-5)","background-image":"","background-repeat":"repeat","background-position":"center center","background-size":"auto","background-attachment":"scroll","background-type":"","background-media":"","overlay-type":"","overlay-color":"","overlay-opacity":"","overlay-gradient":""}},"footnotes":""},"class_list":["post-3811","page","type-page","status-publish","hentry"],"post_mailing_queue_ids":[],"_links":{"self":[{"href":"https:\/\/agora.xtec.cat\/esc-pamiesdeginestar\/wp-json\/wp\/v2\/pages\/3811","targetHints":{"allow":["GET"]}}],"collection":[{"href":"https:\/\/agora.xtec.cat\/esc-pamiesdeginestar\/wp-json\/wp\/v2\/pages"}],"about":[{"href":"https:\/\/agora.xtec.cat\/esc-pamiesdeginestar\/wp-json\/wp\/v2\/types\/page"}],"author":[{"embeddable":true,"href":"https:\/\/agora.xtec.cat\/esc-pamiesdeginestar\/wp-json\/wp\/v2\/users\/1"}],"replies":[{"embeddable":true,"href":"https:\/\/agora.xtec.cat\/esc-pamiesdeginestar\/wp-json\/wp\/v2\/comments?post=3811"}],"version-history":[{"count":1,"href":"https:\/\/agora.xtec.cat\/esc-pamiesdeginestar\/wp-json\/wp\/v2\/pages\/3811\/revisions"}],"predecessor-version":[{"id":3812,"href":"https:\/\/agora.xtec.cat\/esc-pamiesdeginestar\/wp-json\/wp\/v2\/pages\/3811\/revisions\/3812"}],"wp:attachment":[{"href":"https:\/\/agora.xtec.cat\/esc-pamiesdeginestar\/wp-json\/wp\/v2\/media?parent=3811"}],"curies":[{"name":"wp","href":"https:\/\/api.w.org\/{rel}","templated":true}]}}