{"id":3804,"date":"2025-12-10T11:07:23","date_gmt":"2025-12-10T10:07:23","guid":{"rendered":"https:\/\/agora.xtec.cat\/esc-pamiesdeginestar\/?page_id=3804"},"modified":"2025-12-10T11:07:45","modified_gmt":"2025-12-10T10:07:45","slug":"cicle-mitja","status":"publish","type":"page","link":"https:\/\/agora.xtec.cat\/esc-pamiesdeginestar\/nivells\/educacio-primaria\/cicle-mitja\/","title":{"rendered":"Cicle Mitj\u00e0"},"content":{"rendered":"<p>A Cicle Mitj\u00e0 els infants es fan m\u00e9s conscients del m\u00f3n que els envolta i comencen a prendre un paper m\u00e9s actiu en el seu aprenentatge. Els projectes, les sortides i les activitats cooperatives els permeten investigar, raonar, expressar-se i compartir punts de vista. \u00c9s una etapa on es refor\u00e7a l\u2019autonomia, la responsabilitat i el treball en equip, sempre mantenint l\u2019entusiasme de descobrir i cr\u00e9ixer plegats.<\/p>\n","protected":false},"excerpt":{"rendered":"<p>A Cicle Mitj\u00e0 els infants es fan m\u00e9s conscients del m\u00f3n que els envolta i comencen a prendre un paper m\u00e9s actiu en el seu aprenentatge. Els projectes, les sortides i les activitats cooperatives els permeten investigar, raonar, expressar-se i compartir punts de vista. \u00c9s una etapa on es refor\u00e7a l\u2019autonomia, la responsabilitat i el [&hellip;]<\/p>\n","protected":false},"author":1,"featured_media":0,"parent":3800,"menu_order":0,"comment_status":"closed","ping_status":"closed","template":"","meta":{"_bbp_topic_count":0,"_bbp_reply_count":0,"_bbp_total_topic_count":0,"_bbp_total_reply_count":0,"_bbp_voice_count":0,"_bbp_anonymous_reply_count":0,"_bbp_topic_count_hidden":0,"_bbp_reply_count_hidden":0,"_bbp_forum_subforum_count":0,"site-sidebar-layout":"default","site-content-layout":"","ast-site-content-layout":"default","site-content-style":"default","site-sidebar-style":"default","ast-global-header-display":"","ast-banner-title-visibility":"","ast-main-header-display":"","ast-hfb-above-header-display":"","ast-hfb-below-header-display":"","ast-hfb-mobile-header-display":"","site-post-title":"","ast-breadcrumbs-content":"","ast-featured-img":"","footer-sml-layout":"","theme-transparent-header-meta":"default","adv-header-id-meta":"","stick-header-meta":"","header-above-stick-meta":"","header-main-stick-meta":"","header-below-stick-meta":"","astra-migrate-meta-layouts":"set","ast-page-background-enabled":"default","ast-page-background-meta":{"desktop":{"background-color":"var(--ast-global-color-4)","background-image":"","background-repeat":"repeat","background-position":"center center","background-size":"auto","background-attachment":"scroll","background-type":"","background-media":"","overlay-type":"","overlay-color":"","overlay-opacity":"","overlay-gradient":""},"tablet":{"background-color":"","background-image":"","background-repeat":"repeat","background-position":"center center","background-size":"auto","background-attachment":"scroll","background-type":"","background-media":"","overlay-type":"","overlay-color":"","overlay-opacity":"","overlay-gradient":""},"mobile":{"background-color":"","background-image":"","background-repeat":"repeat","background-position":"center center","background-size":"auto","background-attachment":"scroll","background-type":"","background-media":"","overlay-type":"","overlay-color":"","overlay-opacity":"","overlay-gradient":""}},"ast-content-background-meta":{"desktop":{"background-color":"var(--ast-global-color-5)","background-image":"","background-repeat":"repeat","background-position":"center center","background-size":"auto","background-attachment":"scroll","background-type":"","background-media":"","overlay-type":"","overlay-color":"","overlay-opacity":"","overlay-gradient":""},"tablet":{"background-color":"var(--ast-global-color-5)","background-image":"","background-repeat":"repeat","background-position":"center center","background-size":"auto","background-attachment":"scroll","background-type":"","background-media":"","overlay-type":"","overlay-color":"","overlay-opacity":"","overlay-gradient":""},"mobile":{"background-color":"var(--ast-global-color-5)","background-image":"","background-repeat":"repeat","background-position":"center center","background-size":"auto","background-attachment":"scroll","background-type":"","background-media":"","overlay-type":"","overlay-color":"","overlay-opacity":"","overlay-gradient":""}},"footnotes":""},"class_list":["post-3804","page","type-page","status-publish","hentry"],"post_mailing_queue_ids":[],"_links":{"self":[{"href":"https:\/\/agora.xtec.cat\/esc-pamiesdeginestar\/wp-json\/wp\/v2\/pages\/3804","targetHints":{"allow":["GET"]}}],"collection":[{"href":"https:\/\/agora.xtec.cat\/esc-pamiesdeginestar\/wp-json\/wp\/v2\/pages"}],"about":[{"href":"https:\/\/agora.xtec.cat\/esc-pamiesdeginestar\/wp-json\/wp\/v2\/types\/page"}],"author":[{"embeddable":true,"href":"https:\/\/agora.xtec.cat\/esc-pamiesdeginestar\/wp-json\/wp\/v2\/users\/1"}],"replies":[{"embeddable":true,"href":"https:\/\/agora.xtec.cat\/esc-pamiesdeginestar\/wp-json\/wp\/v2\/comments?post=3804"}],"version-history":[{"count":1,"href":"https:\/\/agora.xtec.cat\/esc-pamiesdeginestar\/wp-json\/wp\/v2\/pages\/3804\/revisions"}],"predecessor-version":[{"id":3805,"href":"https:\/\/agora.xtec.cat\/esc-pamiesdeginestar\/wp-json\/wp\/v2\/pages\/3804\/revisions\/3805"}],"up":[{"embeddable":true,"href":"https:\/\/agora.xtec.cat\/esc-pamiesdeginestar\/wp-json\/wp\/v2\/pages\/3800"}],"wp:attachment":[{"href":"https:\/\/agora.xtec.cat\/esc-pamiesdeginestar\/wp-json\/wp\/v2\/media?parent=3804"}],"curies":[{"name":"wp","href":"https:\/\/api.w.org\/{rel}","templated":true}]}}