{"id":3800,"date":"2025-12-10T11:06:17","date_gmt":"2025-12-10T10:06:17","guid":{"rendered":"https:\/\/agora.xtec.cat\/esc-pamiesdeginestar\/?page_id=3800"},"modified":"2025-12-10T11:06:29","modified_gmt":"2025-12-10T10:06:29","slug":"educacio-primaria","status":"publish","type":"page","link":"https:\/\/agora.xtec.cat\/esc-pamiesdeginestar\/nivells\/educacio-primaria\/","title":{"rendered":"Educaci\u00f3 Prim\u00e0ria"},"content":{"rendered":"<p data-start=\"151\" data-end=\"469\">L\u2019etapa de Prim\u00e0ria \u00e9s un viatge ple d\u2019aprenentatges, viv\u00e8ncies i relacions que acompanyen els infants mentre es fan grans. A mesura que avancen pels diferents cicles, guanyen confian\u00e7a, consoliden habilitats i descobreixen tot all\u00f2 que s\u00f3n capa\u00e7os de fer, sempre des d\u2019un entorn que els cuida, els guia i els escolta.<\/p>\n<p data-start=\"471\" data-end=\"760\">Treballem amb propostes significatives, cooperatives i vivencials que fomenten la curiositat, la responsabilitat i el pensament cr\u00edtic. Cada infant t\u00e9 un ritme i una manera pr\u00f2pia d\u2019aprendre, i per aix\u00f2 els oferim un acompanyament proper que els ajuda a cr\u00e9ixer amb seguretat i entusiasme.<\/p>\n","protected":false},"excerpt":{"rendered":"<p>L\u2019etapa de Prim\u00e0ria \u00e9s un viatge ple d\u2019aprenentatges, viv\u00e8ncies i relacions que acompanyen els infants mentre es fan grans. A mesura que avancen pels diferents cicles, guanyen confian\u00e7a, consoliden habilitats i descobreixen tot all\u00f2 que s\u00f3n capa\u00e7os de fer, sempre des d\u2019un entorn que els cuida, els guia i els escolta. Treballem amb propostes significatives, [&hellip;]<\/p>\n","protected":false},"author":1,"featured_media":0,"parent":3794,"menu_order":0,"comment_status":"closed","ping_status":"closed","template":"","meta":{"_bbp_topic_count":0,"_bbp_reply_count":0,"_bbp_total_topic_count":0,"_bbp_total_reply_count":0,"_bbp_voice_count":0,"_bbp_anonymous_reply_count":0,"_bbp_topic_count_hidden":0,"_bbp_reply_count_hidden":0,"_bbp_forum_subforum_count":0,"site-sidebar-layout":"default","site-content-layout":"","ast-site-content-layout":"default","site-content-style":"default","site-sidebar-style":"default","ast-global-header-display":"","ast-banner-title-visibility":"","ast-main-header-display":"","ast-hfb-above-header-display":"","ast-hfb-below-header-display":"","ast-hfb-mobile-header-display":"","site-post-title":"","ast-breadcrumbs-content":"","ast-featured-img":"","footer-sml-layout":"","theme-transparent-header-meta":"default","adv-header-id-meta":"","stick-header-meta":"","header-above-stick-meta":"","header-main-stick-meta":"","header-below-stick-meta":"","astra-migrate-meta-layouts":"set","ast-page-background-enabled":"default","ast-page-background-meta":{"desktop":{"background-color":"var(--ast-global-color-4)","background-image":"","background-repeat":"repeat","background-position":"center center","background-size":"auto","background-attachment":"scroll","background-type":"","background-media":"","overlay-type":"","overlay-color":"","overlay-opacity":"","overlay-gradient":""},"tablet":{"background-color":"","background-image":"","background-repeat":"repeat","background-position":"center center","background-size":"auto","background-attachment":"scroll","background-type":"","background-media":"","overlay-type":"","overlay-color":"","overlay-opacity":"","overlay-gradient":""},"mobile":{"background-color":"","background-image":"","background-repeat":"repeat","background-position":"center center","background-size":"auto","background-attachment":"scroll","background-type":"","background-media":"","overlay-type":"","overlay-color":"","overlay-opacity":"","overlay-gradient":""}},"ast-content-background-meta":{"desktop":{"background-color":"var(--ast-global-color-5)","background-image":"","background-repeat":"repeat","background-position":"center center","background-size":"auto","background-attachment":"scroll","background-type":"","background-media":"","overlay-type":"","overlay-color":"","overlay-opacity":"","overlay-gradient":""},"tablet":{"background-color":"var(--ast-global-color-5)","background-image":"","background-repeat":"repeat","background-position":"center center","background-size":"auto","background-attachment":"scroll","background-type":"","background-media":"","overlay-type":"","overlay-color":"","overlay-opacity":"","overlay-gradient":""},"mobile":{"background-color":"var(--ast-global-color-5)","background-image":"","background-repeat":"repeat","background-position":"center center","background-size":"auto","background-attachment":"scroll","background-type":"","background-media":"","overlay-type":"","overlay-color":"","overlay-opacity":"","overlay-gradient":""}},"footnotes":""},"class_list":["post-3800","page","type-page","status-publish","hentry"],"post_mailing_queue_ids":[],"_links":{"self":[{"href":"https:\/\/agora.xtec.cat\/esc-pamiesdeginestar\/wp-json\/wp\/v2\/pages\/3800","targetHints":{"allow":["GET"]}}],"collection":[{"href":"https:\/\/agora.xtec.cat\/esc-pamiesdeginestar\/wp-json\/wp\/v2\/pages"}],"about":[{"href":"https:\/\/agora.xtec.cat\/esc-pamiesdeginestar\/wp-json\/wp\/v2\/types\/page"}],"author":[{"embeddable":true,"href":"https:\/\/agora.xtec.cat\/esc-pamiesdeginestar\/wp-json\/wp\/v2\/users\/1"}],"replies":[{"embeddable":true,"href":"https:\/\/agora.xtec.cat\/esc-pamiesdeginestar\/wp-json\/wp\/v2\/comments?post=3800"}],"version-history":[{"count":1,"href":"https:\/\/agora.xtec.cat\/esc-pamiesdeginestar\/wp-json\/wp\/v2\/pages\/3800\/revisions"}],"predecessor-version":[{"id":3801,"href":"https:\/\/agora.xtec.cat\/esc-pamiesdeginestar\/wp-json\/wp\/v2\/pages\/3800\/revisions\/3801"}],"up":[{"embeddable":true,"href":"https:\/\/agora.xtec.cat\/esc-pamiesdeginestar\/wp-json\/wp\/v2\/pages\/3794"}],"wp:attachment":[{"href":"https:\/\/agora.xtec.cat\/esc-pamiesdeginestar\/wp-json\/wp\/v2\/media?parent=3800"}],"curies":[{"name":"wp","href":"https:\/\/api.w.org\/{rel}","templated":true}]}}