{"id":3796,"date":"2025-12-10T11:02:57","date_gmt":"2025-12-10T10:02:57","guid":{"rendered":"https:\/\/agora.xtec.cat\/esc-pamiesdeginestar\/?page_id=3796"},"modified":"2025-12-10T11:09:53","modified_gmt":"2025-12-10T10:09:53","slug":"llar-dinfants","status":"publish","type":"page","link":"https:\/\/agora.xtec.cat\/esc-pamiesdeginestar\/nivells\/llar-dinfants\/","title":{"rendered":"Llar d&#8217;infants"},"content":{"rendered":"<p data-start=\"128\" data-end=\"355\">La llar \u00e9s un espai acollidor on els m\u00e9s petits descobreixen el m\u00f3n a trav\u00e9s del joc, l\u2019experimentaci\u00f3 i l\u2019afecte. Hi vivim moments plens de calma, vincles i primeres aventures que posen les bases d\u2019un creixement segur i feli\u00e7.<\/p>\n<p data-start=\"357\" data-end=\"505\">Cada infant \u00e9s acompanyat amb tendresa i respecte, tot creant un entorn on se senten estimats, escoltats i confiats per explorar el que els envolta.<\/p>\n<p data-start=\"507\" data-end=\"573\" data-is-last-node=\"\" data-is-only-node=\"\">Un lloc pensat perqu\u00e8 els primers anys siguin, simplement, bonics.<\/p>\n","protected":false},"excerpt":{"rendered":"<p>La llar \u00e9s un espai acollidor on els m\u00e9s petits descobreixen el m\u00f3n a trav\u00e9s del joc, l\u2019experimentaci\u00f3 i l\u2019afecte. Hi vivim moments plens de calma, vincles i primeres aventures que posen les bases d\u2019un creixement segur i feli\u00e7. Cada infant \u00e9s acompanyat amb tendresa i respecte, tot creant un entorn on se senten estimats, [&hellip;]<\/p>\n","protected":false},"author":1,"featured_media":0,"parent":3794,"menu_order":1,"comment_status":"closed","ping_status":"closed","template":"","meta":{"_bbp_topic_count":0,"_bbp_reply_count":0,"_bbp_total_topic_count":0,"_bbp_total_reply_count":0,"_bbp_voice_count":0,"_bbp_anonymous_reply_count":0,"_bbp_topic_count_hidden":0,"_bbp_reply_count_hidden":0,"_bbp_forum_subforum_count":0,"site-sidebar-layout":"default","site-content-layout":"","ast-site-content-layout":"default","site-content-style":"default","site-sidebar-style":"default","ast-global-header-display":"","ast-banner-title-visibility":"","ast-main-header-display":"","ast-hfb-above-header-display":"","ast-hfb-below-header-display":"","ast-hfb-mobile-header-display":"","site-post-title":"","ast-breadcrumbs-content":"","ast-featured-img":"","footer-sml-layout":"","theme-transparent-header-meta":"default","adv-header-id-meta":"","stick-header-meta":"","header-above-stick-meta":"","header-main-stick-meta":"","header-below-stick-meta":"","astra-migrate-meta-layouts":"set","ast-page-background-enabled":"default","ast-page-background-meta":{"desktop":{"background-color":"var(--ast-global-color-4)","background-image":"","background-repeat":"repeat","background-position":"center center","background-size":"auto","background-attachment":"scroll","background-type":"","background-media":"","overlay-type":"","overlay-color":"","overlay-opacity":"","overlay-gradient":""},"tablet":{"background-color":"","background-image":"","background-repeat":"repeat","background-position":"center center","background-size":"auto","background-attachment":"scroll","background-type":"","background-media":"","overlay-type":"","overlay-color":"","overlay-opacity":"","overlay-gradient":""},"mobile":{"background-color":"","background-image":"","background-repeat":"repeat","background-position":"center center","background-size":"auto","background-attachment":"scroll","background-type":"","background-media":"","overlay-type":"","overlay-color":"","overlay-opacity":"","overlay-gradient":""}},"ast-content-background-meta":{"desktop":{"background-color":"var(--ast-global-color-5)","background-image":"","background-repeat":"repeat","background-position":"center center","background-size":"auto","background-attachment":"scroll","background-type":"","background-media":"","overlay-type":"","overlay-color":"","overlay-opacity":"","overlay-gradient":""},"tablet":{"background-color":"var(--ast-global-color-5)","background-image":"","background-repeat":"repeat","background-position":"center center","background-size":"auto","background-attachment":"scroll","background-type":"","background-media":"","overlay-type":"","overlay-color":"","overlay-opacity":"","overlay-gradient":""},"mobile":{"background-color":"var(--ast-global-color-5)","background-image":"","background-repeat":"repeat","background-position":"center center","background-size":"auto","background-attachment":"scroll","background-type":"","background-media":"","overlay-type":"","overlay-color":"","overlay-opacity":"","overlay-gradient":""}},"footnotes":""},"class_list":["post-3796","page","type-page","status-publish","hentry"],"post_mailing_queue_ids":[],"_links":{"self":[{"href":"https:\/\/agora.xtec.cat\/esc-pamiesdeginestar\/wp-json\/wp\/v2\/pages\/3796","targetHints":{"allow":["GET"]}}],"collection":[{"href":"https:\/\/agora.xtec.cat\/esc-pamiesdeginestar\/wp-json\/wp\/v2\/pages"}],"about":[{"href":"https:\/\/agora.xtec.cat\/esc-pamiesdeginestar\/wp-json\/wp\/v2\/types\/page"}],"author":[{"embeddable":true,"href":"https:\/\/agora.xtec.cat\/esc-pamiesdeginestar\/wp-json\/wp\/v2\/users\/1"}],"replies":[{"embeddable":true,"href":"https:\/\/agora.xtec.cat\/esc-pamiesdeginestar\/wp-json\/wp\/v2\/comments?post=3796"}],"version-history":[{"count":1,"href":"https:\/\/agora.xtec.cat\/esc-pamiesdeginestar\/wp-json\/wp\/v2\/pages\/3796\/revisions"}],"predecessor-version":[{"id":3797,"href":"https:\/\/agora.xtec.cat\/esc-pamiesdeginestar\/wp-json\/wp\/v2\/pages\/3796\/revisions\/3797"}],"up":[{"embeddable":true,"href":"https:\/\/agora.xtec.cat\/esc-pamiesdeginestar\/wp-json\/wp\/v2\/pages\/3794"}],"wp:attachment":[{"href":"https:\/\/agora.xtec.cat\/esc-pamiesdeginestar\/wp-json\/wp\/v2\/media?parent=3796"}],"curies":[{"name":"wp","href":"https:\/\/api.w.org\/{rel}","templated":true}]}}