{"id":871,"date":"2024-03-15T10:52:57","date_gmt":"2024-03-15T09:52:57","guid":{"rendered":"https:\/\/agora.xtec.cat\/esc-oliveres\/?page_id=871"},"modified":"2024-06-17T18:38:37","modified_gmt":"2024-06-17T16:38:37","slug":"acolliment-digital","status":"publish","type":"page","link":"https:\/\/agora.xtec.cat\/esc-oliveres\/estrategia-digital-de-centre\/estrategia\/acolliment-digital\/","title":{"rendered":"Acolliment digital"},"content":{"rendered":"<p><a href=\"https:\/\/agora.xtec.cat\/esc-oliveres\/estrategia-digital-de-centre\/estrategia\/docents\/\"><img loading=\"lazy\" decoding=\"async\" class=\"\" src=\"https:\/\/img.freepik.com\/vector-gratis\/concepto-coleccion-maestros_52683-37592.jpg?size=626&amp;ext=jpg&amp;ga=GA1.1.117944100.1709596800&amp;semt=ais\" alt=\"Vectores e ilustraciones de Maestros alumnos para descargar gratis | Freepik\" width=\"365\" height=\"243\" \/><\/a><a href=\"https:\/\/agora.xtec.cat\/esc-oliveres\/estrategia-digital-de-centre\/estrategia\/alumnes\/\"><img loading=\"lazy\" decoding=\"async\" class=\"\" src=\"https:\/\/img.freepik.com\/vector-premium\/ninos-aula-ninos-ninas-alumnos-multiculturales-sientan-escritorios-leccion-aprendizaje-primario-ninos-estudian-tema-escriben-responden-preguntas-concepto-plano-vector-dibujos-animados-interior-clase-escolar_176411-2392.jpg\" alt=\"Ni\u00f1os en el aula. los ni\u00f1os y ni\u00f1as de alumnos multiculturales se sientan en escritorios en la lecci\u00f3n de aprendizaje primario, los ni\u00f1os estudian el tema, escriben y responden preguntas en el\" width=\"321\" height=\"241\" \/><\/a><\/p>\n<p><a href=\"https:\/\/agora.xtec.cat\/esc-oliveres\/estrategia-digital-de-centre\/estrategia\/docents\/\">MESTRES<\/a>\u00a0 \u00a0 \u00a0 \u00a0 \u00a0 \u00a0 \u00a0 \u00a0 \u00a0 \u00a0 \u00a0 \u00a0 \u00a0 \u00a0 \u00a0 \u00a0 \u00a0 \u00a0 \u00a0 \u00a0 \u00a0 \u00a0 \u00a0 \u00a0 \u00a0 \u00a0 \u00a0 \u00a0 \u00a0 \u00a0 \u00a0 \u00a0<a href=\"https:\/\/agora.xtec.cat\/esc-oliveres\/estrategia-digital-de-centre\/estrategia\/alumnes\/\">ALUMNES<\/a><\/p>\n<p><a href=\"https:\/\/agora.xtec.cat\/esc-oliveres\/estrategia-digital-de-centre\/estrategia\/families\/\"><img decoding=\"async\" class=\"aligncenter\" src=\"https:\/\/st2.depositphotos.com\/1642684\/45041\/v\/450\/depositphotos_450412564-stock-illustration-cartoon-characters-different-ages.jpg\" alt=\"Familia Im\u00e1genes Vectoriales, Gr\u00e1fico Vectorial de Familia | Depositphotos\" \/><\/a><\/p>\n<p style=\"text-align: center;\"><a href=\"https:\/\/agora.xtec.cat\/esc-oliveres\/estrategia-digital-de-centre\/estrategia\/families\/\">FAM\u00cdLIES<\/a><\/p>\n<p><a href=\"https:\/\/agora.xtec.cat\/esc-oliveres\/estrategia-digital-de-centre\/estrategia\/centre__trashed\/acolliment-digital\/personal-pas\/\"><img loading=\"lazy\" decoding=\"async\" class=\"aligncenter\" src=\"https:\/\/img.freepik.com\/vector-gratis\/ilustracion-escenas-dia-trabajo-dibujos-animados_23-2148955906.jpg\" alt=\"Im\u00e1genes de Administrativo Dibujo - Descarga gratuita en Freepik\" width=\"455\" height=\"303\" \/><\/a><\/p>\n<p style=\"text-align: center;\"><a href=\"https:\/\/agora.xtec.cat\/esc-oliveres\/estrategia-digital-de-centre\/estrategia\/centre__trashed\/acolliment-digital\/personal-pas\/\">\u00a0 \u00a0PERSONAL PAS<\/a><\/p>\n","protected":false},"excerpt":{"rendered":"<p><a href=\"https:\/\/agora.xtec.cat\/esc-oliveres\/estrategia-digital-de-centre\/estrategia\/docents\/\"><\/a><a href=\"https:\/\/agora.xtec.cat\/esc-oliveres\/estrategia-digital-de-centre\/estrategia\/alumnes\/\"><\/a><br \/>\n<a href=\"https:\/\/agora.xtec.cat\/esc-oliveres\/estrategia-digital-de-centre\/estrategia\/docents\/\">MESTRES<\/a>\u00a0 \u00a0 \u00a0 \u00a0 \u00a0 \u00a0 \u00a0 \u00a0 \u00a0 \u00a0 \u00a0 \u00a0 \u00a0 \u00a0 \u00a0 \u00a0 \u00a0 \u00a0 \u00a0 \u00a0 \u00a0 \u00a0 \u00a0 \u00a0 \u00a0 \u00a0 \u00a0 \u00a0 \u00a0 \u00a0 \u00a0 \u00a0<a href=\"https:\/\/agora.xtec.cat\/esc-oliveres\/estrategia-digital-de-centre\/estrategia\/alumnes\/\">ALUMNES<\/a><br \/>\n<a href=\"https:\/\/agora.xtec.cat\/esc-oliveres\/estrategia-digital-de-centre\/estrategia\/families\/\"><\/a><br \/>\n<a href=\"https:\/\/agora.xtec.cat\/esc-oliveres\/estrategia-digital-de-centre\/estrategia\/families\/\">FAM\u00cdLIES<\/a><br \/>\n<a href=\"https:\/\/agora.xtec.cat\/esc-oliveres\/estrategia-digital-de-centre\/estrategia\/centre__trashed\/acolliment-digital\/personal-pas\/\"><\/a><br \/>\n<a href=\"https:\/\/agora.xtec.cat\/esc-oliveres\/estrategia-digital-de-centre\/estrategia\/centre__trashed\/acolliment-digital\/personal-pas\/\">\u00a0 \u00a0PERSONAL PAS<\/a><\/p>\n","protected":false},"author":1,"featured_media":0,"parent":557,"menu_order":4,"comment_status":"closed","ping_status":"closed","template":"page-templates\/side-menu.php","meta":{"_bbp_topic_count":0,"_bbp_reply_count":0,"_bbp_total_topic_count":0,"_bbp_total_reply_count":0,"_bbp_voice_count":0,"_bbp_anonymous_reply_count":0,"_bbp_topic_count_hidden":0,"_bbp_reply_count_hidden":0,"_bbp_forum_subforum_count":0,"footnotes":""},"class_list":["post-871","page","type-page","status-publish","hentry"],"post_mailing_queue_ids":[],"_links":{"self":[{"href":"https:\/\/agora.xtec.cat\/esc-oliveres\/wp-json\/wp\/v2\/pages\/871","targetHints":{"allow":["GET"]}}],"collection":[{"href":"https:\/\/agora.xtec.cat\/esc-oliveres\/wp-json\/wp\/v2\/pages"}],"about":[{"href":"https:\/\/agora.xtec.cat\/esc-oliveres\/wp-json\/wp\/v2\/types\/page"}],"author":[{"embeddable":true,"href":"https:\/\/agora.xtec.cat\/esc-oliveres\/wp-json\/wp\/v2\/users\/1"}],"replies":[{"embeddable":true,"href":"https:\/\/agora.xtec.cat\/esc-oliveres\/wp-json\/wp\/v2\/comments?post=871"}],"version-history":[{"count":4,"href":"https:\/\/agora.xtec.cat\/esc-oliveres\/wp-json\/wp\/v2\/pages\/871\/revisions"}],"predecessor-version":[{"id":998,"href":"https:\/\/agora.xtec.cat\/esc-oliveres\/wp-json\/wp\/v2\/pages\/871\/revisions\/998"}],"up":[{"embeddable":true,"href":"https:\/\/agora.xtec.cat\/esc-oliveres\/wp-json\/wp\/v2\/pages\/557"}],"wp:attachment":[{"href":"https:\/\/agora.xtec.cat\/esc-oliveres\/wp-json\/wp\/v2\/media?parent=871"}],"curies":[{"name":"wp","href":"https:\/\/api.w.org\/{rel}","templated":true}]}}