{"id":80,"date":"2014-09-18T14:09:48","date_gmt":"2014-09-18T13:09:48","guid":{"rendered":"http:\/\/agora.xtec.cat\/esc-oliveres\/?page_id=80"},"modified":"2026-03-23T15:34:52","modified_gmt":"2026-03-23T14:34:52","slug":"transport-escolar","status":"publish","type":"page","link":"https:\/\/agora.xtec.cat\/esc-oliveres\/transport-escolar\/","title":{"rendered":"Transport Escolar"},"content":{"rendered":"<p><span style=\"font-weight: 400;\">Totes les fam\u00edlies de l\u2019escola , menys els nens i nenes de la Llar d\u2019Infants, poden fer \u00fas del transport escolar gratu\u00eft (subvencionat per l\u2019ajuntament del municipi).<\/span><\/p>\n<p><span style=\"font-weight: 400;\">Pr\u00e8viament, caldr\u00e0 haver-s\u2019hi inscrit. Si alguna fam\u00edlia encara no ho ha fet, us deixem l\u2019enlla\u00e7 perqu\u00e8 en pugueu formalitzar la inscripci\u00f3 al Consell Comarcal de l\u2019Anoia<\/span><\/p>\n<p><a href=\"https:\/\/www.anoia.cat\/departaments\/ensenyament\/sollicitud-transport-escolar\/\"><span style=\"font-weight: 400;\">https:\/\/www.anoia.cat\/departaments\/ensenyament\/sollicitud-transport-escolar\/<\/span><\/a><\/p>\n<p><span style=\"font-weight: 400;\">L\u2019horari, rutes i parades continuen essent les mateixes que en els cursos anteriors.<br \/>\nPla de Transport:\u00a0<a href=\"https:\/\/drive.google.com\/file\/d\/1OIsGCMrdDsXvH8sXNgAtzuzjudcsk4zW\/view?usp=sharing\">https:\/\/drive.google.com\/file\/d\/1OIsGCMrdDsXvH8sXNgAtzuzjudcsk4zW\/view?usp=sharing<\/a><\/span><\/p>\n<p><span style=\"font-weight: 400;\">Servei d\u2019arribada a l\u2019escola: 09:00<\/span><\/p>\n<p><span style=\"font-weight: 400;\">Servei de tornada a casa: 14:00<\/span><\/p>\n","protected":false},"excerpt":{"rendered":"<p>Totes les fam\u00edlies de l\u2019escola , menys els nens i nenes de la Llar d\u2019Infants, poden fer \u00fas del transport escolar gratu\u00eft (subvencionat per l\u2019ajuntament del municipi).<br \/>\nPr\u00e8viament, caldr\u00e0 haver-s\u2019hi inscrit. Si alguna fam\u00edlia encara no ho ha fet, us deixem l\u2019enlla\u00e7 perqu\u00e8 en pugueu formalitzar&hellip;  <a href=\"https:\/\/agora.xtec.cat\/esc-oliveres\/transport-escolar\/\" title=\"Read Transport Escolar\">Llegeix m\u00e9s\u00bb<\/a><\/p>\n","protected":false},"author":1,"featured_media":0,"parent":0,"menu_order":40,"comment_status":"closed","ping_status":"closed","template":"page-templates\/side-menu.php","meta":{"_bbp_topic_count":0,"_bbp_reply_count":0,"_bbp_total_topic_count":0,"_bbp_total_reply_count":0,"_bbp_voice_count":0,"_bbp_anonymous_reply_count":0,"_bbp_topic_count_hidden":0,"_bbp_reply_count_hidden":0,"_bbp_forum_subforum_count":0,"footnotes":""},"class_list":["post-80","page","type-page","status-publish","hentry"],"post_mailing_queue_ids":[],"_links":{"self":[{"href":"https:\/\/agora.xtec.cat\/esc-oliveres\/wp-json\/wp\/v2\/pages\/80","targetHints":{"allow":["GET"]}}],"collection":[{"href":"https:\/\/agora.xtec.cat\/esc-oliveres\/wp-json\/wp\/v2\/pages"}],"about":[{"href":"https:\/\/agora.xtec.cat\/esc-oliveres\/wp-json\/wp\/v2\/types\/page"}],"author":[{"embeddable":true,"href":"https:\/\/agora.xtec.cat\/esc-oliveres\/wp-json\/wp\/v2\/users\/1"}],"replies":[{"embeddable":true,"href":"https:\/\/agora.xtec.cat\/esc-oliveres\/wp-json\/wp\/v2\/comments?post=80"}],"version-history":[{"count":3,"href":"https:\/\/agora.xtec.cat\/esc-oliveres\/wp-json\/wp\/v2\/pages\/80\/revisions"}],"predecessor-version":[{"id":1262,"href":"https:\/\/agora.xtec.cat\/esc-oliveres\/wp-json\/wp\/v2\/pages\/80\/revisions\/1262"}],"wp:attachment":[{"href":"https:\/\/agora.xtec.cat\/esc-oliveres\/wp-json\/wp\/v2\/media?parent=80"}],"curies":[{"name":"wp","href":"https:\/\/api.w.org\/{rel}","templated":true}]}}