{"id":73,"date":"2014-09-18T14:01:51","date_gmt":"2014-09-18T13:01:51","guid":{"rendered":"http:\/\/agora.xtec.cat\/esc-oliveres\/?page_id=73"},"modified":"2024-08-27T17:16:03","modified_gmt":"2024-08-27T15:16:03","slug":"menjador-escolar","status":"publish","type":"page","link":"https:\/\/agora.xtec.cat\/esc-oliveres\/menjador-escolar\/","title":{"rendered":"Menjador escolar"},"content":{"rendered":"<p>L\u2019empresa \u00a0que \u00a0s\u2019encarrega \u00a0del \u00a0servei \u00a0<strong>\u00e9s <a href=\"https:\/\/alimentart.com\/areas-de-negocio\/educacion\/\">Aliment Art<\/a><\/strong>. \u00a0Aquest \u00a0servei\u00a0 \u00e9s gestionat\u00a0 pel \u00a0Consell \u00a0Comarcal \u00a0de l&#8217;Anoia.<\/p>\n<p>Els alumnes podran utilitzar el menjador de manera continuada, o b\u00e9 de manera espor\u00e0dica. El preu del servei \u00e9s 6,40 per als comensals fixos i 6,70 pels espor\u00e0dics. Trobareu m\u00e9s informaci\u00f3 al web\u00a0 <a href=\"https:\/\/www.anoia.cat\/\">https:\/\/www.anoia.cat\/<\/a><\/p>\n<p><span style=\"font-weight: 400;\">El servei de menjador \u00e9s <\/span><b>de 14:00 a 16:30. <\/b><span style=\"font-weight: 400;\">Poden fer \u00fas d\u2019aquest servei totes les fam\u00edlies des d&#8217;Infantil 3 fins tota la Prim\u00e0ria. <\/span><\/p>\n<p>A continuaci\u00f3 podeu consultar i\/o baixar els diferents men\u00fas:<\/p>\n<ul>\n<li><a href=\"https:\/\/drive.google.com\/drive\/folders\/1aRvWmZyZzTTosCWALhwX3Jw856qXnC5i?usp=sharing\">MENUS MENSUALS<\/a><\/li>\n<\/ul>\n<p>&nbsp;<\/p>\n<p>&nbsp;<\/p>\n","protected":false},"excerpt":{"rendered":"<p>L\u2019empresa \u00a0que \u00a0s\u2019encarrega \u00a0del \u00a0servei \u00a0\u00e9s <a href=\"https:\/\/alimentart.com\/areas-de-negocio\/educacion\/\">Aliment Art<\/a>. \u00a0Aquest \u00a0servei\u00a0 \u00e9s gestionat\u00a0 pel \u00a0Consell \u00a0Comarcal \u00a0de l&#8217;Anoia.<br \/>\nEls alumnes podran utilitzar el menjador de manera continuada, o b\u00e9 de manera espor\u00e0dica. El preu del servei \u00e9s 6,40 per als comensals fixos i 6,70 pels espor\u00e0dics.&hellip;  <a href=\"https:\/\/agora.xtec.cat\/esc-oliveres\/menjador-escolar\/\" title=\"Read Menjador escolar\">Llegeix m\u00e9s\u00bb<\/a><\/p>\n","protected":false},"author":1,"featured_media":0,"parent":0,"menu_order":30,"comment_status":"closed","ping_status":"closed","template":"page-templates\/side-menu.php","meta":{"_bbp_topic_count":0,"_bbp_reply_count":0,"_bbp_total_topic_count":0,"_bbp_total_reply_count":0,"_bbp_voice_count":0,"_bbp_anonymous_reply_count":0,"_bbp_topic_count_hidden":0,"_bbp_reply_count_hidden":0,"_bbp_forum_subforum_count":0,"footnotes":""},"class_list":["post-73","page","type-page","status-publish","hentry"],"post_mailing_queue_ids":[],"_links":{"self":[{"href":"https:\/\/agora.xtec.cat\/esc-oliveres\/wp-json\/wp\/v2\/pages\/73","targetHints":{"allow":["GET"]}}],"collection":[{"href":"https:\/\/agora.xtec.cat\/esc-oliveres\/wp-json\/wp\/v2\/pages"}],"about":[{"href":"https:\/\/agora.xtec.cat\/esc-oliveres\/wp-json\/wp\/v2\/types\/page"}],"author":[{"embeddable":true,"href":"https:\/\/agora.xtec.cat\/esc-oliveres\/wp-json\/wp\/v2\/users\/1"}],"replies":[{"embeddable":true,"href":"https:\/\/agora.xtec.cat\/esc-oliveres\/wp-json\/wp\/v2\/comments?post=73"}],"version-history":[{"count":7,"href":"https:\/\/agora.xtec.cat\/esc-oliveres\/wp-json\/wp\/v2\/pages\/73\/revisions"}],"predecessor-version":[{"id":1023,"href":"https:\/\/agora.xtec.cat\/esc-oliveres\/wp-json\/wp\/v2\/pages\/73\/revisions\/1023"}],"wp:attachment":[{"href":"https:\/\/agora.xtec.cat\/esc-oliveres\/wp-json\/wp\/v2\/media?parent=73"}],"curies":[{"name":"wp","href":"https:\/\/api.w.org\/{rel}","templated":true}]}}