{"id":666,"date":"2023-03-21T20:43:59","date_gmt":"2023-03-21T19:43:59","guid":{"rendered":"https:\/\/agora.xtec.cat\/esc-oliveres\/?page_id=666"},"modified":"2023-03-22T18:34:48","modified_gmt":"2023-03-22T17:34:48","slug":"projectes-dinnovacio-pedagogica","status":"publish","type":"page","link":"https:\/\/agora.xtec.cat\/esc-oliveres\/projectes-dinnovacio-pedagogica\/","title":{"rendered":"Innovaci\u00f3 pedag\u00f2gica"},"content":{"rendered":"<p>L&#8217;Escola Les Oliveres participa en diferents projectes d&#8217;innovaci\u00f3 pedag\u00f2gica promoguts pel departament d&#8217;educaci\u00f3.<\/p>\n<div>\n<div class=\"entradeta__wrapper\">\n<div class=\"row\">\n<div class=\"basic_text_peq col-xs-12\">\n<div class=\"pd-15x link-dotted\">\n<p>Els projectes d\u2019innovaci\u00f3 pedag\u00f2gica consisteixen en iniciatives d\u2019un centre educatiu, o d\u2019un grup de centres, que formen part de manera expl\u00edcita del projecte educatiu de centre, que responen a objectius de millora educativa pr\u00e8viament fixats en un pla d\u2019acci\u00f3 i que aporten evid\u00e8ncies del canvi que ha significat per al centre o centres pel que fa a les compet\u00e8ncies dels alumnes o a l\u2019organitzaci\u00f3 i gesti\u00f3. (Article 2 Ordre Ens\/303\/2015)<\/p>\n<p>El Departament d\u2019Educaci\u00f3 vol promoure, recon\u00e8ixer i certificar els projectes d&#8217;innovaci\u00f3 pedag\u00f2gica impulsats des dels centres educatius per millorar la qualitat dels serveis que ofereixen contribuint a la millora del sistema educatiu.<\/p>\n<\/div>\n<\/div>\n<\/div>\n<\/div>\n<p>Els projectes en els que participem actualment son:<\/p>\n<p><strong>ARAART<\/strong><\/p>\n<p>AraArt\u00a0\u00e9s un programa d\u2019Innovaci\u00f3 educativa impulsat pel\u00a0Departament d\u2019Ensenyament.\u00a0La finalitat del Programa \u00e9s<strong>\u00a0fomentar i posar en valor projectes art\u00edstics que es portin a terme en el si d\u2019un centre d\u2019educaci\u00f3 infantil, prim\u00e0ria o secund\u00e0r<\/strong><strong>ia, en col\u00b7laboraci\u00f3 amb una escola art\u00edstica, un equipament cultural, o institucions, entitats i associacions art\u00edstiques,<\/strong>\u00a0per promoure l\u2019equitat i la qualitat del sistema educatiu reflectida en la millora de les capacitats i compet\u00e8ncies de l\u2019alumnat participant.<\/p>\n<p>L&#8217;Escola Les Oliveres, gr\u00e0cies a la col\u00b7laboraci\u00f3 de l&#8217;ajuntament, porta a terme el projecte l&#8217;Ukele a l&#8217;escola, on un professor de m\u00fasica de l&#8217;EMAP (Escola de M\u00fasica de l&#8217;Alt Pened\u00e8s) entra a l&#8217;aula a acompanyar-nos en l&#8217;aprenentatge d&#8217;aquest instrument.<\/p>\n<p>&nbsp;<\/p>\n<p><a href=\"https:\/\/emaltpenedes.wordpress.com\/\">\u00a0 \u00a0 \u00a0 \u00a0 \u00a0 \u00a0 \u00a0 \u00a0 \u00a0 \u00a0 \u00a0<img loading=\"lazy\" decoding=\"async\" class=\"alignnone wp-image-673\" src=\"https:\/\/agora.xtec.cat\/esc-oliveres\/wp-content\/uploads\/usu2309\/2023\/03\/EMAP_logo01-1024x724.png\" alt=\"\" width=\"164\" height=\"116\" srcset=\"https:\/\/agora.xtec.cat\/esc-oliveres\/wp-content\/uploads\/usu2309\/2023\/03\/EMAP_logo01-1024x724.png 1024w, https:\/\/agora.xtec.cat\/esc-oliveres\/wp-content\/uploads\/usu2309\/2023\/03\/EMAP_logo01-300x212.png 300w, https:\/\/agora.xtec.cat\/esc-oliveres\/wp-content\/uploads\/usu2309\/2023\/03\/EMAP_logo01-768x543.png 768w, https:\/\/agora.xtec.cat\/esc-oliveres\/wp-content\/uploads\/usu2309\/2023\/03\/EMAP_logo01-1536x1086.png 1536w, https:\/\/agora.xtec.cat\/esc-oliveres\/wp-content\/uploads\/usu2309\/2023\/03\/EMAP_logo01-2048x1448.png 2048w\" sizes=\"auto, (max-width: 164px) 100vw, 164px\" \/><\/a>\u00a0 \u00a0 \u00a0 \u00a0 \u00a0 \u00a0 \u00a0 \u00a0 \u00a0 \u00a0 \u00a0 \u00a0 <a href=\"https:\/\/www.ccapenedes.cat\/\"><img loading=\"lazy\" decoding=\"async\" class=\"alignnone wp-image-672\" src=\"https:\/\/agora.xtec.cat\/esc-oliveres\/wp-content\/uploads\/usu2309\/2023\/03\/large.jpeg\" alt=\"\" width=\"141\" height=\"101\" srcset=\"https:\/\/agora.xtec.cat\/esc-oliveres\/wp-content\/uploads\/usu2309\/2023\/03\/large.jpeg 768w, https:\/\/agora.xtec.cat\/esc-oliveres\/wp-content\/uploads\/usu2309\/2023\/03\/large-300x214.jpeg 300w\" sizes=\"auto, (max-width: 141px) 100vw, 141px\" \/>\u00a0 \u00a0 \u00a0 \u00a0 \u00a0 \u00a0 \u00a0 \u00a0 \u00a0 \u00a0 \u00a0 \u00a0 \u00a0 <\/a><a href=\"https:\/\/www.cabreradanoia.cat\/\"><img loading=\"lazy\" decoding=\"async\" class=\"alignnone wp-image-678\" src=\"https:\/\/agora.xtec.cat\/esc-oliveres\/wp-content\/uploads\/usu2309\/2023\/03\/OutlookEmoji-f0e51fff-ec9f-4640-a125-b0f7de6b578e.png\" alt=\"\" width=\"114\" height=\"117\" \/><\/a><\/p>\n<p>&nbsp;<\/p>\n<p><strong>PROGRAMA SI<\/strong><\/p>\n<p><span style=\"font-weight: 400;\">Un programa d&#8217;intervenci\u00f3 escolar dirigit a nens i nenes de 3 a 16 anys amb un clar objectiu: demostrar que l&#8217;adquisici\u00f3 d&#8217;h\u00e0bits saludables des de la inf\u00e0ncia redueix els riscs de patir malalties cardiovasculars i millora la qualitat de vida en l&#8217;edat adulta.<\/span><\/p>\n<p>&nbsp;<\/p>\n<\/div>\n<p><a href=\"https:\/\/www.programasi.org\/\">\u00a0 \u00a0 \u00a0 \u00a0 \u00a0 \u00a0 \u00a0 \u00a0 \u00a0 \u00a0 \u00a0 \u00a0 \u00a0 \u00a0 \u00a0 \u00a0 \u00a0 \u00a0 \u00a0 \u00a0 \u00a0 \u00a0 \u00a0 \u00a0 \u00a0 \u00a0 \u00a0 \u00a0 \u00a0 \u00a0 \u00a0 \u00a0 \u00a0 \u00a0 <img loading=\"lazy\" decoding=\"async\" class=\"wp-image-655 alignnone\" src=\"https:\/\/agora.xtec.cat\/esc-oliveres\/wp-content\/uploads\/usu2309\/2023\/03\/baixa-1.jpg\" alt=\"\" width=\"131\" height=\"131\" srcset=\"https:\/\/agora.xtec.cat\/esc-oliveres\/wp-content\/uploads\/usu2309\/2023\/03\/baixa-1.jpg 225w, https:\/\/agora.xtec.cat\/esc-oliveres\/wp-content\/uploads\/usu2309\/2023\/03\/baixa-1-150x150.jpg 150w\" sizes=\"auto, (max-width: 131px) 100vw, 131px\" \/><\/a><\/p>\n<p><strong>ESCOLA VERDA<\/strong><\/p>\n<p>El Programa escoles verdes sorgeix com un comprom\u00eds de la Generalitat de Catalunya per donar suport a tots els centres educatius de Catalunya que volen innovar, incloure, avan\u00e7ar, sistematitzar i organitzar accions educatives que tinguin la finalitat d&#8217;afrontar, des de l&#8217;educaci\u00f3, els nous reptes i valors de la sostenibilitat.<\/p>\n<p>I, per tant, es plantegen tres grans objectius:<\/p>\n<ul>\n<li>Ajudar els centres a incorporar els valors de l&#8217;educaci\u00f3 per a la sostenibilitat en tots els \u00e0mbits de la vida del centre (curr\u00edculum, gesti\u00f3, relacions amb l&#8217;entorn, etc.).<\/li>\n<li>Promoure la participaci\u00f3 i la implicaci\u00f3 activa de la comunitat educativa en la millora del seu entorn.<\/li>\n<li>Afavorir l&#8217;intercanvi entre els centres que comparteixen uns mateixos objectius.<\/li>\n<\/ul>\n<p>&nbsp;<\/p>\n<p><a href=\"https:\/\/xtec.gencat.cat\/ca\/projectes\/escoles-verdes\/\">\u00a0 \u00a0 \u00a0 \u00a0 \u00a0 \u00a0 \u00a0 \u00a0 \u00a0 \u00a0 \u00a0 \u00a0 \u00a0 \u00a0 \u00a0 \u00a0 \u00a0 \u00a0 \u00a0 \u00a0 \u00a0 \u00a0 \u00a0 \u00a0 \u00a0 \u00a0 \u00a0 \u00a0 \u00a0 \u00a0 \u00a0 \u00a0 <img loading=\"lazy\" decoding=\"async\" class=\"wp-image-496 alignnone\" src=\"https:\/\/agora.xtec.cat\/esc-oliveres\/wp-content\/uploads\/usu2309\/2023\/02\/index.png\" alt=\"\" width=\"156\" height=\"141\" \/><\/a><\/p>\n<h5><\/h5>\n<p>&nbsp;<\/p>\n<p>&nbsp;<\/p>\n","protected":false},"excerpt":{"rendered":"<p>L&#8217;Escola Les Oliveres participa en diferents projectes d&#8217;innovaci\u00f3 pedag\u00f2gica promoguts pel departament d&#8217;educaci\u00f3.<\/p>\n<p>Els projectes d\u2019innovaci\u00f3 pedag\u00f2gica consisteixen en iniciatives d\u2019un centre educatiu, o d\u2019un grup de centres, que formen part de manera expl\u00edcita del projecte educatiu de centre, que responen a objectius de millora educativa&hellip;  <a href=\"https:\/\/agora.xtec.cat\/esc-oliveres\/projectes-dinnovacio-pedagogica\/\" title=\"Read Innovaci\u00f3 pedag\u00f2gica\">Llegeix m\u00e9s\u00bb<\/a><\/p>\n","protected":false},"author":1,"featured_media":0,"parent":0,"menu_order":0,"comment_status":"closed","ping_status":"closed","template":"","meta":{"_bbp_topic_count":0,"_bbp_reply_count":0,"_bbp_total_topic_count":0,"_bbp_total_reply_count":0,"_bbp_voice_count":0,"_bbp_anonymous_reply_count":0,"_bbp_topic_count_hidden":0,"_bbp_reply_count_hidden":0,"_bbp_forum_subforum_count":0,"footnotes":""},"class_list":["post-666","page","type-page","status-publish","hentry"],"post_mailing_queue_ids":[],"_links":{"self":[{"href":"https:\/\/agora.xtec.cat\/esc-oliveres\/wp-json\/wp\/v2\/pages\/666","targetHints":{"allow":["GET"]}}],"collection":[{"href":"https:\/\/agora.xtec.cat\/esc-oliveres\/wp-json\/wp\/v2\/pages"}],"about":[{"href":"https:\/\/agora.xtec.cat\/esc-oliveres\/wp-json\/wp\/v2\/types\/page"}],"author":[{"embeddable":true,"href":"https:\/\/agora.xtec.cat\/esc-oliveres\/wp-json\/wp\/v2\/users\/1"}],"replies":[{"embeddable":true,"href":"https:\/\/agora.xtec.cat\/esc-oliveres\/wp-json\/wp\/v2\/comments?post=666"}],"version-history":[{"count":4,"href":"https:\/\/agora.xtec.cat\/esc-oliveres\/wp-json\/wp\/v2\/pages\/666\/revisions"}],"predecessor-version":[{"id":700,"href":"https:\/\/agora.xtec.cat\/esc-oliveres\/wp-json\/wp\/v2\/pages\/666\/revisions\/700"}],"wp:attachment":[{"href":"https:\/\/agora.xtec.cat\/esc-oliveres\/wp-json\/wp\/v2\/media?parent=666"}],"curies":[{"name":"wp","href":"https:\/\/api.w.org\/{rel}","templated":true}]}}