{"id":567,"date":"2023-02-17T10:05:01","date_gmt":"2023-02-17T09:05:01","guid":{"rendered":"https:\/\/agora.xtec.cat\/esc-oliveres\/?page_id=567"},"modified":"2023-06-23T08:17:32","modified_gmt":"2023-06-23T06:17:32","slug":"avaluacio","status":"publish","type":"page","link":"https:\/\/agora.xtec.cat\/esc-oliveres\/estrategia-digital-de-centre\/estrategia-digital\/avaluacio\/","title":{"rendered":"Avaluaci\u00f3"},"content":{"rendered":"<p class=\"CDt4Ke zfr3Q\" dir=\"ltr\">Per tal d&#8217;avaluar la implementaci\u00f3 de l&#8217;Estrat\u00e8gia digital al nostre centre, amb la realitzaci\u00f3 de la Mem\u00f2ria Anual de\u00a0 ZER la comissi\u00f3 digital \u00e9s on recollir\u00e0 la valoraci\u00f3 de l&#8217;assoliment dels criteris, dels indicadors, de les activitats i dels objectius previstos per a cada curs en el que desenvoluparem el desplegament de la nostra Estrat\u00e8gia Digital de Centre.<\/p>\n<p class=\"CDt4Ke zfr3Q\" dir=\"ltr\">Cada responsable \u00e9s qui far\u00e0 la mem\u00f2ria del que s&#8217;ha assolit i del que no s&#8217;ha assolit, i redactar\u00e0 les propostes de millora.<\/p>\n<p class=\"CDt4Ke zfr3Q\" dir=\"ltr\">A partir d&#8217;aqu\u00ed, la comissi\u00f3 modificar\u00e0 l&#8217;ECD pel que queda de temps d&#8217;implementaci\u00f3, si s&#8217;escau, per tal de garantir una veritable implantaci\u00f3 dels criteris, les activitats i els objectius previstos.<\/p>\n<p>Quan tot el proc\u00e9s acabi, es podr\u00e0 avaluar i fins i tot millorar depenent de la consecuci\u00f3 dels objectius establerts i planificats. En aquest punt, s\u2019haur\u00e0 de comen\u00e7ar un proc\u00e9s de reflexi\u00f3 per avaluar tota l\u2019EDC. No cal oblidar que la finalitat principal del curr\u00edculum en relaci\u00f3 a l\u2019estrat\u00e8gia digital \u00e9s l\u2019adquisici\u00f3 d\u2019un conjunt de coneixements, destreses, actituds i aptituds que facilitin l\u2019aprofitament de les eines de les tecnologies de la informaci\u00f3 i la comunicaci\u00f3 en la seva interacci\u00f3 present i futura amb l\u2019entorn social.<\/p>\n<div class=\"wp-block-image\"><img loading=\"lazy\" decoding=\"async\" class=\"alignnone\" src=\"https:\/\/agora.xtec.cat\/escolajoseppla\/wp-content\/uploads\/usu1495\/2022\/06\/avaluacio-i-millora.jpg\" alt=\"\" width=\"768\" height=\"444\" \/><\/div>\n","protected":false},"excerpt":{"rendered":"<p>Per tal d&#8217;avaluar la implementaci\u00f3 de l&#8217;Estrat\u00e8gia digital al nostre centre, amb la realitzaci\u00f3 de la Mem\u00f2ria Anual de\u00a0 ZER la comissi\u00f3 digital \u00e9s on recollir\u00e0 la valoraci\u00f3 de l&#8217;assoliment dels criteris, dels indicadors, de les activitats i dels objectius previstos per a cada curs&hellip;  <a href=\"https:\/\/agora.xtec.cat\/esc-oliveres\/estrategia-digital-de-centre\/estrategia-digital\/avaluacio\/\" title=\"Read Avaluaci\u00f3\">Llegeix m\u00e9s\u00bb<\/a><\/p>\n","protected":false},"author":1,"featured_media":0,"parent":561,"menu_order":3,"comment_status":"closed","ping_status":"closed","template":"page-templates\/side-menu.php","meta":{"_bbp_topic_count":0,"_bbp_reply_count":0,"_bbp_total_topic_count":0,"_bbp_total_reply_count":0,"_bbp_voice_count":0,"_bbp_anonymous_reply_count":0,"_bbp_topic_count_hidden":0,"_bbp_reply_count_hidden":0,"_bbp_forum_subforum_count":0,"footnotes":""},"class_list":["post-567","page","type-page","status-publish","hentry"],"post_mailing_queue_ids":[],"_links":{"self":[{"href":"https:\/\/agora.xtec.cat\/esc-oliveres\/wp-json\/wp\/v2\/pages\/567","targetHints":{"allow":["GET"]}}],"collection":[{"href":"https:\/\/agora.xtec.cat\/esc-oliveres\/wp-json\/wp\/v2\/pages"}],"about":[{"href":"https:\/\/agora.xtec.cat\/esc-oliveres\/wp-json\/wp\/v2\/types\/page"}],"author":[{"embeddable":true,"href":"https:\/\/agora.xtec.cat\/esc-oliveres\/wp-json\/wp\/v2\/users\/1"}],"replies":[{"embeddable":true,"href":"https:\/\/agora.xtec.cat\/esc-oliveres\/wp-json\/wp\/v2\/comments?post=567"}],"version-history":[{"count":3,"href":"https:\/\/agora.xtec.cat\/esc-oliveres\/wp-json\/wp\/v2\/pages\/567\/revisions"}],"predecessor-version":[{"id":804,"href":"https:\/\/agora.xtec.cat\/esc-oliveres\/wp-json\/wp\/v2\/pages\/567\/revisions\/804"}],"up":[{"embeddable":true,"href":"https:\/\/agora.xtec.cat\/esc-oliveres\/wp-json\/wp\/v2\/pages\/561"}],"wp:attachment":[{"href":"https:\/\/agora.xtec.cat\/esc-oliveres\/wp-json\/wp\/v2\/media?parent=567"}],"curies":[{"name":"wp","href":"https:\/\/api.w.org\/{rel}","templated":true}]}}