{"id":36,"date":"2014-09-18T12:33:11","date_gmt":"2014-09-18T11:33:11","guid":{"rendered":"http:\/\/agora.xtec.cat\/esc-oliveres\/?page_id=36"},"modified":"2023-03-21T21:44:39","modified_gmt":"2023-03-21T20:44:39","slug":"material-escolar","status":"publish","type":"page","link":"https:\/\/agora.xtec.cat\/esc-oliveres\/lescola\/material-escolar\/","title":{"rendered":"Material escolar"},"content":{"rendered":"<p><span style=\"font-weight: 400;\">\u00a0L\u2019ajuntament de Cabrera d&#8217;Anoia es fa c\u00e0rrec de la despesa i gesti\u00f3 dels llibres de text que utilitzem al centre.<\/span><\/p>\n<p><span style=\"font-weight: 400;\">A banda d\u2019aix\u00f2, a fi i efecte de proveir-nos dels diferents estris i materials que utilitzem en el dia a dia escolar (fulls, llibretes, pintures, llapis\u2026 etc), cada nen de l\u2019escola de tots els nivells educatius: Infantil 1- 6 i Prim\u00e0ria *<\/span><b>fa una aportaci\u00f3 econ\u00f2mica que permet a l\u2019escola adquirir aquest materials<\/b><span style=\"font-weight: 400;\">.*<\/span><\/p>\n<p><b>*Els nens i nenes de prim\u00e0ria han de portar la motxilla, l\u2019estoig buit, una ampolla d\u2019aigua i una bata per pl\u00e0stica.*<\/b><\/p>\n<p><span style=\"font-weight: 400;\">Els pagaments de material s\u00f3n els seg\u00fcents:<\/span><\/p>\n<ul>\n<li><span style=\"font-weight: 400;\">70\u20ac per alumne<\/span><\/li>\n<li><span style=\"font-weight: 400;\">65\u20ac el segon germ\u00e0<\/span><\/li>\n<li><span style=\"font-weight: 400;\">60\u20ac el tercer germ\u00e0<\/span><\/li>\n<\/ul>\n<p><span style=\"font-weight: 400;\">Si feu el pagament abans del 30 d\u2019octubre, s\u2019aplica un descompte de 5\u20ac sobre el preu general establert.<\/span><\/p>\n<p><span style=\"font-weight: 400;\">Podeu fer el pagament en efectiu a l\u2019escola o b\u00e9 a trav\u00e9s de la plataforma TELLFY al seg\u00fcent enlla\u00e7:<\/span><\/p>\n<p><a href=\"https:\/\/oliverescanaletes.tpvweb.com\/\"><span style=\"font-weight: 400;\">https:\/\/oliverescanaletes.tpvweb.com\/<\/span><\/a><\/p>\n<p><span style=\"font-weight: 400;\">o b\u00e9 fent un ingr\u00e9s al n\u00famero de compte:<\/span><\/p>\n<p><span style=\"font-weight: 400;\">ES82 0081 1607 0300 0101 2812<\/span><\/p>\n<p>&nbsp;<\/p>\n<p>&nbsp;<\/p>\n","protected":false},"excerpt":{"rendered":"<p>\u00a0L\u2019ajuntament de Cabrera d&#8217;Anoia es fa c\u00e0rrec de la despesa i gesti\u00f3 dels llibres de text que utilitzem al centre.<br \/>\nA banda d\u2019aix\u00f2, a fi i efecte de proveir-nos dels diferents estris i materials que utilitzem en el dia a dia escolar (fulls, llibretes, pintures, llapis\u2026&hellip;  <a href=\"https:\/\/agora.xtec.cat\/esc-oliveres\/lescola\/material-escolar\/\" title=\"Read Material escolar\">Llegeix m\u00e9s\u00bb<\/a><\/p>\n","protected":false},"author":1,"featured_media":0,"parent":22,"menu_order":70,"comment_status":"closed","ping_status":"closed","template":"page-templates\/side-menu.php","meta":{"_bbp_topic_count":0,"_bbp_reply_count":0,"_bbp_total_topic_count":0,"_bbp_total_reply_count":0,"_bbp_voice_count":0,"_bbp_anonymous_reply_count":0,"_bbp_topic_count_hidden":0,"_bbp_reply_count_hidden":0,"_bbp_forum_subforum_count":0,"footnotes":""},"class_list":["post-36","page","type-page","status-publish","hentry"],"post_mailing_queue_ids":[],"_links":{"self":[{"href":"https:\/\/agora.xtec.cat\/esc-oliveres\/wp-json\/wp\/v2\/pages\/36","targetHints":{"allow":["GET"]}}],"collection":[{"href":"https:\/\/agora.xtec.cat\/esc-oliveres\/wp-json\/wp\/v2\/pages"}],"about":[{"href":"https:\/\/agora.xtec.cat\/esc-oliveres\/wp-json\/wp\/v2\/types\/page"}],"author":[{"embeddable":true,"href":"https:\/\/agora.xtec.cat\/esc-oliveres\/wp-json\/wp\/v2\/users\/1"}],"replies":[{"embeddable":true,"href":"https:\/\/agora.xtec.cat\/esc-oliveres\/wp-json\/wp\/v2\/comments?post=36"}],"version-history":[{"count":3,"href":"https:\/\/agora.xtec.cat\/esc-oliveres\/wp-json\/wp\/v2\/pages\/36\/revisions"}],"predecessor-version":[{"id":690,"href":"https:\/\/agora.xtec.cat\/esc-oliveres\/wp-json\/wp\/v2\/pages\/36\/revisions\/690"}],"up":[{"embeddable":true,"href":"https:\/\/agora.xtec.cat\/esc-oliveres\/wp-json\/wp\/v2\/pages\/22"}],"wp:attachment":[{"href":"https:\/\/agora.xtec.cat\/esc-oliveres\/wp-json\/wp\/v2\/media?parent=36"}],"curies":[{"name":"wp","href":"https:\/\/api.w.org\/{rel}","templated":true}]}}