{"id":28,"date":"2014-09-18T12:29:35","date_gmt":"2014-09-18T11:29:35","guid":{"rendered":"http:\/\/agora.xtec.cat\/esc-oliveres\/?page_id=28"},"modified":"2023-06-16T09:05:22","modified_gmt":"2023-06-16T07:05:22","slug":"consell-escolar","status":"publish","type":"page","link":"https:\/\/agora.xtec.cat\/esc-oliveres\/lescola\/consell-escolar\/","title":{"rendered":"Consell escolar"},"content":{"rendered":"<header class=\"entry-header\">\n<h1 class=\"entry-title\"><\/h1>\n<\/header>\n<div class=\"entry-content\">\n<p align=\"justify\">El Consell Escolar \u00e9s\u00a0<span lang=\"es\">l\u2019<\/span>\u00f2rgan\u00a0<span lang=\"es\">col\u00b7legiat de participaci\u00f3 de la comunitat escolar en el<\/span>\u00a0govern del centre<span lang=\"es\">,<\/span>\u00a0hi estan representats tots els sectors: pares i mares, mestres, administraci\u00f3 local<span lang=\"es\">\u00a0i<\/span>\u00a0personal no docent. Les persones del consell escolar s\u00f3n elegides per\u00a0<strong>un per\u00edode de quatre anys<\/strong>\u00a0i es renoven per meitats cada dos anys el primer trimestre del curs escolar.<\/p>\n<p align=\"justify\">Les vacants del consell s\u2019ocupen segons els resultats de les eleccions. Si un membre deixa el consell, passar\u00e0 a ocupar el seu lloc la seg\u00fcent candidatura m\u00e9s votada en les darreres eleccions.<\/p>\n<h4>Funcions del consell escolar dels centres p\u00fablics<\/h4>\n<ul>\n<li>Participar en l\u2019aprovaci\u00f3 del projecte educatiu i les seves modificacions. El consell escolar ha de ser consultat pel director de manera preceptiva per valorar la proposta del projecte educatiu i manifestar el seu suport amb una majoria de les tres cinquenes parts dels membres.<\/li>\n<li>Participar en l\u2019aprovaci\u00f3 de la programaci\u00f3 general anual, de les normes de funcionament i de la gesti\u00f3 econ\u00f2mica del centre. El consell escolar ha de ser consultat de manera preceptiva per valorar cada una de les propostes i manifestar el seu suport per majoria simple dels membres.<\/li>\n<li>Avaluar l\u2019aplicaci\u00f3 del projecte educatiu i de les seves modificacions aix\u00ed com de la resta de documents de gesti\u00f3 del centre.<\/li>\n<li>Aprovar les propostes d\u2019acords de coresponsabilitat, convenis i altres acords de col\u00b7laboraci\u00f3 del centre amb entitats i institucions.<\/li>\n<li>Intervenir en el procediment d\u2019admissi\u00f3 d\u2019alumnes.<\/li>\n<li>Participar en el procediment de selecci\u00f3 i en la proposta de cessament del director o directora.<\/li>\n<li>Intervenir en la resoluci\u00f3 dels conflictes i, si escau, revisar les sancions als alumnes.<\/li>\n<li>Aprovar les directrius per a la programaci\u00f3 d\u2019activitats escolars complement\u00e0ries i d\u2019activitats extraescolars, i avaluar-ne el desenvolupament.<\/li>\n<li>Participar en les an\u00e0lisis i les avaluacions del funcionament general del centre i con\u00e8ixer l\u2019evoluci\u00f3 del rendiment escolar.<\/li>\n<li>Aprovar els criteris de col\u00b7laboraci\u00f3 amb altres centres i amb l\u2019entorn.<\/li>\n<li>Qualsevol altre que li sigui atribu\u00efda per les normes legals o reglament\u00e0ries.<\/li>\n<\/ul>\n<p>En aquest enlla\u00e7 podreu veure la infografia oficial del departament d\u2019educaci\u00f3 on consultar les funcions del consell escolar \u2013&gt;\u00a0<a href=\"https:\/\/agora.xtec.cat\/ceipvilademager\/wp-content\/uploads\/usu2505\/2022\/01\/consell-escolar-funcions.pdf\">consell-escolar-funcions<\/a><\/p>\n<\/div>\n<p>&nbsp;<\/p>\n<p>A dia d\u2019avui, els membres del Consell Escolar s\u00f3n:<\/p>\n<ul>\n<li>Direcci\u00f3:\n<ul>\n<li>Ricard Vivas<\/li>\n<\/ul>\n<\/li>\n<li>Secretari:\n<ul>\n<li>Jaume Mestres<\/li>\n<\/ul>\n<\/li>\n<li>Representants del sector Mestres:\n<ul>\n<li>Sara\u00a0 Esteve<\/li>\n<li>Gemma Rodr\u00edguez<\/li>\n<li>Raquel Padrell<\/li>\n<\/ul>\n<\/li>\n<li>Representants del sector pares i mares:\n<ul>\n<li>Sabina Artal<\/li>\n<li>Mauricio Gutierrez<\/li>\n<\/ul>\n<\/li>\n<li>Representat AFA:\n<ul>\n<li>Jenny Royo<\/li>\n<\/ul>\n<\/li>\n<li>Representant de l\u2019Ajuntament:\n<ul>\n<li>Elisabet Hidalgo<\/li>\n<\/ul>\n<\/li>\n<li>Representant del personal PAS:\n<ul>\n<li>Montse Carricondo<\/li>\n<\/ul>\n<\/li>\n<\/ul>\n<p>&nbsp;<\/p>\n","protected":false},"excerpt":{"rendered":"<p>El Consell Escolar \u00e9s\u00a0l\u2019\u00f2rgan\u00a0col\u00b7legiat de participaci\u00f3 de la comunitat escolar en el\u00a0govern del centre,\u00a0hi estan representats tots els sectors: pares i mares, mestres, administraci\u00f3 local\u00a0i\u00a0personal no docent. Les persones del consell escolar s\u00f3n elegides per\u00a0un per\u00edode de quatre anys\u00a0i es renoven per meitats cada dos&hellip;  <a href=\"https:\/\/agora.xtec.cat\/esc-oliveres\/lescola\/consell-escolar\/\" title=\"Read Consell escolar\">Llegeix m\u00e9s\u00bb<\/a><\/p>\n","protected":false},"author":1,"featured_media":0,"parent":22,"menu_order":30,"comment_status":"closed","ping_status":"closed","template":"page-templates\/side-menu.php","meta":{"_bbp_topic_count":0,"_bbp_reply_count":0,"_bbp_total_topic_count":0,"_bbp_total_reply_count":0,"_bbp_voice_count":0,"_bbp_anonymous_reply_count":0,"_bbp_topic_count_hidden":0,"_bbp_reply_count_hidden":0,"_bbp_forum_subforum_count":0,"footnotes":""},"class_list":["post-28","page","type-page","status-publish","hentry"],"post_mailing_queue_ids":[],"_links":{"self":[{"href":"https:\/\/agora.xtec.cat\/esc-oliveres\/wp-json\/wp\/v2\/pages\/28","targetHints":{"allow":["GET"]}}],"collection":[{"href":"https:\/\/agora.xtec.cat\/esc-oliveres\/wp-json\/wp\/v2\/pages"}],"about":[{"href":"https:\/\/agora.xtec.cat\/esc-oliveres\/wp-json\/wp\/v2\/types\/page"}],"author":[{"embeddable":true,"href":"https:\/\/agora.xtec.cat\/esc-oliveres\/wp-json\/wp\/v2\/users\/1"}],"replies":[{"embeddable":true,"href":"https:\/\/agora.xtec.cat\/esc-oliveres\/wp-json\/wp\/v2\/comments?post=28"}],"version-history":[{"count":3,"href":"https:\/\/agora.xtec.cat\/esc-oliveres\/wp-json\/wp\/v2\/pages\/28\/revisions"}],"predecessor-version":[{"id":687,"href":"https:\/\/agora.xtec.cat\/esc-oliveres\/wp-json\/wp\/v2\/pages\/28\/revisions\/687"}],"up":[{"embeddable":true,"href":"https:\/\/agora.xtec.cat\/esc-oliveres\/wp-json\/wp\/v2\/pages\/22"}],"wp:attachment":[{"href":"https:\/\/agora.xtec.cat\/esc-oliveres\/wp-json\/wp\/v2\/media?parent=28"}],"curies":[{"name":"wp","href":"https:\/\/api.w.org\/{rel}","templated":true}]}}