{"id":26,"date":"2014-09-18T12:24:32","date_gmt":"2014-09-18T11:24:32","guid":{"rendered":"http:\/\/agora.xtec.cat\/esc-oliveres\/?page_id=26"},"modified":"2023-06-12T08:25:03","modified_gmt":"2023-06-12T06:25:03","slug":"historia","status":"publish","type":"page","link":"https:\/\/agora.xtec.cat\/esc-oliveres\/lescola\/historia\/","title":{"rendered":"Hist\u00f2ria"},"content":{"rendered":"<p>L\u2019Escola Les Oliveres, a Cabrera d\u2019Anoia, amb un peu a l\u2019Anoia i un altre a l\u2019Alt Pened\u00e8s \u00e9s una<br \/>\nescola petita, c\u00edclica, un dels dos centres de la ZER de la Serra d\u2019Ancosa. Des de l\u2019any 2009,<br \/>\ndespr\u00e9s de molts anys ubicada en diferents espais de la poblaci\u00f3: Local Social, sala de l\u2019Ajuntament&#8230;<\/p>\n<p>Est\u00e0 formada per un nucli de m\u00f2duls prefabricats que, malgrat l\u2019inevitable aparen\u00e7a de<br \/>\nprovisionalitat, li donen aspecte i entitat d\u2019escola. L\u2019edifici disposa de: un m\u00f2dul de tres aules per<br \/>\neducaci\u00f3 infantil i llar d\u2019infants, dos m\u00f2duls m\u00e9s per l\u2019educaci\u00f3 prim\u00e0ria (2 aules) i altres<br \/>\ndepend\u00e8ncies comunes: aules de desdoblaments, aula de m\u00fasica, aula multidisciplinar, taller,<br \/>\nbiblioteca, sala de mestres, menjador, cuina i despatx de direcci\u00f3.<\/p>\n<p>La major part de l&#8217;alumnat viu a alguna de les dues urbanitzacions, Can Ros i el Castell de Cabrera,<br \/>\nsituades a una distancia considerable del centre, fet que fa necessari l&#8217;\u00fas del transport escolar<br \/>\nper la majoria d\u2019ells. Aquesta caracter\u00edstica implica que la poblaci\u00f3 estigui molt dispersa (les<br \/>\ndist\u00e0ncies entre les urbanitzacions van dels 3 als 8 km i que el municipi no disposi d\u2019equipaments<br \/>\nculturals ni entitats potents que facilitin la conviv\u00e8ncia, l&#8217;intercanvi i l\u2019acc\u00e9s a la cultura fa que l\u2019escola\u00a0 \u00a0 \u00a0 \u00a0 \u00a0 \u00a0 \u00a0 \u00a0 \u00a0 \u00a0 \u00a0 \u00a0 sigui una de les entitats m\u00e9s importants del municipi.<\/p>\n<p>L&#8217;excessiva dist\u00e0ncia a rec\u00f3rrer per arribar a l\u2019escola va provocar la demanda insistent de les<br \/>\nfam\u00edlies per formar part del pla pilot de Jornada Continuada des del curs 2016-2017. L\u2019ajuntament<br \/>\ndel municipi, conscient de les dificultats que aix\u00f2 comporta, sensible a les mancances econ\u00f2miques<br \/>\nde les fam\u00edlies i per tal d\u2019incentivar l\u2019acc\u00e9s a l\u2019escola, subvenciona els llibres de text i transport<br \/>\nescolar i facilita beques de material per les fam\u00edlies m\u00e9s necessitades.<\/p>\n<p>Les fam\u00edlies, en un gran percentatge, provenen de la zona metropolitana de Barcelona i \u00e9s,<br \/>\nparadoxalment per l\u2019entorn rural que l\u2019envolta, molt urbana, treballadora dins del sector industrial i<br \/>\nde serveis, b\u00e0sicament i majorit\u00e0riament castellanoparlant i, en general, no especialment ni<br \/>\nemocionalment vinculada al territori ni a un sentiment massa proper als est\u00e0ndards culturals de<br \/>\n\u201clletra, llibre i cultura\u201d que, des de l\u2019escola, ens entestem a promoure. La situaci\u00f3 econ\u00f2mica<br \/>\nactual \u00e9s especialment desfavorable per bona part de la poblaci\u00f3, agreujada per la situaci\u00f3<br \/>\nd\u2019excepcionalitat en la que estem vivint.<\/p>\n<p>&nbsp;<\/p>\n<p>Cal destacar que l\u2019escola Les Oliveres acull la Llar d\u2019Infants, ara ja consolidada, des de que<br \/>\nva participar en el pla pilot del Departament d\u2019Ensenyament de Catalunya que va permetre<br \/>\nintegrar la Llar d\u2019infants (P1-P2) en les instal\u00b7lacions i din\u00e0miques pr\u00f2pies, aportant un grau de<br \/>\ncohesi\u00f3 al municipi i assegurant la continu\u00eftat de l\u2019alumnat a l\u2019escola ja que d\u2019un altra manera<br \/>\nbuscarien la Llar d&#8217;infants a municipis propers.<\/p>\n<p>&nbsp;<\/p>\n<p>&nbsp;<\/p>\n","protected":false},"excerpt":{"rendered":"<p>L\u2019Escola Les Oliveres, a Cabrera d\u2019Anoia, amb un peu a l\u2019Anoia i un altre a l\u2019Alt Pened\u00e8s \u00e9s una<br \/>\nescola petita, c\u00edclica, un dels dos centres de la ZER de la Serra d\u2019Ancosa. Des de l\u2019any 2009,<br \/>\ndespr\u00e9s de molts anys ubicada en diferents espais de la&hellip;  <a href=\"https:\/\/agora.xtec.cat\/esc-oliveres\/lescola\/historia\/\" title=\"Read Hist\u00f2ria\">Llegeix m\u00e9s\u00bb<\/a><\/p>\n","protected":false},"author":1,"featured_media":0,"parent":22,"menu_order":20,"comment_status":"closed","ping_status":"closed","template":"page-templates\/side-menu.php","meta":{"_bbp_topic_count":0,"_bbp_reply_count":0,"_bbp_total_topic_count":0,"_bbp_total_reply_count":0,"_bbp_voice_count":0,"_bbp_anonymous_reply_count":0,"_bbp_topic_count_hidden":0,"_bbp_reply_count_hidden":0,"_bbp_forum_subforum_count":0,"footnotes":""},"class_list":["post-26","page","type-page","status-publish","hentry"],"post_mailing_queue_ids":[],"_links":{"self":[{"href":"https:\/\/agora.xtec.cat\/esc-oliveres\/wp-json\/wp\/v2\/pages\/26","targetHints":{"allow":["GET"]}}],"collection":[{"href":"https:\/\/agora.xtec.cat\/esc-oliveres\/wp-json\/wp\/v2\/pages"}],"about":[{"href":"https:\/\/agora.xtec.cat\/esc-oliveres\/wp-json\/wp\/v2\/types\/page"}],"author":[{"embeddable":true,"href":"https:\/\/agora.xtec.cat\/esc-oliveres\/wp-json\/wp\/v2\/users\/1"}],"replies":[{"embeddable":true,"href":"https:\/\/agora.xtec.cat\/esc-oliveres\/wp-json\/wp\/v2\/comments?post=26"}],"version-history":[{"count":4,"href":"https:\/\/agora.xtec.cat\/esc-oliveres\/wp-json\/wp\/v2\/pages\/26\/revisions"}],"predecessor-version":[{"id":751,"href":"https:\/\/agora.xtec.cat\/esc-oliveres\/wp-json\/wp\/v2\/pages\/26\/revisions\/751"}],"up":[{"embeddable":true,"href":"https:\/\/agora.xtec.cat\/esc-oliveres\/wp-json\/wp\/v2\/pages\/22"}],"wp:attachment":[{"href":"https:\/\/agora.xtec.cat\/esc-oliveres\/wp-json\/wp\/v2\/media?parent=26"}],"curies":[{"name":"wp","href":"https:\/\/api.w.org\/{rel}","templated":true}]}}