{"id":8085,"date":"2024-08-22T18:09:12","date_gmt":"2024-08-22T16:09:12","guid":{"rendered":"https:\/\/agora.xtec.cat\/esc-mvayreda-roses\/?page_id=8085"},"modified":"2024-08-22T18:36:29","modified_gmt":"2024-08-22T16:36:29","slug":"pla-dacollida-digital-families","status":"publish","type":"page","link":"https:\/\/agora.xtec.cat\/esc-mvayreda-roses\/zona-families\/pla-dacollida-digital-families\/","title":{"rendered":"Pla d&#8217;acollida digital fam\u00edlies"},"content":{"rendered":"<p style=\"text-align: center;\">Aqu\u00ed trobareu tota la informaci\u00f3 i els canals digitals que utilitza l&#8217;escola per a la comunicaci\u00f3: FAM\u00cdLIA &#8211; ESCOLA.<a href=\"https:\/\/drive.google.com\/file\/d\/1ul3mAZdNDRaBn5UY_BD8phnR-KdonqNp\/view?usp=sharing\"><img loading=\"lazy\" decoding=\"async\" class=\"wp-image-8087 aligncenter\" src=\"https:\/\/agora.xtec.cat\/esc-mvayreda-roses\/wp-content\/uploads\/usu411\/2024\/08\/Comunicacio-families-e1724343522968-1024x309.png\" alt=\"\" width=\"309\" height=\"93\" srcset=\"https:\/\/agora.xtec.cat\/esc-mvayreda-roses\/wp-content\/uploads\/usu411\/2024\/08\/Comunicacio-families-e1724343522968-1024x309.png 1024w, https:\/\/agora.xtec.cat\/esc-mvayreda-roses\/wp-content\/uploads\/usu411\/2024\/08\/Comunicacio-families-e1724343522968-300x90.png 300w, https:\/\/agora.xtec.cat\/esc-mvayreda-roses\/wp-content\/uploads\/usu411\/2024\/08\/Comunicacio-families-e1724343522968-768x232.png 768w, https:\/\/agora.xtec.cat\/esc-mvayreda-roses\/wp-content\/uploads\/usu411\/2024\/08\/Comunicacio-families-e1724343522968.png 1413w\" sizes=\"auto, (max-width: 309px) 100vw, 309px\" \/><\/a><\/p>\n","protected":false},"excerpt":{"rendered":"<p>Aqu\u00ed trobareu tota la informaci\u00f3 i els canals digitals que utilitza l&#8217;escola per a la comunicaci\u00f3: FAM\u00cdLIA &#8211; ESCOLA.<a href=\"https:\/\/drive.google.com\/file\/d\/1ul3mAZdNDRaBn5UY_BD8phnR-KdonqNp\/view?usp=sharing\"><\/a><\/p>\n","protected":false},"author":1,"featured_media":0,"parent":198,"menu_order":7,"comment_status":"closed","ping_status":"closed","template":"page-templates\/side-menu.php","meta":{"_bbp_topic_count":0,"_bbp_reply_count":0,"_bbp_total_topic_count":0,"_bbp_total_reply_count":0,"_bbp_voice_count":0,"_bbp_anonymous_reply_count":0,"_bbp_topic_count_hidden":0,"_bbp_reply_count_hidden":0,"_bbp_forum_subforum_count":0,"footnotes":""},"class_list":["post-8085","page","type-page","status-publish","hentry"],"post_mailing_queue_ids":[],"_links":{"self":[{"href":"https:\/\/agora.xtec.cat\/esc-mvayreda-roses\/wp-json\/wp\/v2\/pages\/8085","targetHints":{"allow":["GET"]}}],"collection":[{"href":"https:\/\/agora.xtec.cat\/esc-mvayreda-roses\/wp-json\/wp\/v2\/pages"}],"about":[{"href":"https:\/\/agora.xtec.cat\/esc-mvayreda-roses\/wp-json\/wp\/v2\/types\/page"}],"author":[{"embeddable":true,"href":"https:\/\/agora.xtec.cat\/esc-mvayreda-roses\/wp-json\/wp\/v2\/users\/1"}],"replies":[{"embeddable":true,"href":"https:\/\/agora.xtec.cat\/esc-mvayreda-roses\/wp-json\/wp\/v2\/comments?post=8085"}],"version-history":[{"count":3,"href":"https:\/\/agora.xtec.cat\/esc-mvayreda-roses\/wp-json\/wp\/v2\/pages\/8085\/revisions"}],"predecessor-version":[{"id":8089,"href":"https:\/\/agora.xtec.cat\/esc-mvayreda-roses\/wp-json\/wp\/v2\/pages\/8085\/revisions\/8089"}],"up":[{"embeddable":true,"href":"https:\/\/agora.xtec.cat\/esc-mvayreda-roses\/wp-json\/wp\/v2\/pages\/198"}],"wp:attachment":[{"href":"https:\/\/agora.xtec.cat\/esc-mvayreda-roses\/wp-json\/wp\/v2\/media?parent=8085"}],"curies":[{"name":"wp","href":"https:\/\/api.w.org\/{rel}","templated":true}]}}