{"id":7041,"date":"2020-11-04T16:00:07","date_gmt":"2020-11-04T15:00:07","guid":{"rendered":"http:\/\/agora.xtec.cat\/esc-mvayreda-roses\/?page_id=7041"},"modified":"2025-07-26T12:18:31","modified_gmt":"2025-07-26T10:18:31","slug":"tokapp","status":"publish","type":"page","link":"https:\/\/agora.xtec.cat\/esc-mvayreda-roses\/zona-families\/tokapp\/","title":{"rendered":"TokApp"},"content":{"rendered":"<p><a href=\"https:\/\/agora.xtec.cat\/esc-mvayreda-roses\/wp-content\/uploads\/usu411\/2024\/01\/COMUNICACIO-e1750091851532.jpg\"><img loading=\"lazy\" decoding=\"async\" class=\"alignleft wp-image-8269 \" src=\"https:\/\/agora.xtec.cat\/esc-mvayreda-roses\/wp-content\/uploads\/usu411\/2024\/01\/COMUNICACIO-e1750091687180-281x300.jpg\" alt=\"\" width=\"136\" height=\"145\" \/><\/a>Per comunicar-nos amb vosaltres de forma r\u00e0pida i senzilla, l&#8217;Escola Montserrat Vayreda utilitza la plataforma <strong>TokApp School.<\/strong><\/p>\n<p>Us convidem que descarregueu de forma gratu\u00efta l&#8217;aplicaci\u00f3 en els vostres tel\u00e8fons m\u00f2bils i a les vostres tauletes. Per aquest mitj\u00e0 podreu obtenir la informaci\u00f3 immediata i a m\u00e9s, podreu respondre quan el centre ho sol\u00b7liciti.<\/p>\n<p>Aquesta \u00e9s una aplicaci\u00f3 totalment gratu\u00efta per a tel\u00e8fons i tauletes Android i iOS. La trobareu a Play Store Store o a App Store.<\/p>\n<table style=\"height: 184px; width: 98.9155%;\" width=\"794\">\n<tbody>\n<tr>\n<td style=\"width: 33.8028%; text-align: center;\">\n<h4><a href=\"https:\/\/drive.google.com\/file\/d\/1KMu9VItKhWqafQHAriN2h82L3Q8QOSHn\/view?usp=sharing\" target=\"_blank\" rel=\"attachment noopener wp-att-7042 noreferrer\">Autoritzacio\u0301 TokApp<\/a><\/h4>\n<\/td>\n<td style=\"width: 32.2379%; text-align: center;\">\n<h4><a href=\"https:\/\/drive.google.com\/file\/d\/1804FLAHoHeC9kqJwaW3D5zraOkbBwJoI\/view?usp=drive_link\" target=\"_blank\" rel=\"attachment noopener wp-att-7043 noreferrer\">Guia r\u00e0pida-TokApp<\/a><\/h4>\n<\/td>\n<td style=\"width: 47.1049%; text-align: center;\" rowspan=\"2\">\n<h4><a href=\"http:\/\/www.tokapp.com\" target=\"_blank\" rel=\"noopener noreferrer\">Web<\/a><a href=\"http:\/\/www.tokapp.com\" target=\"_blank\" rel=\"noopener noreferrer\"> TokApp<\/a><\/h4>\n<\/td>\n<\/tr>\n<tr>\n<td style=\"width: 33.8028%; text-align: center;\">\n<h4><a href=\"https:\/\/agora.xtec.cat\/esc-mvayreda-roses\/wp-content\/uploads\/usu411\/2020\/11\/Manual-Usuaris-App.pdf\" target=\"_blank\" rel=\"attachment noopener wp-att-7045 noreferrer\">Manual d&#8217;usuari<\/a><\/h4>\n<\/td>\n<td style=\"width: 32.2379%; text-align: center;\">\n<h4><a href=\"https:\/\/www.youtube.com\/watch?v=XY3ZPIw9KZs&amp;list=PLDG7yNBNfGI1VfSu9NZKpyaNPmodQmLHQ&amp;index=2\">V\u00eddeo d&#8217;\u00fas de TokApp<\/a><\/h4>\n<\/td>\n<\/tr>\n<\/tbody>\n<\/table>\n","protected":false},"excerpt":{"rendered":"<p><a href=\"https:\/\/agora.xtec.cat\/esc-mvayreda-roses\/wp-content\/uploads\/usu411\/2024\/01\/COMUNICACIO-e1750091851532.jpg\"><\/a>Per comunicar-nos amb vosaltres de forma r\u00e0pida i senzilla, l&#8217;Escola Montserrat Vayreda utilitza la plataforma TokApp School.<br \/>\nUs convidem que descarregueu de forma gratu\u00efta l&#8217;aplicaci\u00f3 en els vostres tel\u00e8fons m\u00f2bils i a les vostres tauletes. Per aquest mitj\u00e0 podreu obtenir la informaci\u00f3 immediata i a&hellip;  <a href=\"https:\/\/agora.xtec.cat\/esc-mvayreda-roses\/zona-families\/tokapp\/\" title=\"Read TokApp\">Llegeix m\u00e9s\u00bb<\/a><\/p>\n","protected":false},"author":1,"featured_media":0,"parent":198,"menu_order":8,"comment_status":"closed","ping_status":"closed","template":"page-templates\/side-menu.php","meta":{"_bbp_topic_count":0,"_bbp_reply_count":0,"_bbp_total_topic_count":0,"_bbp_total_reply_count":0,"_bbp_voice_count":0,"_bbp_anonymous_reply_count":0,"_bbp_topic_count_hidden":0,"_bbp_reply_count_hidden":0,"_bbp_forum_subforum_count":0,"footnotes":""},"class_list":["post-7041","page","type-page","status-publish","hentry"],"post_mailing_queue_ids":[],"_links":{"self":[{"href":"https:\/\/agora.xtec.cat\/esc-mvayreda-roses\/wp-json\/wp\/v2\/pages\/7041","targetHints":{"allow":["GET"]}}],"collection":[{"href":"https:\/\/agora.xtec.cat\/esc-mvayreda-roses\/wp-json\/wp\/v2\/pages"}],"about":[{"href":"https:\/\/agora.xtec.cat\/esc-mvayreda-roses\/wp-json\/wp\/v2\/types\/page"}],"author":[{"embeddable":true,"href":"https:\/\/agora.xtec.cat\/esc-mvayreda-roses\/wp-json\/wp\/v2\/users\/1"}],"replies":[{"embeddable":true,"href":"https:\/\/agora.xtec.cat\/esc-mvayreda-roses\/wp-json\/wp\/v2\/comments?post=7041"}],"version-history":[{"count":6,"href":"https:\/\/agora.xtec.cat\/esc-mvayreda-roses\/wp-json\/wp\/v2\/pages\/7041\/revisions"}],"predecessor-version":[{"id":8298,"href":"https:\/\/agora.xtec.cat\/esc-mvayreda-roses\/wp-json\/wp\/v2\/pages\/7041\/revisions\/8298"}],"up":[{"embeddable":true,"href":"https:\/\/agora.xtec.cat\/esc-mvayreda-roses\/wp-json\/wp\/v2\/pages\/198"}],"wp:attachment":[{"href":"https:\/\/agora.xtec.cat\/esc-mvayreda-roses\/wp-json\/wp\/v2\/media?parent=7041"}],"curies":[{"name":"wp","href":"https:\/\/api.w.org\/{rel}","templated":true}]}}