{"id":22,"date":"2014-09-18T12:19:57","date_gmt":"2014-09-18T12:19:57","guid":{"rendered":"http:\/\/agora.xtec.cat\/esc-mvayreda-roses\/?page_id=22"},"modified":"2018-10-29T15:52:55","modified_gmt":"2018-10-29T14:52:55","slug":"lescola","status":"publish","type":"page","link":"https:\/\/agora.xtec.cat\/esc-mvayreda-roses\/lescola\/","title":{"rendered":"L&#8217;escola"},"content":{"rendered":"<p>En aquesta secci\u00f3 podeu trobar tota la informaci\u00f3 necess\u00e0ria per a fer-nos una idea general de l&#8217;escola: ubicaci\u00f3, hist\u00f2ria, instal\u00b7lacions, equip docent, consell escolar, pla de qualitat, calendari, salut, informacions pr\u00e0ctiques, normativa&#8230;<\/p>\n<p>Hi ha p\u00e0gines que encara no les tenim acabades, o que encara estan en construcci\u00f3. Poc a\u00a0 poc les anirem acabant o actualitzant. Mentrestant, entreu i gaudiu!<\/p>\n","protected":false},"excerpt":{"rendered":"<p>En aquesta secci\u00f3 podeu trobar tota la informaci\u00f3 necess\u00e0ria per a fer-nos una idea general de l&#8217;escola: ubicaci\u00f3, hist\u00f2ria, instal\u00b7lacions, equip docent, consell escolar, pla de qualitat, calendari, salut, informacions pr\u00e0ctiques, normativa&#8230;<br \/>\nHi ha p\u00e0gines que encara no les tenim acabades, o que encara estan en&hellip;  <a href=\"https:\/\/agora.xtec.cat\/esc-mvayreda-roses\/lescola\/\" title=\"Read L&#8217;escola\">Llegeix m\u00e9s\u00bb<\/a><\/p>\n","protected":false},"author":2,"featured_media":0,"parent":0,"menu_order":0,"comment_status":"closed","ping_status":"closed","template":"page-templates\/side-menu.php","meta":{"_bbp_topic_count":0,"_bbp_reply_count":0,"_bbp_total_topic_count":0,"_bbp_total_reply_count":0,"_bbp_voice_count":0,"_bbp_anonymous_reply_count":0,"_bbp_topic_count_hidden":0,"_bbp_reply_count_hidden":0,"_bbp_forum_subforum_count":0,"footnotes":""},"class_list":["post-22","page","type-page","status-publish","hentry"],"post_mailing_queue_ids":[],"_links":{"self":[{"href":"https:\/\/agora.xtec.cat\/esc-mvayreda-roses\/wp-json\/wp\/v2\/pages\/22","targetHints":{"allow":["GET"]}}],"collection":[{"href":"https:\/\/agora.xtec.cat\/esc-mvayreda-roses\/wp-json\/wp\/v2\/pages"}],"about":[{"href":"https:\/\/agora.xtec.cat\/esc-mvayreda-roses\/wp-json\/wp\/v2\/types\/page"}],"author":[{"embeddable":true,"href":"https:\/\/agora.xtec.cat\/esc-mvayreda-roses\/wp-json\/wp\/v2\/users\/2"}],"replies":[{"embeddable":true,"href":"https:\/\/agora.xtec.cat\/esc-mvayreda-roses\/wp-json\/wp\/v2\/comments?post=22"}],"version-history":[{"count":3,"href":"https:\/\/agora.xtec.cat\/esc-mvayreda-roses\/wp-json\/wp\/v2\/pages\/22\/revisions"}],"predecessor-version":[{"id":3825,"href":"https:\/\/agora.xtec.cat\/esc-mvayreda-roses\/wp-json\/wp\/v2\/pages\/22\/revisions\/3825"}],"wp:attachment":[{"href":"https:\/\/agora.xtec.cat\/esc-mvayreda-roses\/wp-json\/wp\/v2\/media?parent=22"}],"curies":[{"name":"wp","href":"https:\/\/api.w.org\/{rel}","templated":true}]}}