{"id":1626,"date":"2016-07-18T11:24:40","date_gmt":"2016-07-18T10:24:40","guid":{"rendered":"http:\/\/agora.xtec.cat\/esc-mvayreda-roses\/?page_id=1626"},"modified":"2020-03-16T16:32:48","modified_gmt":"2020-03-16T15:32:48","slug":"documents-de-centre","status":"publish","type":"page","link":"https:\/\/agora.xtec.cat\/esc-mvayreda-roses\/documents-de-centre\/","title":{"rendered":"Documents de centre"},"content":{"rendered":"<p>En aquesta p\u00e0gina, clicant al men\u00fa de l&#8217;esquerra, podeu consultar la documentaci\u00f3 oficial de la nostra escola.<\/p>\n","protected":false},"excerpt":{"rendered":"<p>En aquesta p\u00e0gina, clicant al men\u00fa de l&#8217;esquerra, podeu consultar la documentaci\u00f3 oficial de la nostra escola.<\/p>\n","protected":false},"author":1,"featured_media":0,"parent":0,"menu_order":0,"comment_status":"closed","ping_status":"closed","template":"","meta":{"_bbp_topic_count":0,"_bbp_reply_count":0,"_bbp_total_topic_count":0,"_bbp_total_reply_count":0,"_bbp_voice_count":0,"_bbp_anonymous_reply_count":0,"_bbp_topic_count_hidden":0,"_bbp_reply_count_hidden":0,"_bbp_forum_subforum_count":0,"footnotes":""},"class_list":["post-1626","page","type-page","status-publish","hentry"],"post_mailing_queue_ids":[],"_links":{"self":[{"href":"https:\/\/agora.xtec.cat\/esc-mvayreda-roses\/wp-json\/wp\/v2\/pages\/1626","targetHints":{"allow":["GET"]}}],"collection":[{"href":"https:\/\/agora.xtec.cat\/esc-mvayreda-roses\/wp-json\/wp\/v2\/pages"}],"about":[{"href":"https:\/\/agora.xtec.cat\/esc-mvayreda-roses\/wp-json\/wp\/v2\/types\/page"}],"author":[{"embeddable":true,"href":"https:\/\/agora.xtec.cat\/esc-mvayreda-roses\/wp-json\/wp\/v2\/users\/1"}],"replies":[{"embeddable":true,"href":"https:\/\/agora.xtec.cat\/esc-mvayreda-roses\/wp-json\/wp\/v2\/comments?post=1626"}],"version-history":[{"count":3,"href":"https:\/\/agora.xtec.cat\/esc-mvayreda-roses\/wp-json\/wp\/v2\/pages\/1626\/revisions"}],"predecessor-version":[{"id":4640,"href":"https:\/\/agora.xtec.cat\/esc-mvayreda-roses\/wp-json\/wp\/v2\/pages\/1626\/revisions\/4640"}],"wp:attachment":[{"href":"https:\/\/agora.xtec.cat\/esc-mvayreda-roses\/wp-json\/wp\/v2\/media?parent=1626"}],"curies":[{"name":"wp","href":"https:\/\/api.w.org\/{rel}","templated":true}]}}