{"id":995,"date":"2022-06-04T21:26:14","date_gmt":"2022-06-04T19:26:14","guid":{"rendered":"https:\/\/agora.xtec.cat\/esc-musicamartorell\/?page_id=995"},"modified":"2022-06-06T12:10:17","modified_gmt":"2022-06-06T10:10:17","slug":"audicio-dinstruments-%c2%b7-febrer-2021","status":"publish","type":"page","link":"https:\/\/agora.xtec.cat\/esc-musicamartorell\/cursos-anteriors\/curs-2020-21\/audicio-dinstruments-%c2%b7-febrer-2021\/","title":{"rendered":"Audici\u00f3 d&#8217;Instruments \u00b7 febrer 2021"},"content":{"rendered":"<p>L\u2019Escola Municipal de M\u00fasica (EMM) de Martorell oferir\u00e0, del 19 de febrer al 5 de mar\u00e7 de 2021, les audicions d\u2019instrument de final de quadrimestre. S\u2019estrenaran cada dia en directe, a les 20.00h, al seu <a href=\"https:\/\/www.youtube.com\/channel\/UCJgCv_m0VFnXDUyL88B8-YQ\">canal Youtube<\/a>\u00a0i es publicaran, posteriorment, al portal\u00a0<a href=\"https:\/\/martorelldigital.cat\/categories\/videos\/videos-cultura-i-oci\/\">martorelldigital.cat<\/a>.<\/p>\n<p>Volem compartir amb tots vosaltres les audicions virtuals que hem preparat. S\u00f3n audicions avaluatives d\u2019instrument. Cada any en fem dues de quadrimestrals, la primera de les quals \u00e9s en forma d\u2019audici\u00f3. Per nosaltres \u00e9s molt important l\u2019actuaci\u00f3 en viu, per\u00f2 posem en valor l\u2019esfor\u00e7 de fer les gravacions i s&#8217;agraeix la implicaci\u00f3 de les fam\u00edlies, que \u00e9s fonamental.\u00a0Us deixem el calendari d&#8217;actuacions a on, si cliqueu damunt la que us interessi, us enlla\u00e7ar\u00e0 amb els enregistraments de l&#8217;audici\u00f3.<\/p>\n<div style=\"position: relative; width: 100%; height: 0; padding-top: 75.0000%; padding-bottom: 48px; box-shadow: 0 2px 8px 0 rgba(63,69,81,0.16); margin-top: 1.6em; margin-bottom: 0.9em; overflow: hidden; border-radius: 8px; will-change: transform;\"><iframe style=\"position: absolute; width: 100%; height: 100%; top: 0; left: 0; border: none; padding: 0; margin: 0;\" src=\"https:\/\/www.canva.com\/design\/DAEgmvGRo4A\/view?embed\" allowfullscreen=\"allowfullscreen\"><br \/>\n<\/iframe><\/div>\n<p>Tot el claustre de l\u2019EMM ha hagut de posar-se les piles amb temes t\u00e8cnics en els que no som experts, per\u00f2 que les circumst\u00e0ncies demanen. Moltes hores editant \u00e0udios i v\u00eddeos per compartir la nostra feina a trav\u00e9s de les pantalles ja que aquest any est\u00e0 sent bastant accidentat pels confinaments. La formaci\u00f3 dels alumnes no \u00e9s el mateixa que venint a l\u2019escola, per\u00f2 hem de valorar molt la feina que s\u2019est\u00e0 fent online i que est\u00e0 sent molt ben rebuda. S\u2019han treballat coses diferents i d\u2019altres maneres, i de tot se n\u2019apr\u00e8n.<\/p>\n<div id=\"mep_2\" class=\"mejs-container mejs-container-keyboard-inactive wp-audio-shortcode mejs-audio\" tabindex=\"0\" role=\"application\" aria-label=\"Reproductor d'\u00e0udio\">\n<div class=\"mejs-inner\">\n<div class=\"mejs-mediaelement\"><\/div>\n<div class=\"mejs-layers\"><\/div>\n<div class=\"mejs-controls\">\n<div class=\"mejs-button mejs-playpause-button mejs-play\"><\/div>\n<\/div>\n<\/div>\n<\/div>\n","protected":false},"excerpt":{"rendered":"<p>L\u2019Escola Municipal de M\u00fasica (EMM) de Martorell oferir\u00e0, del 19 de febrer al 5 de mar\u00e7 de 2021, les audicions d\u2019instrument de final de quadrimestre. S\u2019estrenaran cada dia en directe, a les 20.00h, al seu <a href=\"https:\/\/www.youtube.com\/channel\/UCJgCv_m0VFnXDUyL88B8-YQ\">canal Youtube<\/a>\u00a0i es publicaran, posteriorment, al portal\u00a0<a href=\"https:\/\/martorelldigital.cat\/categories\/videos\/videos-cultura-i-oci\/\">martorelldigital.cat<\/a>.<br \/>\nVolem compartir&hellip;  <a href=\"https:\/\/agora.xtec.cat\/esc-musicamartorell\/cursos-anteriors\/curs-2020-21\/audicio-dinstruments-%c2%b7-febrer-2021\/\" title=\"Read Audici\u00f3 d&#8217;Instruments \u00b7 febrer 2021\">Llegeix m\u00e9s\u00bb<\/a><\/p>\n","protected":false},"author":1,"featured_media":0,"parent":930,"menu_order":2,"comment_status":"closed","ping_status":"closed","template":"page-templates\/side-menu.php","meta":{"_bbp_topic_count":0,"_bbp_reply_count":0,"_bbp_total_topic_count":0,"_bbp_total_reply_count":0,"_bbp_voice_count":0,"_bbp_anonymous_reply_count":0,"_bbp_topic_count_hidden":0,"_bbp_reply_count_hidden":0,"_bbp_forum_subforum_count":0,"footnotes":""},"class_list":["post-995","page","type-page","status-publish","hentry"],"post_mailing_queue_ids":[],"_links":{"self":[{"href":"https:\/\/agora.xtec.cat\/esc-musicamartorell\/wp-json\/wp\/v2\/pages\/995","targetHints":{"allow":["GET"]}}],"collection":[{"href":"https:\/\/agora.xtec.cat\/esc-musicamartorell\/wp-json\/wp\/v2\/pages"}],"about":[{"href":"https:\/\/agora.xtec.cat\/esc-musicamartorell\/wp-json\/wp\/v2\/types\/page"}],"author":[{"embeddable":true,"href":"https:\/\/agora.xtec.cat\/esc-musicamartorell\/wp-json\/wp\/v2\/users\/1"}],"replies":[{"embeddable":true,"href":"https:\/\/agora.xtec.cat\/esc-musicamartorell\/wp-json\/wp\/v2\/comments?post=995"}],"version-history":[{"count":4,"href":"https:\/\/agora.xtec.cat\/esc-musicamartorell\/wp-json\/wp\/v2\/pages\/995\/revisions"}],"predecessor-version":[{"id":1033,"href":"https:\/\/agora.xtec.cat\/esc-musicamartorell\/wp-json\/wp\/v2\/pages\/995\/revisions\/1033"}],"up":[{"embeddable":true,"href":"https:\/\/agora.xtec.cat\/esc-musicamartorell\/wp-json\/wp\/v2\/pages\/930"}],"wp:attachment":[{"href":"https:\/\/agora.xtec.cat\/esc-musicamartorell\/wp-json\/wp\/v2\/media?parent=995"}],"curies":[{"name":"wp","href":"https:\/\/api.w.org\/{rel}","templated":true}]}}