{"id":990,"date":"2022-06-04T21:23:35","date_gmt":"2022-06-04T19:23:35","guid":{"rendered":"https:\/\/agora.xtec.cat\/esc-musicamartorell\/?page_id=990"},"modified":"2022-06-06T18:11:56","modified_gmt":"2022-06-06T16:11:56","slug":"actuacio-als-premis-sambori-2021","status":"publish","type":"page","link":"https:\/\/agora.xtec.cat\/esc-musicamartorell\/cursos-anteriors\/curs-2020-21\/actuacio-als-premis-sambori-2021\/","title":{"rendered":"Actuaci\u00f3 als Premis Sambori 2021"},"content":{"rendered":"<p>El teatre d\u2019El Progr\u00e9s ha acollit aquest divendres la gala del\u00a0<a href=\"http:\/\/www.sambori.net\/\">Premi Sambori<\/a>\u00a0de la demarcaci\u00f3 Pla de Montserrat. Ha estat el reconeixement als alumnes dels centres educatius de Martorell i poblacions ve\u00efnes que han participat en les dues darreres edicions d\u2019aquest certamen d\u2019<a href=\"https:\/\/www.omnium.cat\/ca\">\u00d2mnium Cultural<\/a>. El Premi fomenta l\u2019escriptura i l\u2019\u00fas de la llengua entre els escolars d\u2019arreu dels territoris de parla catalana. La presentaci\u00f3 ha anat a c\u00e0rrec de Jordi Morera i Dom\u00e8nec Hern\u00e1ndez, amb els compassos d&#8217;un combo de l\u2019<strong>Escola Municipal de M\u00fasica de Martorell<\/strong>, la formaci\u00f3 de la qual \u00e9s:<\/p>\n<p><em><strong>\u00c1lvaro Lois<\/strong><\/em>, veu \/ <em><strong>Marta V\u00edctor<\/strong><\/em>, veu \/ <em><strong>Pere Ar\u00fas<\/strong><\/em>, guitarra \/ <em><strong>Pau S\u00e1nchez<\/strong><\/em>, baix \/ <em><strong>Arnau L\u00f3pez<\/strong><\/em>, bateria<\/p>\n<p><a href=\"https:\/\/agora.xtec.cat\/esc-musicamartorell\/cursos-anteriors\/curs-2020-21\/actuacio-als-premis-sambori-2021\/attachment\/comboomnium\/\" rel=\"attachment wp-att-1045\"><img loading=\"lazy\" decoding=\"async\" class=\"aligncenter size-full wp-image-1045\" src=\"https:\/\/agora.xtec.cat\/esc-musicamartorell\/wp-content\/uploads\/usu2511\/2022\/06\/COmboOmnium.jpeg\" alt=\"\" width=\"2560\" height=\"1707\" srcset=\"https:\/\/agora.xtec.cat\/esc-musicamartorell\/wp-content\/uploads\/usu2511\/2022\/06\/COmboOmnium.jpeg 2560w, https:\/\/agora.xtec.cat\/esc-musicamartorell\/wp-content\/uploads\/usu2511\/2022\/06\/COmboOmnium-300x200.jpeg 300w, https:\/\/agora.xtec.cat\/esc-musicamartorell\/wp-content\/uploads\/usu2511\/2022\/06\/COmboOmnium-1024x683.jpeg 1024w, https:\/\/agora.xtec.cat\/esc-musicamartorell\/wp-content\/uploads\/usu2511\/2022\/06\/COmboOmnium-768x512.jpeg 768w, https:\/\/agora.xtec.cat\/esc-musicamartorell\/wp-content\/uploads\/usu2511\/2022\/06\/COmboOmnium-1536x1024.jpeg 1536w, https:\/\/agora.xtec.cat\/esc-musicamartorell\/wp-content\/uploads\/usu2511\/2022\/06\/COmboOmnium-2048x1366.jpeg 2048w\" sizes=\"auto, (max-width: 2560px) 100vw, 2560px\" \/><\/a><\/p>\n<p>El Premi Sambori fomenta l\u2019escriptura en la nostra llengua des de 1998 a tots els territoris de parla catalana i \u00e9s l\u2019\u00fanic de narrativa en catal\u00e0 dirigit als alumnes. Promou l\u2019\u00fas de la llengua, de la imaginaci\u00f3, la creativitat i els valors pedag\u00f2gics. Cada any compta amb m\u00e9s acceptaci\u00f3, i en l\u2019edici\u00f3 passada hi van participar uns 140.000 alumnes, xifra que el converteix en el premi literari escolar europeu amb m\u00e9s participaci\u00f3.<\/p>\n<p><a href=\"https:\/\/agora.xtec.cat\/esc-musicamartorell\/cursos-anteriors\/curs-2020-21\/actuacio-als-premis-sambori-2021\/attachment\/comboomnium2\/\" rel=\"attachment wp-att-1046\"><img loading=\"lazy\" decoding=\"async\" class=\"aligncenter size-full wp-image-1046\" src=\"https:\/\/agora.xtec.cat\/esc-musicamartorell\/wp-content\/uploads\/usu2511\/2022\/06\/ComboOmnium2.jpeg\" alt=\"\" width=\"2560\" height=\"1707\" srcset=\"https:\/\/agora.xtec.cat\/esc-musicamartorell\/wp-content\/uploads\/usu2511\/2022\/06\/ComboOmnium2.jpeg 2560w, https:\/\/agora.xtec.cat\/esc-musicamartorell\/wp-content\/uploads\/usu2511\/2022\/06\/ComboOmnium2-300x200.jpeg 300w, https:\/\/agora.xtec.cat\/esc-musicamartorell\/wp-content\/uploads\/usu2511\/2022\/06\/ComboOmnium2-1024x683.jpeg 1024w, https:\/\/agora.xtec.cat\/esc-musicamartorell\/wp-content\/uploads\/usu2511\/2022\/06\/ComboOmnium2-768x512.jpeg 768w, https:\/\/agora.xtec.cat\/esc-musicamartorell\/wp-content\/uploads\/usu2511\/2022\/06\/ComboOmnium2-1536x1024.jpeg 1536w, https:\/\/agora.xtec.cat\/esc-musicamartorell\/wp-content\/uploads\/usu2511\/2022\/06\/ComboOmnium2-2048x1366.jpeg 2048w\" sizes=\"auto, (max-width: 2560px) 100vw, 2560px\" \/><\/a><\/p>\n<p>Com a escola estem molt contents i agra\u00efts de poder col\u00b7laborar en activitats culturals pr\u00f2pies d&#8217;entitats del nostre municipi. A la vegada estem molt orgullosos del nostre alumnat que demostra ser molt competent en les diferents situacions en la que es veuen exposats; concerts i audicions, per\u00f2 tamb\u00e9 altres formats com aquesta gala d&#8217;entrega dels Premis Sambori.<\/p>\n<p>&nbsp;<\/p>\n","protected":false},"excerpt":{"rendered":"<p>El teatre d\u2019El Progr\u00e9s ha acollit aquest divendres la gala del\u00a0<a href=\"http:\/\/www.sambori.net\/\">Premi Sambori<\/a>\u00a0de la demarcaci\u00f3 Pla de Montserrat. Ha estat el reconeixement als alumnes dels centres educatius de Martorell i poblacions ve\u00efnes que han participat en les dues darreres edicions d\u2019aquest certamen d\u2019<a href=\"https:\/\/www.omnium.cat\/ca\">\u00d2mnium Cultural<\/a>.&hellip;  <a href=\"https:\/\/agora.xtec.cat\/esc-musicamartorell\/cursos-anteriors\/curs-2020-21\/actuacio-als-premis-sambori-2021\/\" title=\"Read Actuaci\u00f3 als Premis Sambori 2021\">Llegeix m\u00e9s\u00bb<\/a><\/p>\n","protected":false},"author":1,"featured_media":0,"parent":930,"menu_order":4,"comment_status":"closed","ping_status":"closed","template":"page-templates\/side-menu.php","meta":{"_bbp_topic_count":0,"_bbp_reply_count":0,"_bbp_total_topic_count":0,"_bbp_total_reply_count":0,"_bbp_voice_count":0,"_bbp_anonymous_reply_count":0,"_bbp_topic_count_hidden":0,"_bbp_reply_count_hidden":0,"_bbp_forum_subforum_count":0,"footnotes":""},"class_list":["post-990","page","type-page","status-publish","hentry"],"post_mailing_queue_ids":[],"_links":{"self":[{"href":"https:\/\/agora.xtec.cat\/esc-musicamartorell\/wp-json\/wp\/v2\/pages\/990","targetHints":{"allow":["GET"]}}],"collection":[{"href":"https:\/\/agora.xtec.cat\/esc-musicamartorell\/wp-json\/wp\/v2\/pages"}],"about":[{"href":"https:\/\/agora.xtec.cat\/esc-musicamartorell\/wp-json\/wp\/v2\/types\/page"}],"author":[{"embeddable":true,"href":"https:\/\/agora.xtec.cat\/esc-musicamartorell\/wp-json\/wp\/v2\/users\/1"}],"replies":[{"embeddable":true,"href":"https:\/\/agora.xtec.cat\/esc-musicamartorell\/wp-json\/wp\/v2\/comments?post=990"}],"version-history":[{"count":3,"href":"https:\/\/agora.xtec.cat\/esc-musicamartorell\/wp-json\/wp\/v2\/pages\/990\/revisions"}],"predecessor-version":[{"id":1051,"href":"https:\/\/agora.xtec.cat\/esc-musicamartorell\/wp-json\/wp\/v2\/pages\/990\/revisions\/1051"}],"up":[{"embeddable":true,"href":"https:\/\/agora.xtec.cat\/esc-musicamartorell\/wp-json\/wp\/v2\/pages\/930"}],"wp:attachment":[{"href":"https:\/\/agora.xtec.cat\/esc-musicamartorell\/wp-json\/wp\/v2\/media?parent=990"}],"curies":[{"name":"wp","href":"https:\/\/api.w.org\/{rel}","templated":true}]}}