{"id":988,"date":"2022-06-04T21:21:13","date_gmt":"2022-06-04T19:21:13","guid":{"rendered":"https:\/\/agora.xtec.cat\/esc-musicamartorell\/?page_id=988"},"modified":"2022-06-07T11:18:40","modified_gmt":"2022-06-07T09:18:40","slug":"laboratori-musical-2021-%c2%b7-manu-guix","status":"publish","type":"page","link":"https:\/\/agora.xtec.cat\/esc-musicamartorell\/cursos-anteriors\/curs-2020-21\/laboratori-musical-2021-%c2%b7-manu-guix\/","title":{"rendered":"Laboratori Musical 2021 \u00b7 Manu Guix"},"content":{"rendered":"<p>El m\u00fasic i compositor Manu Guix (Barcelona, 1979) ha fet avui, 22 d&#8217;abril de 2021 a <em>El Progr\u00e9s de Martorell<\/em> un laboratori musical on ha compartit escenari amb alumnes de l&#8217;Escola de M\u00fasica i ha exposat al p\u00fablic la seva traject\u00f2ria. La seva generositat i proximitat ens ha captivat a tots des del primer moment. Us deixem l&#8217;enregistrament sen\u00e7er per si voleu gaudir de nou de la seva expertesa.<\/p>\n<p style=\"text-align: center;\"><iframe loading=\"lazy\" src=\"https:\/\/w.soundcloud.com\/player\/?url=https%3A\/\/api.soundcloud.com\/tracks\/1281882976&amp;color=%23ff5500&amp;auto_play=false&amp;hide_related=false&amp;show_comments=true&amp;show_user=true&amp;show_reposts=false&amp;show_teaser=true\" width=\"100%\" height=\"150\" frameborder=\"no\" scrolling=\"no\"><span data-mce-type=\"bookmark\" style=\"display: inline-block; width: 0px; overflow: hidden; line-height: 0;\" class=\"mce_SELRES_start\">\ufeff<\/span><\/iframe><\/p>\n<p>Ha comen\u00e7at parlant dels seus inicis en el m\u00f3n de la m\u00fasica, de la seva formaci\u00f3 i del gir que la can\u00e7\u00f3 <em>Your song,\u00a0<\/em>d\u2019Elton John, va provocar en el seu cam\u00ed. En lloc de centrar-se en la m\u00fasica cl\u00e0ssica, va encaminar-se cap a la creaci\u00f3 de m\u00fasica pop, despr\u00e9s de formar-se en cant coral, piano i solfeig, entre d\u2019altres. La seva traject\u00f2ria va completar-se amb estudis de viol\u00ed i cant i el curs 1999\/2000 va rebre una beca al Liverpool Institute for Performing Arts, un fet que li va permetre viure a Anglaterra i con\u00e8ixer de primera m\u00e0 els musicals que s\u2019hi representaven.<\/p>\n<p style=\"text-align: left;\">El 2000 va ingressar a l\u2019Acad\u00e8mia del programa\u00a0<em>Operaci\u00f3n Triunfo<\/em>\u00a0i des d\u2019aleshores ha combinat els seus treballs com a m\u00fasic amb la doc\u00e8ncia a l\u2019acad\u00e8mia, la creaci\u00f3 i producci\u00f3 de temes per a artistes i la direcci\u00f3 musical, tocant tant la r\u00e0dio com la televisi\u00f3.\u00a0<em>El Petit Pr\u00edncep<\/em>, que enguany arriba a la seva vuitena temporada, o\u00a0<em>La Jaula de las locas\u00a0<\/em>s\u00f3n dos dels espectacles amb qu\u00e8 m\u00e9s \u00e8xits ha recollit.<\/p>\n<p>Tot i que reticent a prendre el paper d\u2019un mestre, Guix ha compartit una estona amb el p\u00fablic martorellenc i ha resolt els dubtes i inquietuds que li han fet arribar. Sense un ordre estricte, ha explicat, i sense \u201ctenir cap metodologia, nom\u00e9s vinc per explicar la meva experi\u00e8ncia en el que al cap dels anys s\u2019ha convertit en la meva professi\u00f3\u201d, ha apuntat. Uns quants alumnes de l\u2019Escola de M\u00fasica de Martorell han pogut compartit escenari amb ell interpretant els temes\u00a0<em>Tic Tac<\/em>\u00a0i\u00a0<em>En tres\u00a0minuts<\/em>.<\/p>\n<p style=\"text-align: center;\"><iframe loading=\"lazy\" title=\"YouTube video player\" src=\"https:\/\/www.youtube.com\/embed\/ZosGNmaRjbU\" width=\"420\" height=\"300\" frameborder=\"0\" allowfullscreen=\"allowfullscreen\"><\/iframe>\u00a0 <iframe loading=\"lazy\" title=\"YouTube video player\" src=\"https:\/\/www.youtube.com\/embed\/LUOdzZPHhqk\" width=\"420\" height=\"300\" frameborder=\"0\" allowfullscreen=\"allowfullscreen\"><span data-mce-type=\"bookmark\" style=\"display: inline-block; width: 0px; overflow: hidden; line-height: 0;\" class=\"mce_SELRES_start\">\ufeff<\/span><span data-mce-type=\"bookmark\" style=\"display: inline-block; width: 0px; overflow: hidden; line-height: 0;\" class=\"mce_SELRES_start\">\ufeff<\/span><span data-mce-type=\"bookmark\" style=\"display: inline-block; width: 0px; overflow: hidden; line-height: 0;\" class=\"mce_SELRES_start\">\ufeff<\/span><span data-mce-type=\"bookmark\" style=\"display: inline-block; width: 0px; overflow: hidden; line-height: 0;\" class=\"mce_SELRES_start\">\ufeff<\/span><span data-mce-type=\"bookmark\" style=\"display: inline-block; width: 0px; overflow: hidden; line-height: 0;\" class=\"mce_SELRES_start\">\ufeff<\/span><span data-mce-type=\"bookmark\" style=\"display: inline-block; width: 0px; overflow: hidden; line-height: 0;\" class=\"mce_SELRES_start\">\ufeff<\/span><\/iframe><\/p>\n<p>Si alg\u00fa de vosaltres es vol animar a tocar sobre alguna d&#8217;aquestes dues can\u00e7ons que vem tenir la sort de poder compartir amb el Manu, aqu\u00ed podeu trobar les <strong>partitures<\/strong> dels arragements fet expressament per a l&#8217;ocasi\u00f3.<\/p>\n<table style=\"border-collapse: collapse; width: 100%;\">\n<tbody>\n<tr>\n<td style=\"width: 50%;\">\n<h3 style=\"text-align: center;\"><a href=\"https:\/\/drive.google.com\/drive\/folders\/185In7eywL4j2jmT4je1Dz3w3QeOT82LL?usp=sharing\">TIC TAC<\/a><\/h3>\n<\/td>\n<td style=\"width: 50%;\">\n<h3 style=\"text-align: center;\"><a href=\"https:\/\/drive.google.com\/drive\/folders\/1wU9BOj8JKFpyF9BYboKtpb7BVkGkwvZH?usp=sharing\">EN 3 MINUTS<\/a><\/h3>\n<\/td>\n<\/tr>\n<\/tbody>\n<\/table>\n<h3 style=\"text-align: center;\"><a href=\"https:\/\/photos.app.goo.gl\/iCMsvSB8jtg6tQ1DA\">\u00c0LBUM DE FOTOS \u00b7 Laboratori Musical amb Manu Guix<\/a><\/h3>\n<h3><\/h3>\n","protected":false},"excerpt":{"rendered":"<p>El m\u00fasic i compositor Manu Guix (Barcelona, 1979) ha fet avui, 22 d&#8217;abril de 2021 a El Progr\u00e9s de Martorell un laboratori musical on ha compartit escenari amb alumnes de l&#8217;Escola de M\u00fasica i ha exposat al p\u00fablic la seva traject\u00f2ria. La seva generositat i&hellip;  <a href=\"https:\/\/agora.xtec.cat\/esc-musicamartorell\/cursos-anteriors\/curs-2020-21\/laboratori-musical-2021-%c2%b7-manu-guix\/\" title=\"Read Laboratori Musical 2021 \u00b7 Manu Guix\">Llegeix m\u00e9s\u00bb<\/a><\/p>\n","protected":false},"author":1,"featured_media":0,"parent":930,"menu_order":3,"comment_status":"closed","ping_status":"closed","template":"page-templates\/side-menu.php","meta":{"_bbp_topic_count":0,"_bbp_reply_count":0,"_bbp_total_topic_count":0,"_bbp_total_reply_count":0,"_bbp_voice_count":0,"_bbp_anonymous_reply_count":0,"_bbp_topic_count_hidden":0,"_bbp_reply_count_hidden":0,"_bbp_forum_subforum_count":0,"footnotes":""},"class_list":["post-988","page","type-page","status-publish","hentry"],"post_mailing_queue_ids":[],"_links":{"self":[{"href":"https:\/\/agora.xtec.cat\/esc-musicamartorell\/wp-json\/wp\/v2\/pages\/988","targetHints":{"allow":["GET"]}}],"collection":[{"href":"https:\/\/agora.xtec.cat\/esc-musicamartorell\/wp-json\/wp\/v2\/pages"}],"about":[{"href":"https:\/\/agora.xtec.cat\/esc-musicamartorell\/wp-json\/wp\/v2\/types\/page"}],"author":[{"embeddable":true,"href":"https:\/\/agora.xtec.cat\/esc-musicamartorell\/wp-json\/wp\/v2\/users\/1"}],"replies":[{"embeddable":true,"href":"https:\/\/agora.xtec.cat\/esc-musicamartorell\/wp-json\/wp\/v2\/comments?post=988"}],"version-history":[{"count":4,"href":"https:\/\/agora.xtec.cat\/esc-musicamartorell\/wp-json\/wp\/v2\/pages\/988\/revisions"}],"predecessor-version":[{"id":1060,"href":"https:\/\/agora.xtec.cat\/esc-musicamartorell\/wp-json\/wp\/v2\/pages\/988\/revisions\/1060"}],"up":[{"embeddable":true,"href":"https:\/\/agora.xtec.cat\/esc-musicamartorell\/wp-json\/wp\/v2\/pages\/930"}],"wp:attachment":[{"href":"https:\/\/agora.xtec.cat\/esc-musicamartorell\/wp-json\/wp\/v2\/media?parent=988"}],"curies":[{"name":"wp","href":"https:\/\/api.w.org\/{rel}","templated":true}]}}