{"id":961,"date":"2022-06-01T00:27:44","date_gmt":"2022-05-31T22:27:44","guid":{"rendered":"https:\/\/agora.xtec.cat\/esc-musicamartorell\/?page_id=961"},"modified":"2022-06-01T00:28:23","modified_gmt":"2022-05-31T22:28:23","slug":"final-de-curs-2019-20","status":"publish","type":"page","link":"https:\/\/agora.xtec.cat\/esc-musicamartorell\/cursos-anteriors\/curs-2019-20\/final-de-curs-2019-20\/","title":{"rendered":"Final de curs 2019-20"},"content":{"rendered":"<p>L\u2019Escola Municipal de M\u00fasica de Martorell (EMM) tanca el curs 2019-20 de forma virtual, amb un v\u00eddeocollage que compta amb 170 participants, entre professorat i alumnat del centre. Tots ells s\u2019han enregistrat interpretant l\u2019<em>Himne de Alegria<\/em> de Beethoven, i personal del centre ha recopilat i sincronitzat tots els v\u00eddeos. El diumenge 21 de juny de 2019 es gaudeix del resultat final <a href=\"https:\/\/www.youtube.com\/channel\/UCJgCv_m0VFnXDUyL88B8-YQ\">al Canal YouTube de l\u2019EMM.\u00a0<\/a>A m\u00e9s, en aquest canal podeu disposar dels v\u00eddeos de les Audicions d&#8217;Instrument d&#8217;aquest final de curs tant singular. Aqu\u00ed teniu alguns exemples a l&#8217;atzar:<\/p>\n<p style=\"text-align: center;\"><iframe loading=\"lazy\" title=\"YouTube video player\" src=\"https:\/\/www.youtube.com\/embed\/9BhmpzreuHo\" width=\"250\" height=\"200\" frameborder=\"0\" allowfullscreen=\"allowfullscreen\"><\/iframe> <iframe loading=\"lazy\" title=\"YouTube video player\" src=\"https:\/\/www.youtube.com\/embed\/Sgm4k7UE8o8\" width=\"250\" height=\"200\" frameborder=\"0\" allowfullscreen=\"allowfullscreen\"><span data-mce-type=\"bookmark\" style=\"display: inline-block; width: 0px; overflow: hidden; line-height: 0;\" class=\"mce_SELRES_start\">\ufeff<\/span><\/iframe> <iframe loading=\"lazy\" title=\"YouTube video player\" src=\"https:\/\/www.youtube.com\/embed\/hKjGbUn-ciI\" width=\"250\" height=\"200\" frameborder=\"0\" allowfullscreen=\"allowfullscreen\"><span data-mce-type=\"bookmark\" style=\"display: inline-block; width: 0px; overflow: hidden; line-height: 0;\" class=\"mce_SELRES_start\">\ufeff<\/span><\/iframe><\/p>\n<p>El v\u00eddeo sincronitza la interpretaci\u00f3 que fan tots els m\u00fasics d\u2019un fragment de la popular pe\u00e7a del compositor alemany, sota la producci\u00f3 t\u00e8cnica i musical dels professors de l\u2019Escola \u00c0lex Badia i Juli\u00e0 Borr\u00e0s. D\u2019aquesta manera ha acomiadat el curs el centre, davant la impossibilitat de celebrar, com \u00e9s habitual, una setmana amb concerts de cadascun dels diferents grups instrumentals i combos. El v\u00eddeo s\u2019ha basat en tres conceptes: el propi <strong>final de curs<\/strong> virtual a causa de la COVID-19; la data del 21 de juny, que \u00e9s el dia de la <strong>Festa de la M\u00fasica<\/strong>, i el fet que \u00e9s l<strong>\u2019any Beethoven<\/strong>, ja que fa 250 anys que va n\u00e9ixer aquest c\u00e8lebre artista.<\/p>\n<p style=\"text-align: center;\"><iframe loading=\"lazy\" title=\"YouTube video player\" src=\"https:\/\/www.youtube.com\/embed\/Ph2XY_MOzM0\" width=\"560\" height=\"315\" frameborder=\"0\" allowfullscreen=\"allowfullscreen\"><\/iframe><\/p>\n","protected":false},"excerpt":{"rendered":"<p>L\u2019Escola Municipal de M\u00fasica de Martorell (EMM) tanca el curs 2019-20 de forma virtual, amb un v\u00eddeocollage que compta amb 170 participants, entre professorat i alumnat del centre. Tots ells s\u2019han enregistrat interpretant l\u2019Himne de Alegria de Beethoven, i personal del centre ha recopilat i&hellip;  <a href=\"https:\/\/agora.xtec.cat\/esc-musicamartorell\/cursos-anteriors\/curs-2019-20\/final-de-curs-2019-20\/\" title=\"Read Final de curs 2019-20\">Llegeix m\u00e9s\u00bb<\/a><\/p>\n","protected":false},"author":1,"featured_media":0,"parent":932,"menu_order":0,"comment_status":"closed","ping_status":"closed","template":"page-templates\/side-menu.php","meta":{"_bbp_topic_count":0,"_bbp_reply_count":0,"_bbp_total_topic_count":0,"_bbp_total_reply_count":0,"_bbp_voice_count":0,"_bbp_anonymous_reply_count":0,"_bbp_topic_count_hidden":0,"_bbp_reply_count_hidden":0,"_bbp_forum_subforum_count":0,"footnotes":""},"class_list":["post-961","page","type-page","status-publish","hentry"],"post_mailing_queue_ids":[],"_links":{"self":[{"href":"https:\/\/agora.xtec.cat\/esc-musicamartorell\/wp-json\/wp\/v2\/pages\/961","targetHints":{"allow":["GET"]}}],"collection":[{"href":"https:\/\/agora.xtec.cat\/esc-musicamartorell\/wp-json\/wp\/v2\/pages"}],"about":[{"href":"https:\/\/agora.xtec.cat\/esc-musicamartorell\/wp-json\/wp\/v2\/types\/page"}],"author":[{"embeddable":true,"href":"https:\/\/agora.xtec.cat\/esc-musicamartorell\/wp-json\/wp\/v2\/users\/1"}],"replies":[{"embeddable":true,"href":"https:\/\/agora.xtec.cat\/esc-musicamartorell\/wp-json\/wp\/v2\/comments?post=961"}],"version-history":[{"count":1,"href":"https:\/\/agora.xtec.cat\/esc-musicamartorell\/wp-json\/wp\/v2\/pages\/961\/revisions"}],"predecessor-version":[{"id":963,"href":"https:\/\/agora.xtec.cat\/esc-musicamartorell\/wp-json\/wp\/v2\/pages\/961\/revisions\/963"}],"up":[{"embeddable":true,"href":"https:\/\/agora.xtec.cat\/esc-musicamartorell\/wp-json\/wp\/v2\/pages\/932"}],"wp:attachment":[{"href":"https:\/\/agora.xtec.cat\/esc-musicamartorell\/wp-json\/wp\/v2\/media?parent=961"}],"curies":[{"name":"wp","href":"https:\/\/api.w.org\/{rel}","templated":true}]}}