{"id":958,"date":"2022-06-01T00:09:00","date_gmt":"2022-05-31T22:09:00","guid":{"rendered":"https:\/\/agora.xtec.cat\/esc-musicamartorell\/?page_id=958"},"modified":"2022-06-01T00:09:00","modified_gmt":"2022-05-31T22:09:00","slug":"jam-sessions-virtuals","status":"publish","type":"page","link":"https:\/\/agora.xtec.cat\/esc-musicamartorell\/cursos-anteriors\/curs-2019-20\/jam-sessions-virtuals\/","title":{"rendered":"Jam Sessions Virtuals"},"content":{"rendered":"<p>Davant la impossibilitat de seguir celebrant les sessions, cada darrer divendres de mes, de les jam sessions a l\u2019Espai Jove, alumnat i Escola\u00a0 decideixen fer-les virtualment. Hem fet una llista de temes musicals i la primera idea \u00e9s que qui hi vulgui participar es gravi i ho etiqueti a l\u2019adre\u00e7a de l\u2019Instagram de l\u2019AMPA perqu\u00e8 aix\u00ed tothom que vulgui ho pugui gaudir. M\u00e9s endavant per\u00f2, se centralitza tot en un grup de whatsapp for\u00e7a nombr\u00f3s. S&#8217;organitza una pissarra virtual amb l&#8217;ordre de les actuacions i es porta terme cada divendres tarda.<\/p>\n<p style=\"text-align: center;\"><iframe loading=\"lazy\" title=\"YouTube video player\" src=\"https:\/\/www.youtube.com\/embed\/PvNDhyYLAYE\" width=\"250\" height=\"200\" frameborder=\"0\" allowfullscreen=\"allowfullscreen\"><span data-mce-type=\"bookmark\" style=\"display: inline-block; width: 0px; overflow: hidden; line-height: 0;\" class=\"mce_SELRES_start\">\ufeff<\/span><\/iframe> <iframe loading=\"lazy\" title=\"YouTube video player\" src=\"https:\/\/www.youtube.com\/embed\/fmiECCtQrXc\" width=\"250\" height=\"200\" frameborder=\"0\" allowfullscreen=\"allowfullscreen\"><span data-mce-type=\"bookmark\" style=\"display: inline-block; width: 0px; overflow: hidden; line-height: 0;\" class=\"mce_SELRES_start\">\ufeff<\/span><\/iframe> <iframe loading=\"lazy\" title=\"YouTube video player\" src=\"https:\/\/www.youtube.com\/embed\/FS1c7KQi2Us\" width=\"250\" height=\"200\" frameborder=\"0\" allowfullscreen=\"allowfullscreen\"><span data-mce-type=\"bookmark\" style=\"display: inline-block; width: 0px; overflow: hidden; line-height: 0;\" class=\"mce_SELRES_start\">\ufeff<\/span><\/iframe><\/p>\n<p>Es va anar donant la situaci\u00f3 de que, en un inici hi hav\u00eda for\u00e7a v\u00eddeos individuals, per\u00f2 mica en mica, s&#8217;anava generant la xarxa tant necess\u00e0ria pels m\u00fasics, que no \u00e9s altra que tocar junts. El resultat s\u00f3n una s\u00e8rie de muntatges de v\u00eddeo que ens ha aportat molta alegr\u00eda les tardes dels divendres. Per canalitzar els v\u00eddeos, la nostra estimada alumna, Lydia Sallent, descansi en pau, va crear el que ser\u00eda el canal propi de les JAM SESSIONS virtuals. Us deixem el v\u00eddeo cloenda d&#8217;aquell curs singular, per\u00f2 igualment podreu trobar tot el material d&#8217;aquelles Jams al <a href=\"https:\/\/www.youtube.com\/channel\/UCRPV8jYFmZ2bCaLODp_JrOA\/about\">Canal de Youtube de les JAM SESSION<\/a><\/p>\n<p style=\"text-align: center;\"><iframe loading=\"lazy\" title=\"YouTube video player\" src=\"https:\/\/www.youtube.com\/embed\/nV4o8b-tC20\" width=\"560\" height=\"315\" frameborder=\"0\" allowfullscreen=\"allowfullscreen\"><\/iframe><\/p>\n<p>&nbsp;<\/p>\n","protected":false},"excerpt":{"rendered":"<p>Davant la impossibilitat de seguir celebrant les sessions, cada darrer divendres de mes, de les jam sessions a l\u2019Espai Jove, alumnat i Escola\u00a0 decideixen fer-les virtualment. Hem fet una llista de temes musicals i la primera idea \u00e9s que qui hi vulgui participar es gravi&hellip;  <a href=\"https:\/\/agora.xtec.cat\/esc-musicamartorell\/cursos-anteriors\/curs-2019-20\/jam-sessions-virtuals\/\" title=\"Read Jam Sessions Virtuals\">Llegeix m\u00e9s\u00bb<\/a><\/p>\n","protected":false},"author":1,"featured_media":0,"parent":932,"menu_order":0,"comment_status":"closed","ping_status":"closed","template":"page-templates\/side-menu.php","meta":{"_bbp_topic_count":0,"_bbp_reply_count":0,"_bbp_total_topic_count":0,"_bbp_total_reply_count":0,"_bbp_voice_count":0,"_bbp_anonymous_reply_count":0,"_bbp_topic_count_hidden":0,"_bbp_reply_count_hidden":0,"_bbp_forum_subforum_count":0,"footnotes":""},"class_list":["post-958","page","type-page","status-publish","hentry"],"post_mailing_queue_ids":[],"_links":{"self":[{"href":"https:\/\/agora.xtec.cat\/esc-musicamartorell\/wp-json\/wp\/v2\/pages\/958","targetHints":{"allow":["GET"]}}],"collection":[{"href":"https:\/\/agora.xtec.cat\/esc-musicamartorell\/wp-json\/wp\/v2\/pages"}],"about":[{"href":"https:\/\/agora.xtec.cat\/esc-musicamartorell\/wp-json\/wp\/v2\/types\/page"}],"author":[{"embeddable":true,"href":"https:\/\/agora.xtec.cat\/esc-musicamartorell\/wp-json\/wp\/v2\/users\/1"}],"replies":[{"embeddable":true,"href":"https:\/\/agora.xtec.cat\/esc-musicamartorell\/wp-json\/wp\/v2\/comments?post=958"}],"version-history":[{"count":1,"href":"https:\/\/agora.xtec.cat\/esc-musicamartorell\/wp-json\/wp\/v2\/pages\/958\/revisions"}],"predecessor-version":[{"id":959,"href":"https:\/\/agora.xtec.cat\/esc-musicamartorell\/wp-json\/wp\/v2\/pages\/958\/revisions\/959"}],"up":[{"embeddable":true,"href":"https:\/\/agora.xtec.cat\/esc-musicamartorell\/wp-json\/wp\/v2\/pages\/932"}],"wp:attachment":[{"href":"https:\/\/agora.xtec.cat\/esc-musicamartorell\/wp-json\/wp\/v2\/media?parent=958"}],"curies":[{"name":"wp","href":"https:\/\/api.w.org\/{rel}","templated":true}]}}