{"id":953,"date":"2022-05-31T23:28:23","date_gmt":"2022-05-31T21:28:23","guid":{"rendered":"https:\/\/agora.xtec.cat\/esc-musicamartorell\/?page_id=953"},"modified":"2022-06-01T12:00:46","modified_gmt":"2022-06-01T10:00:46","slug":"musica-als-balcons","status":"publish","type":"page","link":"https:\/\/agora.xtec.cat\/esc-musicamartorell\/cursos-anteriors\/curs-2019-20\/musica-als-balcons\/","title":{"rendered":"M\u00fasica als Balcons"},"content":{"rendered":"<p>L\u2019Escola Municipal de M\u00fasica (EMM) de Martorell engega una iniciativa per als seus alumnes i fam\u00edlies d\u2019interpretar peces des del confinament. \u2018M\u00fasica als balcons\u2019 proposa tocar, cada divendres entre les 12.00 i les 18.00h, una pe\u00e7a musical proporcionada pel centre. L\u2019Ampa, a m\u00e9s, convida a fer fotos, \u00e0udios i v\u00eddeos de les actuacions per penjar-les a Instagram.<\/p>\n<p>La m\u00fasica des dels balcons \u00e9s una idea estesa de fa anys en festes majors i fires. Es proposa un repertori proper que s\u2019enviar\u00e0 cada setmana als alumnes amb tot el material necessari: Les partitures per a tots els instruments adaptades als cursos, nivells i dificultats, els \u00e0udios i fins i tot, tutorials per a les fam\u00edlies per a fer instruments<\/p>\n<p>Gr\u00e0cies a l\u2019Ampa de l\u2019Escola hem fet una plataforma per compartir fotos, v\u00eddeos o \u00e0udios d\u2019aquestes actuacions, <a href=\"https:\/\/www.instagram.com\/ampa_emmmartorell\/?hl=es\">al compte d\u2019Instagram <span class=\"atwho-query\">@ampa_emmartorell<\/span><\/a>.<\/p>\n<p>Aqu\u00ed teniu algunes actuacions:<\/p>\n<p style=\"text-align: center;\"><iframe loading=\"lazy\" title=\"YouTube video player\" src=\"https:\/\/www.youtube.com\/embed\/ulsa51KrUb4\" width=\"250\" height=\"200\" frameborder=\"0\" allowfullscreen=\"allowfullscreen\"><span data-mce-type=\"bookmark\" style=\"display: inline-block; width: 0px; overflow: hidden; line-height: 0;\" class=\"mce_SELRES_start\">\ufeff<\/span><span data-mce-type=\"bookmark\" style=\"display: inline-block; width: 0px; overflow: hidden; line-height: 0;\" class=\"mce_SELRES_start\">\ufeff<\/span><\/iframe>\u00a0 <iframe loading=\"lazy\" title=\"YouTube video player\" src=\"https:\/\/www.youtube.com\/embed\/2_AH-lLU0Pc\" width=\"250\" height=\"200\" frameborder=\"0\" allowfullscreen=\"allowfullscreen\"><\/iframe>\u00a0 <iframe loading=\"lazy\" title=\"YouTube video player\" src=\"https:\/\/www.youtube.com\/embed\/pjoIivo8-ts\" width=\"250\" height=\"200\" frameborder=\"0\" allowfullscreen=\"allowfullscreen\"><span data-mce-type=\"bookmark\" style=\"display: inline-block; width: 0px; overflow: hidden; line-height: 0;\" class=\"mce_SELRES_start\">\ufeff<\/span><\/iframe><\/p>\n","protected":false},"excerpt":{"rendered":"<p>L\u2019Escola Municipal de M\u00fasica (EMM) de Martorell engega una iniciativa per als seus alumnes i fam\u00edlies d\u2019interpretar peces des del confinament. \u2018M\u00fasica als balcons\u2019 proposa tocar, cada divendres entre les 12.00 i les 18.00h, una pe\u00e7a musical proporcionada pel centre. L\u2019Ampa, a m\u00e9s, convida a&hellip;  <a href=\"https:\/\/agora.xtec.cat\/esc-musicamartorell\/cursos-anteriors\/curs-2019-20\/musica-als-balcons\/\" title=\"Read M\u00fasica als Balcons\">Llegeix m\u00e9s\u00bb<\/a><\/p>\n","protected":false},"author":1,"featured_media":0,"parent":932,"menu_order":0,"comment_status":"closed","ping_status":"closed","template":"page-templates\/side-menu.php","meta":{"_bbp_topic_count":0,"_bbp_reply_count":0,"_bbp_total_topic_count":0,"_bbp_total_reply_count":0,"_bbp_voice_count":0,"_bbp_anonymous_reply_count":0,"_bbp_topic_count_hidden":0,"_bbp_reply_count_hidden":0,"_bbp_forum_subforum_count":0,"footnotes":""},"class_list":["post-953","page","type-page","status-publish","hentry"],"post_mailing_queue_ids":[],"_links":{"self":[{"href":"https:\/\/agora.xtec.cat\/esc-musicamartorell\/wp-json\/wp\/v2\/pages\/953","targetHints":{"allow":["GET"]}}],"collection":[{"href":"https:\/\/agora.xtec.cat\/esc-musicamartorell\/wp-json\/wp\/v2\/pages"}],"about":[{"href":"https:\/\/agora.xtec.cat\/esc-musicamartorell\/wp-json\/wp\/v2\/types\/page"}],"author":[{"embeddable":true,"href":"https:\/\/agora.xtec.cat\/esc-musicamartorell\/wp-json\/wp\/v2\/users\/1"}],"replies":[{"embeddable":true,"href":"https:\/\/agora.xtec.cat\/esc-musicamartorell\/wp-json\/wp\/v2\/comments?post=953"}],"version-history":[{"count":4,"href":"https:\/\/agora.xtec.cat\/esc-musicamartorell\/wp-json\/wp\/v2\/pages\/953\/revisions"}],"predecessor-version":[{"id":975,"href":"https:\/\/agora.xtec.cat\/esc-musicamartorell\/wp-json\/wp\/v2\/pages\/953\/revisions\/975"}],"up":[{"embeddable":true,"href":"https:\/\/agora.xtec.cat\/esc-musicamartorell\/wp-json\/wp\/v2\/pages\/932"}],"wp:attachment":[{"href":"https:\/\/agora.xtec.cat\/esc-musicamartorell\/wp-json\/wp\/v2\/media?parent=953"}],"curies":[{"name":"wp","href":"https:\/\/api.w.org\/{rel}","templated":true}]}}