{"id":926,"date":"2022-05-31T17:51:45","date_gmt":"2022-05-31T15:51:45","guid":{"rendered":"https:\/\/agora.xtec.cat\/esc-musicamartorell\/?page_id=926"},"modified":"2022-06-04T21:15:31","modified_gmt":"2022-06-04T19:15:31","slug":"cursos-anteriors","status":"publish","type":"page","link":"https:\/\/agora.xtec.cat\/esc-musicamartorell\/cursos-anteriors\/","title":{"rendered":"Cursos anteriors"},"content":{"rendered":"\r\n\t<div class=\"slideshow_container slideshow_container_style-light\" style=\"height: 300px; \" data-slideshow-id=\"938\" data-style-name=\"style-light\" data-style-version=\"2.3.1\" >\r\n\r\n\t\t\t\t\t<div class=\"slideshow_loading_icon\"><\/div>\r\n\t\t\r\n\t\t<div class=\"slideshow_content\" style=\"display: none;\">\r\n\r\n\t\t\t<div class=\"slideshow_view\">\r\n\t\t\t\t<div class=\"slideshow_slide slideshow_slide_image\">\r\n\t\t\t\t\t\t\t\t\t\t\t<img src=\"https:\/\/agora.xtec.cat\/esc-musicamartorell\/wp-content\/uploads\/usu2511\/2022\/05\/ComboVeus-scaled.jpg\" alt=\"Combo de Veus\" width=\"2560\" height=\"924\" \/>\r\n\t\t\t\t\t\t\t\t\t\t<div class=\"slideshow_description_box slideshow_transparent\">\r\n\t\t\t\t\t\t<p class=\"slideshow_title\">Combo de Veus<\/p>\t\t\t\t\t\t\t\t\t\t\t<\/div>\r\n\t\t\t\t<\/div>\r\n\r\n\t\t\t\t\t\t<div style=\"clear: both;\"><\/div><\/div><div class=\"slideshow_view\">\r\n\t\t\t\t<div class=\"slideshow_slide slideshow_slide_image\">\r\n\t\t\t\t\t\t\t\t\t\t\t<img src=\"https:\/\/agora.xtec.cat\/esc-musicamartorell\/wp-content\/uploads\/usu2511\/2022\/05\/Bufadors-scaled.jpg\" alt=\"Bufadors\" width=\"2560\" height=\"1006\" \/>\r\n\t\t\t\t\t\t\t\t\t\t<div class=\"slideshow_description_box slideshow_transparent\">\r\n\t\t\t\t\t\t\t\t\t\t\t\t<div class=\"slideshow_description\">Petits Saxofonistes<\/div>\t\t\t\t\t<\/div>\r\n\t\t\t\t<\/div>\r\n\r\n\t\t\t\t\t\t<div style=\"clear: both;\"><\/div><\/div><div class=\"slideshow_view\">\r\n\t\t\t\t<div class=\"slideshow_slide slideshow_slide_image\">\r\n\t\t\t\t\t\t\t\t\t\t\t<img src=\"https:\/\/agora.xtec.cat\/esc-musicamartorell\/wp-content\/uploads\/usu2511\/2022\/05\/BBPas-scaled.jpg\" alt=\"BBPas\" width=\"2560\" height=\"847\" \/>\r\n\t\t\t\t\t\t\t\t\t\t<div class=\"slideshow_description_box slideshow_transparent\">\r\n\t\t\t\t\t\t\t\t\t\t\t\t<div class=\"slideshow_description\">Big Band al PAS<\/div>\t\t\t\t\t<\/div>\r\n\t\t\t\t<\/div>\r\n\r\n\t\t\t\t\t\t<div style=\"clear: both;\"><\/div><\/div><div class=\"slideshow_view\">\r\n\t\t\t\t<div class=\"slideshow_slide slideshow_slide_image\">\r\n\t\t\t\t\t\t\t\t\t\t\t<img src=\"https:\/\/agora.xtec.cat\/esc-musicamartorell\/wp-content\/uploads\/usu2511\/2022\/05\/Jam-1-scaled.jpg\" alt=\"Jam 1\" width=\"2560\" height=\"820\" \/>\r\n\t\t\t\t\t\t\t\t\t\t<div class=\"slideshow_description_box slideshow_transparent\">\r\n\t\t\t\t\t\t\t\t\t\t\t\t<div class=\"slideshow_description\">Jam Session a l&#039;Ateneu<\/div>\t\t\t\t\t<\/div>\r\n\t\t\t\t<\/div>\r\n\r\n\t\t\t\t\t\t<div style=\"clear: both;\"><\/div><\/div><div class=\"slideshow_view\">\r\n\t\t\t\t<div class=\"slideshow_slide slideshow_slide_image\">\r\n\t\t\t\t\t\t\t\t\t\t\t<img src=\"https:\/\/agora.xtec.cat\/esc-musicamartorell\/wp-content\/uploads\/usu2511\/2022\/05\/Cantata21-scaled.jpg\" alt=\"Cantata21\" width=\"2560\" height=\"641\" \/>\r\n\t\t\t\t\t\t\t\t\t\t<div class=\"slideshow_description_box slideshow_transparent\">\r\n\t\t\t\t\t\t\t\t\t\t\t\t<div class=\"slideshow_description\">Cantata al Progr\u00e9s<\/div>\t\t\t\t\t<\/div>\r\n\t\t\t\t<\/div>\r\n\r\n\t\t\t\t\t\t<div style=\"clear: both;\"><\/div><\/div><div class=\"slideshow_view\">\r\n\t\t\t\t<div class=\"slideshow_slide slideshow_slide_image\">\r\n\t\t\t\t\t\t\t\t\t\t\t<img src=\"https:\/\/agora.xtec.cat\/esc-musicamartorell\/wp-content\/uploads\/usu2511\/2022\/05\/OrquestaGuitarra21-scaled.jpg\" alt=\"OrquestaGuitarra21\" width=\"2560\" height=\"742\" \/>\r\n\t\t\t\t\t\t\t\t\t\t<div class=\"slideshow_description_box slideshow_transparent\">\r\n\t\t\t\t\t\t\t\t\t\t\t\t<div class=\"slideshow_description\">Orquestra Guitarra<\/div>\t\t\t\t\t<\/div>\r\n\t\t\t\t<\/div>\r\n\r\n\t\t\t\t\t\t<div style=\"clear: both;\"><\/div><\/div><div class=\"slideshow_view\">\r\n\t\t\t\t<div class=\"slideshow_slide slideshow_slide_image\">\r\n\t\t\t\t\t\t\t\t\t\t\t<img src=\"https:\/\/agora.xtec.cat\/esc-musicamartorell\/wp-content\/uploads\/usu2511\/2022\/05\/OrquestraCorda21-scaled.jpg\" alt=\"OrquestraCorda21\" width=\"2560\" height=\"711\" \/>\r\n\t\t\t\t\t\t\t\t\t\t<div class=\"slideshow_description_box slideshow_transparent\">\r\n\t\t\t\t\t\t\t\t\t\t\t\t<div class=\"slideshow_description\">Orquestra de Corda<\/div>\t\t\t\t\t<\/div>\r\n\t\t\t\t<\/div>\r\n\r\n\t\t\t\t\t\t<div style=\"clear: both;\"><\/div><\/div><div class=\"slideshow_view\">\r\n\t\t\t\t<div class=\"slideshow_slide slideshow_slide_image\">\r\n\t\t\t\t\t\t\t\t\t\t\t<img src=\"https:\/\/agora.xtec.cat\/esc-musicamartorell\/wp-content\/uploads\/usu2511\/2022\/05\/Metallo\u0300fons-scaled.jpg\" alt=\"Metal\u00b7lo\u0300fons\" width=\"2560\" height=\"763\" \/>\r\n\t\t\t\t\t\t\t\t\t\t<div class=\"slideshow_description_box slideshow_transparent\">\r\n\t\t\t\t\t\t\t\t\t\t\t\t<div class=\"slideshow_description\">Metal\u00b7lo\u0300fons<\/div>\t\t\t\t\t<\/div>\r\n\t\t\t\t<\/div>\r\n\r\n\t\t\t\t\t\t<div style=\"clear: both;\"><\/div><\/div>\r\n\t\t<\/div>\r\n\r\n\t\t<div class=\"slideshow_controlPanel slideshow_transparent\" style=\"display: none;\"><ul><li class=\"slideshow_togglePlay\" data-play-text=\"Visualitza\" data-pause-text=\"Pausa\"><\/li><\/ul><\/div>\r\n\r\n\t\t<div class=\"slideshow_button slideshow_previous slideshow_transparent\" role=\"button\" data-previous-text=\"Anterior\" style=\"display: none;\"><\/div>\r\n\t\t<div class=\"slideshow_button slideshow_next slideshow_transparent\" role=\"button\" data-next-text=\"Seg\u00fcent\" style=\"display: none;\"><\/div>\r\n\r\n\t\t<div class=\"slideshow_pagination\" style=\"display: none;\" data-go-to-text=\"V\u00e9s a la diapositiva\"><div class=\"slideshow_pagination_center\"><\/div><\/div>\r\n\r\n\t\t<!-- WordPress Slideshow Version 2.3.1 -->\r\n\r\n\t\t\t<\/div>\r\n\r\n\n<p>Aqu\u00ed podreu trobar les activitats que hem realitzat durant els cursos anteriors. A mode d&#8217;hemeroteca podreu trobar tamb\u00e9 fotos, v\u00eddeos i enlla\u00e7os d&#8217;activitats per revisar activitats passades i tornar-les a gaudir. Revisar el pas del temps no nom\u00e9s es nost\u00e0lgia, tamb\u00e9 es millora. Per aix\u00f2 es important poder veure i escoltar la bona evoluci\u00f3 dels nostres estudiants. Si disposeu d&#8217;alg\u00fan document que us sembli rellevant i voleu que el pengem a la nostra hemeroteca nom\u00e9s cal que ens ho digueu.<\/p>\n<h1><a href=\"https:\/\/agora.xtec.cat\/esc-musicamartorell\/cursos-anteriors\/curs-2020-21\/\">2020-2021<\/a><\/h1>\n<h1><a href=\"https:\/\/agora.xtec.cat\/esc-musicamartorell\/cursos-anteriors\/curs-2019-20\/\">2019-2020<\/a><\/h1>\n<h1><a href=\"https:\/\/agora.xtec.cat\/esc-musicamartorell\/cursos-anteriors\/curs-2018-19\/\">2018-2019<\/a><\/h1>\n<p>&nbsp;<\/p>\n","protected":false},"excerpt":{"rendered":"<p>\t\t\t\t\t\tCombo de Veus\t\t\t\t\t\t\t\t\t\t\t<\/p>\n<p>\t\t\t\t\t\t\t\t\t\t\t\tPetits Saxofonistes\t\t\t\t\t<\/p>\n<p>\t\t\t\t\t\t\t\t\t\t\t\tBig Band al PAS\t\t\t\t\t<\/p>\n<p>\t\t\t\t\t\t\t\t\t\t\t\tJam Session a l&#039;Ateneu\t\t\t\t\t<\/p>\n<p>\t\t\t\t\t\t\t\t\t\t\t\tCantata al Progr\u00e9s\t\t\t\t\t<\/p>\n<p>\t\t\t\t\t\t\t\t\t\t\t\tOrquestra Guitarra\t\t\t\t\t<\/p>\n<p>\t\t\t\t\t\t\t\t\t\t\t\tOrquestra de Corda\t\t\t\t\t<\/p>\n<p>\t\t\t\t\t\t\t\t\t\t\t\tMetal\u00b7lo\u0300fons\t\t\t\t\t<\/p>\n<ul>\n<li class=\"slideshow_togglePlay\" data-play-text=\"Visualitza\" data-pause-text=\"Pausa\"><\/li>\n<\/ul>\n<p>Aqu\u00ed podreu trobar les activitats que hem realitzat durant els cursos anteriors. A mode d&#8217;hemeroteca podreu trobar tamb\u00e9 fotos, v\u00eddeos i enlla\u00e7os d&#8217;activitats per revisar activitats passades i&hellip;  <a href=\"https:\/\/agora.xtec.cat\/esc-musicamartorell\/cursos-anteriors\/\" title=\"Read Cursos anteriors\">Llegeix m\u00e9s\u00bb<\/a><\/p>\n","protected":false},"author":1,"featured_media":0,"parent":0,"menu_order":0,"comment_status":"closed","ping_status":"closed","template":"page-templates\/side-menu.php","meta":{"_bbp_topic_count":0,"_bbp_reply_count":0,"_bbp_total_topic_count":0,"_bbp_total_reply_count":0,"_bbp_voice_count":0,"_bbp_anonymous_reply_count":0,"_bbp_topic_count_hidden":0,"_bbp_reply_count_hidden":0,"_bbp_forum_subforum_count":0,"footnotes":""},"class_list":["post-926","page","type-page","status-publish","hentry"],"post_mailing_queue_ids":[],"_links":{"self":[{"href":"https:\/\/agora.xtec.cat\/esc-musicamartorell\/wp-json\/wp\/v2\/pages\/926","targetHints":{"allow":["GET"]}}],"collection":[{"href":"https:\/\/agora.xtec.cat\/esc-musicamartorell\/wp-json\/wp\/v2\/pages"}],"about":[{"href":"https:\/\/agora.xtec.cat\/esc-musicamartorell\/wp-json\/wp\/v2\/types\/page"}],"author":[{"embeddable":true,"href":"https:\/\/agora.xtec.cat\/esc-musicamartorell\/wp-json\/wp\/v2\/users\/1"}],"replies":[{"embeddable":true,"href":"https:\/\/agora.xtec.cat\/esc-musicamartorell\/wp-json\/wp\/v2\/comments?post=926"}],"version-history":[{"count":4,"href":"https:\/\/agora.xtec.cat\/esc-musicamartorell\/wp-json\/wp\/v2\/pages\/926\/revisions"}],"predecessor-version":[{"id":984,"href":"https:\/\/agora.xtec.cat\/esc-musicamartorell\/wp-json\/wp\/v2\/pages\/926\/revisions\/984"}],"wp:attachment":[{"href":"https:\/\/agora.xtec.cat\/esc-musicamartorell\/wp-json\/wp\/v2\/media?parent=926"}],"curies":[{"name":"wp","href":"https:\/\/api.w.org\/{rel}","templated":true}]}}