{"id":798,"date":"2022-04-28T11:58:38","date_gmt":"2022-04-28T09:58:38","guid":{"rendered":"https:\/\/agora.xtec.cat\/esc-musicamartorell\/?page_id=798"},"modified":"2022-07-05T13:02:36","modified_gmt":"2022-07-05T11:02:36","slug":"programa-lliure","status":"publish","type":"page","link":"https:\/\/agora.xtec.cat\/esc-musicamartorell\/ofertaformativa\/programa-lliure\/","title":{"rendered":"Programa Lliure"},"content":{"rendered":"<p>Destinat a aquells alumnes que volen fer alguna de les classes col\u00b7lectives te\u00f2riques, que volen formar part d\u2019alguna de les formacions instrumentals o corals de l\u2019escola.<\/p>\n<h5><strong>Col\u00b7lectives te\u00f2riques:<\/strong><\/h5>\n<p>1 hora setmanal<\/p>\n<ul>\n<li><a href=\"https:\/\/agora.xtec.cat\/esc-musicamartorell\/ofertaformativa\/musica-per-adults\/\">Llenguatge musical<\/a><\/li>\n<li><a href=\"https:\/\/agora.xtec.cat\/esc-musicamartorell\/ofertaformativa\/aprofundiment\/aprofundiment-%c2%b7-creacio-de-canco\/\">Creaci\u00f3 de Can\u00e7\u00f3<\/a><\/li>\n<li><a href=\"https:\/\/agora.xtec.cat\/esc-musicamartorell\/ofertaformativa\/aprofundiment\/aprofundiment-%c2%b7-produccio-musical\/\">Producci\u00f3 musical<\/a><\/li>\n<\/ul>\n<h5><strong>Formacions instrumentals:<\/strong><\/h5>\n<p>1 hora setmanal. Subjecte a disponibilitat de places, un cop formats els grups amb els alumnes de l\u2019escola que estan dins d\u2019algun programa.<\/p>\n<ul>\n<li>Orquestra<\/li>\n<li>Banda<\/li>\n<li>Big Band<\/li>\n<li>Combo<\/li>\n<li>Cor Adult (45 minuts setmanals)<\/li>\n<\/ul>\n<h5><strong>Preu<\/strong>:<\/h5>\n<p>Matr\u00edcula anual: 50\u20ac. Quota mensual: 20\u20ac<\/p>\n","protected":false},"excerpt":{"rendered":"<p>Destinat a aquells alumnes que volen fer alguna de les classes col\u00b7lectives te\u00f2riques, que volen formar part d\u2019alguna de les formacions instrumentals o corals de l\u2019escola.<br \/>\nCol\u00b7lectives te\u00f2riques:<br \/>\n1 hora setmanal<\/p>\n<ul>\n<li><a href=\"https:\/\/agora.xtec.cat\/esc-musicamartorell\/ofertaformativa\/musica-per-adults\/\">Llenguatge musical<\/a><\/li>\n<li><a href=\"https:\/\/agora.xtec.cat\/esc-musicamartorell\/ofertaformativa\/aprofundiment\/aprofundiment-%c2%b7-creacio-de-canco\/\">Creaci\u00f3 de Can\u00e7\u00f3<\/a><\/li>\n<li><a href=\"https:\/\/agora.xtec.cat\/esc-musicamartorell\/ofertaformativa\/aprofundiment\/aprofundiment-%c2%b7-produccio-musical\/\">Producci\u00f3 musical<\/a><\/li>\n<\/ul>\n<p>Formacions instrumentals:<br \/>\n1 hora setmanal. Subjecte a disponibilitat de places, un&hellip;  <a href=\"https:\/\/agora.xtec.cat\/esc-musicamartorell\/ofertaformativa\/programa-lliure\/\" title=\"Read Programa Lliure\">Llegeix m\u00e9s\u00bb<\/a><\/p>\n","protected":false},"author":1,"featured_media":0,"parent":57,"menu_order":9,"comment_status":"closed","ping_status":"closed","template":"page-templates\/side-menu.php","meta":{"_bbp_topic_count":0,"_bbp_reply_count":0,"_bbp_total_topic_count":0,"_bbp_total_reply_count":0,"_bbp_voice_count":0,"_bbp_anonymous_reply_count":0,"_bbp_topic_count_hidden":0,"_bbp_reply_count_hidden":0,"_bbp_forum_subforum_count":0,"footnotes":""},"class_list":["post-798","page","type-page","status-publish","hentry"],"post_mailing_queue_ids":[],"_links":{"self":[{"href":"https:\/\/agora.xtec.cat\/esc-musicamartorell\/wp-json\/wp\/v2\/pages\/798","targetHints":{"allow":["GET"]}}],"collection":[{"href":"https:\/\/agora.xtec.cat\/esc-musicamartorell\/wp-json\/wp\/v2\/pages"}],"about":[{"href":"https:\/\/agora.xtec.cat\/esc-musicamartorell\/wp-json\/wp\/v2\/types\/page"}],"author":[{"embeddable":true,"href":"https:\/\/agora.xtec.cat\/esc-musicamartorell\/wp-json\/wp\/v2\/users\/1"}],"replies":[{"embeddable":true,"href":"https:\/\/agora.xtec.cat\/esc-musicamartorell\/wp-json\/wp\/v2\/comments?post=798"}],"version-history":[{"count":3,"href":"https:\/\/agora.xtec.cat\/esc-musicamartorell\/wp-json\/wp\/v2\/pages\/798\/revisions"}],"predecessor-version":[{"id":1117,"href":"https:\/\/agora.xtec.cat\/esc-musicamartorell\/wp-json\/wp\/v2\/pages\/798\/revisions\/1117"}],"up":[{"embeddable":true,"href":"https:\/\/agora.xtec.cat\/esc-musicamartorell\/wp-json\/wp\/v2\/pages\/57"}],"wp:attachment":[{"href":"https:\/\/agora.xtec.cat\/esc-musicamartorell\/wp-json\/wp\/v2\/media?parent=798"}],"curies":[{"name":"wp","href":"https:\/\/api.w.org\/{rel}","templated":true}]}}